{"id":8836,"date":"2025-04-02T17:36:16","date_gmt":"2025-04-02T16:36:16","guid":{"rendered":"https:\/\/familycancat.com\/?post_type=product&#038;p=8836"},"modified":"2026-03-06T19:02:36","modified_gmt":"2026-03-06T18:02:36","slug":"applaws-cat-lata-pechuga-de-pollo-156-gr","status":"publish","type":"product","link":"https:\/\/familycancat.com\/en\/product\/applaws-cat-lata-pechuga-de-pollo-156-gr\/","title":{"rendered":"Applaws Cat Lata Pechuga de Pollo  156 Gr"},"content":{"rendered":"<p>Descripci\u00f3n<br \/>\nComida h\u00fameda con pechuga de pollo para gatos Applaws.<br \/>\nLa comida h\u00fameda con pechuga de pollo para gatos Applaws le har\u00e1 la boca agua a tu mascota. Al estar preparada con un 75% de pechuga de pollos criados en granjas y alimentados con una dieta a base de granos sin hormonas a\u00f1adidas, no solo es deliciosa sino tambi\u00e9n segura para tu minino. De hecho, esta comida h\u00fameda completa para gatos no contiene aditivos artificiales, vitaminas extras ni gluten.<\/p>\n<p>Ideal para gatos adultos mimados, convalecientes o con poco apetito, la comida h\u00fameda con pechuga de pollo para gatos Applaws tiene una gran cantidad de prote\u00ednas y carbohidratos de calidad que aportan un extra de energ\u00eda y fortalecen los m\u00fasculos. Al tratarse de una comida h\u00fameda, brinda un elevado contenido en agua que mantiene a tu mascota bien hidratada y cuida su funci\u00f3n renal. Y gracias a su suave textura, \u00a1es muy f\u00e1cil de masticar!<\/p>\n<p>Caracter\u00edsticas:<\/p>\n<p>Comida h\u00fameda ideal para gatos con poco apetito o convalecientes.<br \/>\nContiene un 75% de carne de pollos criados de manera ecol\u00f3gica.<br \/>\nNo contiene aditivos naturales, vitaminas a\u00f1adidas ni gluten.<br \/>\nAporta gran cantidad de prote\u00ednas y carbohidratos de calidad.<br \/>\nRica en agua para mantener bien hidratada a tu mascota.<\/p>\n<p>Detalles del producto:<\/p>\n<p>Regula las cantidades que consume tu mascota teniendo en cuenta su edad, estado f\u00edsico y nivel de actividad. Mant\u00e9n siempre agua fresca al alcance de tu mascota.<\/p>\n<p>Ingredientes:<\/p>\n<p>Pechuga de pollo (75%), arroz (1%), agua de cocci\u00f3n (24%).<\/p>","protected":false},"excerpt":{"rendered":"<p>Descripci\u00f3n Comida h\u00fameda con pechuga de pollo para gatos Applaws. La comida h\u00fameda con pechuga de pollo para gatos Applaws le har\u00e1 la boca agua&#8230;<\/p>","protected":false},"featured_media":8837,"template":"","meta":[],"etheme_brands":[{"term_id":104,"name":"APPLAWS","slug":"applaws","term_group":0,"term_taxonomy_id":104,"taxonomy":"brand","description":"","parent":0,"count":67,"filter":"raw"}],"product_cat":[96,25,83],"product_tag":[],"class_list":{"0":"post-8836","1":"product","2":"type-product","3":"status-publish","4":"has-post-thumbnail","6":"brand-applaws","7":"product_cat-todos-los-productos","8":"product_cat-gatos","9":"product_cat-comida-humeda-para-gatos","11":"first","12":"instock","13":"taxable","14":"shipping-taxable","15":"purchasable","16":"product-type-simple"},"jetpack_sharing_enabled":true,"_links":{"self":[{"href":"https:\/\/familycancat.com\/en\/wp-json\/wp\/v2\/product\/8836","targetHints":{"allow":["GET"]}}],"collection":[{"href":"https:\/\/familycancat.com\/en\/wp-json\/wp\/v2\/product"}],"about":[{"href":"https:\/\/familycancat.com\/en\/wp-json\/wp\/v2\/types\/product"}],"version-history":[{"count":1,"href":"https:\/\/familycancat.com\/en\/wp-json\/wp\/v2\/product\/8836\/revisions"}],"predecessor-version":[{"id":8838,"href":"https:\/\/familycancat.com\/en\/wp-json\/wp\/v2\/product\/8836\/revisions\/8838"}],"wp:featuredmedia":[{"embeddable":true,"href":"https:\/\/familycancat.com\/en\/wp-json\/wp\/v2\/media\/8837"}],"wp:attachment":[{"href":"https:\/\/familycancat.com\/en\/wp-json\/wp\/v2\/media?parent=8836"}],"wp:term":[{"taxonomy":"brand","embeddable":true,"href":"https:\/\/familycancat.com\/en\/wp-json\/wp\/v2\/etheme_brands?post=8836"},{"taxonomy":"product_cat","embeddable":true,"href":"https:\/\/familycancat.com\/en\/wp-json\/wp\/v2\/product_cat?post=8836"},{"taxonomy":"product_tag","embeddable":true,"href":"https:\/\/familycancat.com\/en\/wp-json\/wp\/v2\/product_tag?post=8836"}],"curies":[{"name":"wp","href":"https:\/\/api.w.org\/{rel}","templated":true}]}}