{"id":8831,"date":"2025-04-02T17:13:06","date_gmt":"2025-04-02T16:13:06","guid":{"rendered":"https:\/\/familycancat.com\/?post_type=product&#038;p=8831"},"modified":"2026-03-26T17:25:18","modified_gmt":"2026-03-26T16:25:18","slug":"applaws-cat-lata-de-filete-de-atun-156-gr","status":"publish","type":"product","link":"https:\/\/familycancat.com\/en\/product\/applaws-cat-lata-de-filete-de-atun-156-gr\/","title":{"rendered":"Applaws Cat Lata de Filete de At\u00fan 156 Gr"},"content":{"rendered":"","protected":false},"excerpt":{"rendered":"<p>La comida h\u00fameda para gatos de\u00a0<strong>Applaws Filete de At\u00fan<\/strong>\u00a0est\u00e1 elaborada con ingredientes de primera calidad totalmente naturales, un alimento muy sabroso que tu felino amigo no podr\u00e1 resistir. Es ideal para gatos que no logran aumentar de peso, pero tambi\u00e9n resulta recomendable en casos de animales convalecientes con poco apetito.<\/p>","protected":false},"featured_media":7361,"template":"","meta":[],"etheme_brands":[{"term_id":104,"name":"APPLAWS","slug":"applaws","term_group":0,"term_taxonomy_id":104,"taxonomy":"brand","description":"","parent":0,"count":67,"filter":"raw"}],"product_cat":[96,25,83],"product_tag":[],"class_list":{"0":"post-8831","1":"product","2":"type-product","3":"status-publish","4":"has-post-thumbnail","6":"brand-applaws","7":"product_cat-todos-los-productos","8":"product_cat-gatos","9":"product_cat-comida-humeda-para-gatos","11":"first","12":"instock","13":"taxable","14":"shipping-taxable","15":"purchasable","16":"product-type-simple"},"jetpack_sharing_enabled":true,"_links":{"self":[{"href":"https:\/\/familycancat.com\/en\/wp-json\/wp\/v2\/product\/8831","targetHints":{"allow":["GET"]}}],"collection":[{"href":"https:\/\/familycancat.com\/en\/wp-json\/wp\/v2\/product"}],"about":[{"href":"https:\/\/familycancat.com\/en\/wp-json\/wp\/v2\/types\/product"}],"version-history":[{"count":1,"href":"https:\/\/familycancat.com\/en\/wp-json\/wp\/v2\/product\/8831\/revisions"}],"predecessor-version":[{"id":8832,"href":"https:\/\/familycancat.com\/en\/wp-json\/wp\/v2\/product\/8831\/revisions\/8832"}],"wp:featuredmedia":[{"embeddable":true,"href":"https:\/\/familycancat.com\/en\/wp-json\/wp\/v2\/media\/7361"}],"wp:attachment":[{"href":"https:\/\/familycancat.com\/en\/wp-json\/wp\/v2\/media?parent=8831"}],"wp:term":[{"taxonomy":"brand","embeddable":true,"href":"https:\/\/familycancat.com\/en\/wp-json\/wp\/v2\/etheme_brands?post=8831"},{"taxonomy":"product_cat","embeddable":true,"href":"https:\/\/familycancat.com\/en\/wp-json\/wp\/v2\/product_cat?post=8831"},{"taxonomy":"product_tag","embeddable":true,"href":"https:\/\/familycancat.com\/en\/wp-json\/wp\/v2\/product_tag?post=8831"}],"curies":[{"name":"wp","href":"https:\/\/api.w.org\/{rel}","templated":true}]}}