{"id":8773,"date":"2025-03-28T13:24:58","date_gmt":"2025-03-28T12:24:58","guid":{"rendered":"https:\/\/familycancat.com\/?post_type=product&#038;p=8773"},"modified":"2026-04-04T12:13:19","modified_gmt":"2026-04-04T11:13:19","slug":"woolf-chunkies-conejo-100gr","status":"publish","type":"product","link":"https:\/\/familycancat.com\/en\/product\/woolf-chunkies-conejo-100gr\/","title":{"rendered":"Woolf Chunkies Conejo 100gr"},"content":{"rendered":"<div class=\"product-page-details__content is-short\">Woolf Bocaditos de Conejo. Elaborado con conejo no contiene conservantes, colorantes ni aditivos. Un snack cuyos ingredientes son seleccionados minuciosamente para aportar la m\u00e1xima calidad al producto.<\/div>\n<div class=\"product-page-details__content is-long\">\n<ul>\n<li>Conejo (91%), prote\u00edna de guisante (4%), glicerina (3%)Woolf dados de conejo es un snack natural en forma de dados especial para perros y gatos.<\/li>\n<li>Elaborado con conejo no contiene conservantes, colorantes ni aditivos. Un snack cuyos ingredientes son seleccionados minuciosamente para aportar la m\u00e1xima calidad al producto.<\/li>\n<li>El snack de conejo que aporta prote\u00ednas de gran calidad a tu mascota. Adem\u00e1s de m\u00faltiples vitaminas, minerales, f\u00f3sforo y hierro.<br \/>\nEl conejo es una carne blanca baja en grasas y rica en prote\u00ednas que promueve la salud de tu mascota y evita el sobrepeso y la obesidad.<\/li>\n<li>Sus forma de dado te permite tener oculto el snack y as\u00ed poder ofrecerlo cuando tu mascota cumpla tu orden. Perfecto para utilizar en el adiestramiento. Tambi\u00e9n puedes ofrecer el snack dados de conejo como aperitivo entre horas.<\/li>\n<li>Una opci\u00f3n sana y natural, gracias a \u00a0los ingredientes frescos de primera calidad con los que son elaborados aporta un irresistible sabor. Woolf Snacks satisface los apetitos m\u00e1s caprichosos como el de los gatos que suelen ser m\u00e1s reticentes a los nuevos sabores.<\/li>\n<li>Woolf envasa todos sus productos una vez son cocinados junto con absorbente de ox\u00edgeno para garantizar que se mantengan todas las propiedades del producto y conservarlo fresco hasta llegar a tu mascota.<\/li>\n<li>Sus envases son con zip que permiten volver a cerrar la bolsa herm\u00e9ticamente. Una vez abierto y conservarlo un m\u00e1ximo de 7 d\u00edas en el frigor\u00edfico. Contenido: 100gr<\/li>\n<\/ul>\n<\/div>","protected":false},"excerpt":{"rendered":"<p><strong>Snack natural Woolf dados de pollo\u00a0<\/strong><strong>para perros de cualquier edad o tama\u00f1o.<\/strong><\/p>","protected":false},"featured_media":8774,"template":"","meta":[],"etheme_brands":[{"term_id":109,"name":"WOOLF","slug":"woolf","term_group":0,"term_taxonomy_id":109,"taxonomy":"brand","description":"","parent":0,"count":26,"filter":"raw"}],"product_cat":[96,20,90],"product_tag":[],"class_list":{"0":"post-8773","1":"product","2":"type-product","3":"status-publish","4":"has-post-thumbnail","6":"brand-woolf","7":"product_cat-todos-los-productos","8":"product_cat-perros","9":"product_cat-snacks","11":"first","12":"instock","13":"taxable","14":"shipping-taxable","15":"purchasable","16":"product-type-simple"},"jetpack_sharing_enabled":true,"_links":{"self":[{"href":"https:\/\/familycancat.com\/en\/wp-json\/wp\/v2\/product\/8773","targetHints":{"allow":["GET"]}}],"collection":[{"href":"https:\/\/familycancat.com\/en\/wp-json\/wp\/v2\/product"}],"about":[{"href":"https:\/\/familycancat.com\/en\/wp-json\/wp\/v2\/types\/product"}],"version-history":[{"count":1,"href":"https:\/\/familycancat.com\/en\/wp-json\/wp\/v2\/product\/8773\/revisions"}],"predecessor-version":[{"id":8775,"href":"https:\/\/familycancat.com\/en\/wp-json\/wp\/v2\/product\/8773\/revisions\/8775"}],"wp:featuredmedia":[{"embeddable":true,"href":"https:\/\/familycancat.com\/en\/wp-json\/wp\/v2\/media\/8774"}],"wp:attachment":[{"href":"https:\/\/familycancat.com\/en\/wp-json\/wp\/v2\/media?parent=8773"}],"wp:term":[{"taxonomy":"brand","embeddable":true,"href":"https:\/\/familycancat.com\/en\/wp-json\/wp\/v2\/etheme_brands?post=8773"},{"taxonomy":"product_cat","embeddable":true,"href":"https:\/\/familycancat.com\/en\/wp-json\/wp\/v2\/product_cat?post=8773"},{"taxonomy":"product_tag","embeddable":true,"href":"https:\/\/familycancat.com\/en\/wp-json\/wp\/v2\/product_tag?post=8773"}],"curies":[{"name":"wp","href":"https:\/\/api.w.org\/{rel}","templated":true}]}}