{"id":8633,"date":"2025-03-27T13:55:33","date_gmt":"2025-03-27T12:55:33","guid":{"rendered":"https:\/\/familycancat.com\/?post_type=product&#038;p=8633"},"modified":"2025-10-27T19:59:48","modified_gmt":"2025-10-27T18:59:48","slug":"wraps-blanditos-para-gatos-de-pollo-y-salmon-bubimex","status":"publish","type":"product","link":"https:\/\/familycancat.com\/en\/product\/wraps-blanditos-para-gatos-de-pollo-y-salmon-bubimex\/","title":{"rendered":"Wraps Blanditos para Gatos de Pollo y Salm\u00f3n Bubimex"},"content":{"rendered":"<p><strong>Bubimex Snack Wraps Blanditos para Gatos de Pollo y Salm\u00f3n<\/strong><\/p>\n<p>BUBIMEX GOURMET WRAPS CATS son unos snacks que ofrecen una buena recompensa para tu mascota. Est\u00e1n elaborados con m\u00e1s de un 93% de carne y pescado de alta calidad y no contienen elementos artificiales adicionales. Adem\u00e1s, es rico en prote\u00ednas y de f\u00e1cil digesti\u00f3n.<\/p>\n<p>Composici\u00f3n: Filete de pollo 73,5%, salm\u00f3n 15%, at\u00fan 5%, f\u00e9cula de patata, extracto de flet\u00e1n, subproductos de origen vegetal, sustancias minerales.<\/p>","protected":false},"excerpt":{"rendered":"<p>Bubimex Snack Wraps Blanditos para Gatos de Pollo y Salm\u00f3n BUBIMEX GOURMET WRAPS CATS son unos snacks que ofrecen una buena recompensa para tu mascota&#8230;.<\/p>","protected":false},"featured_media":8634,"template":"","meta":[],"etheme_brands":[{"term_id":105,"name":"BUBIMEX","slug":"bubimex","term_group":0,"term_taxonomy_id":105,"taxonomy":"brand","description":"","parent":0,"count":52,"filter":"raw"}],"product_cat":[25,34],"product_tag":[],"class_list":{"0":"post-8633","1":"product","2":"type-product","3":"status-publish","4":"has-post-thumbnail","6":"brand-bubimex","7":"product_cat-gatos","8":"product_cat-snacks-gatos","10":"first","11":"instock","12":"taxable","13":"shipping-taxable","14":"purchasable","15":"product-type-simple"},"jetpack_sharing_enabled":true,"_links":{"self":[{"href":"https:\/\/familycancat.com\/en\/wp-json\/wp\/v2\/product\/8633","targetHints":{"allow":["GET"]}}],"collection":[{"href":"https:\/\/familycancat.com\/en\/wp-json\/wp\/v2\/product"}],"about":[{"href":"https:\/\/familycancat.com\/en\/wp-json\/wp\/v2\/types\/product"}],"version-history":[{"count":2,"href":"https:\/\/familycancat.com\/en\/wp-json\/wp\/v2\/product\/8633\/revisions"}],"predecessor-version":[{"id":8636,"href":"https:\/\/familycancat.com\/en\/wp-json\/wp\/v2\/product\/8633\/revisions\/8636"}],"wp:featuredmedia":[{"embeddable":true,"href":"https:\/\/familycancat.com\/en\/wp-json\/wp\/v2\/media\/8634"}],"wp:attachment":[{"href":"https:\/\/familycancat.com\/en\/wp-json\/wp\/v2\/media?parent=8633"}],"wp:term":[{"taxonomy":"brand","embeddable":true,"href":"https:\/\/familycancat.com\/en\/wp-json\/wp\/v2\/etheme_brands?post=8633"},{"taxonomy":"product_cat","embeddable":true,"href":"https:\/\/familycancat.com\/en\/wp-json\/wp\/v2\/product_cat?post=8633"},{"taxonomy":"product_tag","embeddable":true,"href":"https:\/\/familycancat.com\/en\/wp-json\/wp\/v2\/product_tag?post=8633"}],"curies":[{"name":"wp","href":"https:\/\/api.w.org\/{rel}","templated":true}]}}