{"id":8630,"date":"2025-03-27T13:44:39","date_gmt":"2025-03-27T12:44:39","guid":{"rendered":"https:\/\/familycancat.com\/?post_type=product&#038;p=8630"},"modified":"2026-03-31T18:45:48","modified_gmt":"2026-03-31T17:45:48","slug":"gofre-de-pollo-glaseado-bubimex","status":"publish","type":"product","link":"https:\/\/familycancat.com\/en\/product\/gofre-de-pollo-glaseado-bubimex\/","title":{"rendered":"Gofre de Pollo Glaseado Bubimex"},"content":{"rendered":"<p><strong>GOFRES DE POLLO<\/strong>\u00a0es un snack para perros\u00a0<strong>hecho con pollo<\/strong>\u00a0y que imita la forma de un gofre. Favorece la limpieza del sarro. Ideal para una ocasi\u00f3n especial.<\/p>\n<p><strong>Composici\u00f3n:<\/strong>\u00a0Harina de boniato 28,4%, pollo 25%, almid\u00f3n de guisantes 15%, harina de garbanzos 8%, subproductos vegetales 8%, carbonato c\u00e1lcico 6%, zanahoria seca 4%, levadura seca 3%, h\u00edgado de pollo 2%, aceite de coco 0,3 %, piment\u00f3n seco 0,2%, romero 0,1%.<\/p>","protected":false},"excerpt":{"rendered":"<div data-descripcion-producto=\"\"><\/div>\n<h3 id=\"compH3\" class=\"product-details-text\"><\/h3>","protected":false},"featured_media":8631,"template":"","meta":[],"etheme_brands":[{"term_id":105,"name":"BUBIMEX","slug":"bubimex","term_group":0,"term_taxonomy_id":105,"taxonomy":"brand","description":"","parent":0,"count":52,"filter":"raw"}],"product_cat":[96,20,128],"product_tag":[],"class_list":{"0":"post-8630","1":"product","2":"type-product","3":"status-publish","4":"has-post-thumbnail","6":"brand-bubimex","7":"product_cat-todos-los-productos","8":"product_cat-perros","9":"product_cat-mordedores","11":"first","12":"instock","13":"taxable","14":"shipping-taxable","15":"purchasable","16":"product-type-simple"},"jetpack_sharing_enabled":true,"_links":{"self":[{"href":"https:\/\/familycancat.com\/en\/wp-json\/wp\/v2\/product\/8630","targetHints":{"allow":["GET"]}}],"collection":[{"href":"https:\/\/familycancat.com\/en\/wp-json\/wp\/v2\/product"}],"about":[{"href":"https:\/\/familycancat.com\/en\/wp-json\/wp\/v2\/types\/product"}],"version-history":[{"count":1,"href":"https:\/\/familycancat.com\/en\/wp-json\/wp\/v2\/product\/8630\/revisions"}],"predecessor-version":[{"id":8632,"href":"https:\/\/familycancat.com\/en\/wp-json\/wp\/v2\/product\/8630\/revisions\/8632"}],"wp:featuredmedia":[{"embeddable":true,"href":"https:\/\/familycancat.com\/en\/wp-json\/wp\/v2\/media\/8631"}],"wp:attachment":[{"href":"https:\/\/familycancat.com\/en\/wp-json\/wp\/v2\/media?parent=8630"}],"wp:term":[{"taxonomy":"brand","embeddable":true,"href":"https:\/\/familycancat.com\/en\/wp-json\/wp\/v2\/etheme_brands?post=8630"},{"taxonomy":"product_cat","embeddable":true,"href":"https:\/\/familycancat.com\/en\/wp-json\/wp\/v2\/product_cat?post=8630"},{"taxonomy":"product_tag","embeddable":true,"href":"https:\/\/familycancat.com\/en\/wp-json\/wp\/v2\/product_tag?post=8630"}],"curies":[{"name":"wp","href":"https:\/\/api.w.org\/{rel}","templated":true}]}}