{"id":8624,"date":"2025-03-26T18:42:21","date_gmt":"2025-03-26T17:42:21","guid":{"rendered":"https:\/\/familycancat.com\/?post_type=product&#038;p=8624"},"modified":"2025-12-29T18:49:43","modified_gmt":"2025-12-29T17:49:43","slug":"dibaq-sense-pollo-y-pato-lata-humedo-380-gr","status":"publish","type":"product","link":"https:\/\/familycancat.com\/en\/product\/dibaq-sense-pollo-y-pato-lata-humedo-380-gr\/","title":{"rendered":"Dibaq Sense Pollo y Pato Lata H\u00famedo 380 Gr"},"content":{"rendered":"<p><span class=\"card-subtitle--product\">COMPONENTES ANAL\u00cdTICOS:<\/span>\u00a0Prote\u00edna bruta 8%, Aceites y grasas brutos 6%, Fibras brutas 1,5%, Materia inorg\u00e1nica 1,5%, Humedad 78%..<\/p>\n<p><strong>\u00a0<\/strong><\/p>\n<p><span class=\"card-subtitle--product\">COMPOSICI\u00d3N:<\/span>\u00a0Carnes frescas 76% (pollo 44%, pato 32%), patata, verduras y frutas frescas 4% (champi\u00f1ones, ar\u00e1ndanos, mango y manzana), aceite de salm\u00f3n 1% (fuente de \u00e1cidos grasos omega 3 y 6), pack protector articular 0,5% (condroitina sulfato, glucosamina sulfato y MSM), sustancias minerales, plantas arom\u00e1ticas con propiedades antioxidantes naturales 0,02% (romero, tomillo y or\u00e9gano).<\/p>","protected":false},"excerpt":{"rendered":"<div id=\"product-description-short-5796\" class=\"product-description\">\n<div class=\"lead\">\n<p>Alimento h\u00famedo grain free para perros grain free elaborado con pollo, pato, champi\u00f1ones y mango.<\/p>\n<\/div>\n<div class=\"ctas\">\n<div class=\"d-flex align-items-center\">\n<div class=\"share\">\n<div class=\"d-flex align-items-center pl-xxs-2\">\n<div><\/div>\n<\/div>\n<\/div>\n<\/div>\n<\/div>\n<\/div>\n<div id=\"product-additional-info\">\n<div class=\"product-additional-info\">\n<div class=\"social-sharing\"><\/div>\n<\/div>\n<\/div>","protected":false},"featured_media":8625,"template":"","meta":[],"etheme_brands":[{"term_id":127,"name":"SENSE","slug":"sense","term_group":0,"term_taxonomy_id":127,"taxonomy":"brand","description":"","parent":0,"count":20,"filter":"raw"}],"product_cat":[96,20,89],"product_tag":[],"class_list":{"0":"post-8624","1":"product","2":"type-product","3":"status-publish","4":"has-post-thumbnail","6":"brand-sense","7":"product_cat-todos-los-productos","8":"product_cat-perros","9":"product_cat-comida-humeda-para-perros","11":"first","12":"instock","13":"taxable","14":"shipping-taxable","15":"purchasable","16":"product-type-simple"},"jetpack_sharing_enabled":true,"_links":{"self":[{"href":"https:\/\/familycancat.com\/en\/wp-json\/wp\/v2\/product\/8624","targetHints":{"allow":["GET"]}}],"collection":[{"href":"https:\/\/familycancat.com\/en\/wp-json\/wp\/v2\/product"}],"about":[{"href":"https:\/\/familycancat.com\/en\/wp-json\/wp\/v2\/types\/product"}],"version-history":[{"count":1,"href":"https:\/\/familycancat.com\/en\/wp-json\/wp\/v2\/product\/8624\/revisions"}],"predecessor-version":[{"id":8626,"href":"https:\/\/familycancat.com\/en\/wp-json\/wp\/v2\/product\/8624\/revisions\/8626"}],"wp:featuredmedia":[{"embeddable":true,"href":"https:\/\/familycancat.com\/en\/wp-json\/wp\/v2\/media\/8625"}],"wp:attachment":[{"href":"https:\/\/familycancat.com\/en\/wp-json\/wp\/v2\/media?parent=8624"}],"wp:term":[{"taxonomy":"brand","embeddable":true,"href":"https:\/\/familycancat.com\/en\/wp-json\/wp\/v2\/etheme_brands?post=8624"},{"taxonomy":"product_cat","embeddable":true,"href":"https:\/\/familycancat.com\/en\/wp-json\/wp\/v2\/product_cat?post=8624"},{"taxonomy":"product_tag","embeddable":true,"href":"https:\/\/familycancat.com\/en\/wp-json\/wp\/v2\/product_tag?post=8624"}],"curies":[{"name":"wp","href":"https:\/\/api.w.org\/{rel}","templated":true}]}}