{"id":8618,"date":"2025-03-26T14:21:48","date_gmt":"2025-03-26T13:21:48","guid":{"rendered":"https:\/\/familycancat.com\/?post_type=product&#038;p=8618"},"modified":"2026-04-17T17:24:17","modified_gmt":"2026-04-17T16:24:17","slug":"dog-love-doc-vet-lata-mobility-vacuno-400-gr","status":"publish","type":"product","link":"https:\/\/familycancat.com\/en\/product\/dog-love-doc-vet-lata-mobility-vacuno-400-gr\/","title":{"rendered":"Dog Love Doc Vet Lata Mobility Vacuno 400 Gr"},"content":{"rendered":"<p><strong>Dog&#8217;s Love Doc Vet Lata Sensitive Vacuno<\/strong><\/p>\n<p>Para favorecer las articulaciones y los huesos, sin cereales<br \/>\nLa l\u00ednea DOG&#8217;S DOC puede apoyar a su perro mediante una nutrici\u00f3n coordinada en enfermedades agudas o cr\u00f3nicas.<\/p>\n<p><strong>COMPOSICI\u00d3N:\u00a0<\/strong>Ternera 55 % (pulm\u00f3n de res 35 %, h\u00edgado de res 11 %, coraz\u00f3n de res 9 %), calabaza, amaranto 6 %, peras, quinoa, minerales, semillas de ch\u00eda 1.5 %, levadura (beta glucanos 0.04 %), aceite de c\u00e1rtamo, glucosamina 0,15 %, sulfato de condroitina 0,15 %, garra del diablo 0,15 %, hierba de San Juan 0,15 %.<\/p>\n<p><strong>ADITIVOS \/ KG:\u00a0<\/strong>aditivos nutricionales: Vitamina D3 170 UI, zinc (como sulfato de zinc, monohidrato) 15 mg, manganeso (como sulfato de manganeso (II), monohidrato) 3 mg, yodo (como yodato de calcio, anhidro) 0,75 mg.<\/p>\n<p><strong>COMPONENTES ANAL\u00cdTICOS:\u00a0<\/strong>prote\u00edna bruta 9 %, grasa bruta 2,50 %, ceniza bruta 1,70 %, fibra bruta 0,70 %, humedad 78 %.<\/p>\n<p><strong>SIN:\u00a0<\/strong>cereales, gluten, az\u00facares a\u00f1adidos, soja, harina de huesos, harina de carne, despojos, colorantes, aromatizantes, conservantes, pruebas en animales, potenciadores del sabor, ingenier\u00eda<\/p>","protected":false},"excerpt":{"rendered":"<p>Dog&#8217;s Love Doc Vet Lata Sensitive Vacuno Para favorecer las articulaciones y los huesos, sin cereales La l\u00ednea DOG&#8217;S DOC puede apoyar a su perro&#8230;<\/p>","protected":false},"featured_media":8619,"template":"","meta":[],"etheme_brands":[{"term_id":136,"name":"DOG LOVE","slug":"dog-love","term_group":0,"term_taxonomy_id":136,"taxonomy":"brand","description":"","parent":0,"count":29,"filter":"raw"}],"product_cat":[96,20,89],"product_tag":[],"class_list":{"0":"post-8618","1":"product","2":"type-product","3":"status-publish","4":"has-post-thumbnail","6":"brand-dog-love","7":"product_cat-todos-los-productos","8":"product_cat-perros","9":"product_cat-comida-humeda-para-perros","11":"first","12":"instock","13":"taxable","14":"shipping-taxable","15":"purchasable","16":"product-type-simple"},"jetpack_sharing_enabled":true,"_links":{"self":[{"href":"https:\/\/familycancat.com\/en\/wp-json\/wp\/v2\/product\/8618","targetHints":{"allow":["GET"]}}],"collection":[{"href":"https:\/\/familycancat.com\/en\/wp-json\/wp\/v2\/product"}],"about":[{"href":"https:\/\/familycancat.com\/en\/wp-json\/wp\/v2\/types\/product"}],"version-history":[{"count":1,"href":"https:\/\/familycancat.com\/en\/wp-json\/wp\/v2\/product\/8618\/revisions"}],"predecessor-version":[{"id":8620,"href":"https:\/\/familycancat.com\/en\/wp-json\/wp\/v2\/product\/8618\/revisions\/8620"}],"wp:featuredmedia":[{"embeddable":true,"href":"https:\/\/familycancat.com\/en\/wp-json\/wp\/v2\/media\/8619"}],"wp:attachment":[{"href":"https:\/\/familycancat.com\/en\/wp-json\/wp\/v2\/media?parent=8618"}],"wp:term":[{"taxonomy":"brand","embeddable":true,"href":"https:\/\/familycancat.com\/en\/wp-json\/wp\/v2\/etheme_brands?post=8618"},{"taxonomy":"product_cat","embeddable":true,"href":"https:\/\/familycancat.com\/en\/wp-json\/wp\/v2\/product_cat?post=8618"},{"taxonomy":"product_tag","embeddable":true,"href":"https:\/\/familycancat.com\/en\/wp-json\/wp\/v2\/product_tag?post=8618"}],"curies":[{"name":"wp","href":"https:\/\/api.w.org\/{rel}","templated":true}]}}