{"id":8614,"date":"2025-03-26T14:16:58","date_gmt":"2025-03-26T13:16:58","guid":{"rendered":"https:\/\/familycancat.com\/?post_type=product&#038;p=8614"},"modified":"2026-01-13T19:35:01","modified_gmt":"2026-01-13T18:35:01","slug":"dog-love-hypoallergenic-400-g","status":"publish","type":"product","link":"https:\/\/familycancat.com\/en\/product\/dog-love-hypoallergenic-400-g\/","title":{"rendered":"Dog Love Hypoallergenic Caballo 400 g"},"content":{"rendered":"<div>\n<p><strong>Dog&#8217;s Love Lata Hipoalergenica Caballo<\/strong><\/p>\n<p>Con topinambur &amp; zanahoria, sin cereales<\/p>\n<p>Men\u00fa natural de alimento completo de calidad alimentaria al 100 % con un 60 % de carne para perros adultos. Con tan solo una fuente inusual de prote\u00ednas y otros ingredientes reducidos especialmente seleccionados, el riesgo de alergias o intolerancias se reduce notablemente con DOG&#8217;S LOVE hipoalerg\u00e9nico.<\/p>\n<p>&#8211; 100 % calidad alimentaria de todas las materias primas<\/p>\n<p>&#8211; Tolerancia excelente: apto para perros sensibles con alergias o intolerancias<\/p>\n<p>&#8211; Alimento de prote\u00edna \u00fanica<\/p>\n<p>&#8211; Contiene vitaminas, minerales y oligoelementos<\/p>\n<p>COMPOSICI\u00d3N: carne de caballo 60 %, chiriv\u00edas 25 %, tomates 6 %, aceite de linaza, minerales, algas marinas.<\/p>\n<p>ADITIVOS\/KG: aditivos nutricionales: vit. A 2.025 UI, vit. D3 229 UI, cinc (como sulfato de cinc, monohidrato) 20 mg, cobre (como sulfato de cobre (II), pentahidratado) 1 mg.<\/p>\n<p>COMPONENTES ANAL\u00cdTICOS: Prote\u00edna bruta 10 %, grasa bruta 6 %, ceniza bruta 2,3 %, fibra bruta 1,5 %, humedad 77 %.<\/p>\n<p>SIN: Gluten, cereales, az\u00facares a\u00f1adidos, soja, harina de huesos, despojos, colorantes ni conservantes, experimentos con animales ni ingenier\u00eda gen\u00e9tica.<\/p>\n<\/div>","protected":false},"excerpt":{"rendered":"<p>Dog&#8217;s Love Lata Hipoalergenica Caballo Con topinambur &amp; zanahoria, sin cereales Men\u00fa natural de alimento completo de calidad alimentaria al 100 % con un 60&#8230;<\/p>","protected":false},"featured_media":8615,"template":"","meta":[],"etheme_brands":[{"term_id":136,"name":"DOG LOVE","slug":"dog-love","term_group":0,"term_taxonomy_id":136,"taxonomy":"brand","description":"","parent":0,"count":29,"filter":"raw"}],"product_cat":[96,20,89],"product_tag":[],"class_list":{"0":"post-8614","1":"product","2":"type-product","3":"status-publish","4":"has-post-thumbnail","6":"brand-dog-love","7":"product_cat-todos-los-productos","8":"product_cat-perros","9":"product_cat-comida-humeda-para-perros","11":"first","12":"instock","13":"taxable","14":"shipping-taxable","15":"purchasable","16":"product-type-simple"},"jetpack_sharing_enabled":true,"_links":{"self":[{"href":"https:\/\/familycancat.com\/en\/wp-json\/wp\/v2\/product\/8614","targetHints":{"allow":["GET"]}}],"collection":[{"href":"https:\/\/familycancat.com\/en\/wp-json\/wp\/v2\/product"}],"about":[{"href":"https:\/\/familycancat.com\/en\/wp-json\/wp\/v2\/types\/product"}],"version-history":[{"count":2,"href":"https:\/\/familycancat.com\/en\/wp-json\/wp\/v2\/product\/8614\/revisions"}],"predecessor-version":[{"id":8617,"href":"https:\/\/familycancat.com\/en\/wp-json\/wp\/v2\/product\/8614\/revisions\/8617"}],"wp:featuredmedia":[{"embeddable":true,"href":"https:\/\/familycancat.com\/en\/wp-json\/wp\/v2\/media\/8615"}],"wp:attachment":[{"href":"https:\/\/familycancat.com\/en\/wp-json\/wp\/v2\/media?parent=8614"}],"wp:term":[{"taxonomy":"brand","embeddable":true,"href":"https:\/\/familycancat.com\/en\/wp-json\/wp\/v2\/etheme_brands?post=8614"},{"taxonomy":"product_cat","embeddable":true,"href":"https:\/\/familycancat.com\/en\/wp-json\/wp\/v2\/product_cat?post=8614"},{"taxonomy":"product_tag","embeddable":true,"href":"https:\/\/familycancat.com\/en\/wp-json\/wp\/v2\/product_tag?post=8614"}],"curies":[{"name":"wp","href":"https:\/\/api.w.org\/{rel}","templated":true}]}}