{"id":8591,"date":"2025-03-26T13:01:59","date_gmt":"2025-03-26T12:01:59","guid":{"rendered":"https:\/\/familycancat.com\/?post_type=product&#038;p=8591"},"modified":"2025-11-04T13:20:04","modified_gmt":"2025-11-04T12:20:04","slug":"applaws-cat-tarrina-atun-y-cangrejo-60-gr","status":"publish","type":"product","link":"https:\/\/familycancat.com\/en\/product\/applaws-cat-tarrina-atun-y-cangrejo-60-gr\/","title":{"rendered":"Applaws Cat Tarrina At\u00fan y Cangrejo 60 Gr"},"content":{"rendered":"<p>Applaws Tarrina Atun y Cangrejo no contiene colorantes, conservantes ni potenciadores del sabor. Su formato es bastante c\u00f3modo para que tu gato pueda comer directamente, es muy f\u00e1cil de abrir.<\/p>\n<p><strong>Caracter\u00edsticas:<\/strong><\/p>\n<ul>\n<li>Comida h\u00fameda para gatos adultos.<\/li>\n<li>Ayuda a cuidar del pelo y la piel de tu mascota.<\/li>\n<li>Elaborado con productos 100% naturales.<\/li>\n<li>No tiene colorantes, conservantes ni potenciadores de comida.<\/li>\n<li>Presentaci\u00f3n de tarrina.<\/li>\n<li>Sabor a at\u00fan y cangrejo.<\/li>\n<\/ul>\n<p><strong>Descripci\u00f3n nutricional:<\/strong><\/p>\n<p><em>Composici\u00f3n<\/em>: Filete de at\u00fan (56%), caldo de pescado (35%), arroz (5%), cangrejo (4%).<\/p>\n<p><em>Componentes anal\u00edticos<\/em>: Prote\u00edna bruta (11%), grasa bruta (1%), fibra bruta (0.5%), cenizas (1%), humedad (84%).<\/p>\n<p><strong>USO Y ESPECIFICACIONES:<\/strong><\/p>\n<p>Comida elaborada especialmente para gatos adultos.<\/p>\n<p><strong>Modo de uso:<\/strong><\/p>\n<p>S\u00edrvelo a temperatura ambiente.<\/p>\n<p>Aseg\u00farate que tu mascota siempre tenga agua fresca a su disposici\u00f3n.<\/p>\n<p>Evita caer en la tentaci\u00f3n de darle a tu gato m\u00e1s comida de la que necesita.<\/p>","protected":false},"excerpt":{"rendered":"<p>Est\u00e1 raci\u00f3n h\u00fameda para gatos de\u00a0<strong>Applaws Tarrina At\u00fan y Cangrejo<\/strong>\u00a0es de un exquisito sabor que dejar\u00e1 a tu gato cautivado al instante, elaborado con productos naturales. Adem\u00e1s, ayuda a cuidar del pelo y la piel de tu minino.<\/p>","protected":false},"featured_media":8590,"template":"","meta":[],"etheme_brands":[{"term_id":104,"name":"APPLAWS","slug":"applaws","term_group":0,"term_taxonomy_id":104,"taxonomy":"brand","description":"","parent":0,"count":67,"filter":"raw"}],"product_cat":[96,25,83],"product_tag":[],"class_list":{"0":"post-8591","1":"product","2":"type-product","3":"status-publish","4":"has-post-thumbnail","6":"brand-applaws","7":"product_cat-todos-los-productos","8":"product_cat-gatos","9":"product_cat-comida-humeda-para-gatos","11":"first","12":"instock","13":"taxable","14":"shipping-taxable","15":"purchasable","16":"product-type-simple"},"jetpack_sharing_enabled":true,"_links":{"self":[{"href":"https:\/\/familycancat.com\/en\/wp-json\/wp\/v2\/product\/8591","targetHints":{"allow":["GET"]}}],"collection":[{"href":"https:\/\/familycancat.com\/en\/wp-json\/wp\/v2\/product"}],"about":[{"href":"https:\/\/familycancat.com\/en\/wp-json\/wp\/v2\/types\/product"}],"version-history":[{"count":1,"href":"https:\/\/familycancat.com\/en\/wp-json\/wp\/v2\/product\/8591\/revisions"}],"predecessor-version":[{"id":8592,"href":"https:\/\/familycancat.com\/en\/wp-json\/wp\/v2\/product\/8591\/revisions\/8592"}],"wp:featuredmedia":[{"embeddable":true,"href":"https:\/\/familycancat.com\/en\/wp-json\/wp\/v2\/media\/8590"}],"wp:attachment":[{"href":"https:\/\/familycancat.com\/en\/wp-json\/wp\/v2\/media?parent=8591"}],"wp:term":[{"taxonomy":"brand","embeddable":true,"href":"https:\/\/familycancat.com\/en\/wp-json\/wp\/v2\/etheme_brands?post=8591"},{"taxonomy":"product_cat","embeddable":true,"href":"https:\/\/familycancat.com\/en\/wp-json\/wp\/v2\/product_cat?post=8591"},{"taxonomy":"product_tag","embeddable":true,"href":"https:\/\/familycancat.com\/en\/wp-json\/wp\/v2\/product_tag?post=8591"}],"curies":[{"name":"wp","href":"https:\/\/api.w.org\/{rel}","templated":true}]}}