{"id":8464,"date":"2025-03-20T19:31:46","date_gmt":"2025-03-20T18:31:46","guid":{"rendered":"https:\/\/familycancat.com\/?post_type=product&#038;p=8464"},"modified":"2025-03-25T18:25:57","modified_gmt":"2025-03-25T17:25:57","slug":"tendon-de-aquiles-de-buey-bubimex","status":"publish","type":"product","link":"https:\/\/familycancat.com\/en\/product\/tendon-de-aquiles-de-buey-bubimex\/","title":{"rendered":"Tendon de Aquiles de Buey Bubimex"},"content":{"rendered":"<h3><strong>TEND\u00d3N DE AQUILES DE BUEY GRANDE<\/strong><\/h3>\n<p>El Tend\u00f3n de Aquiles de Vacuno Grande es la pieza perfecta para mand\u00edbulas fuertes. Es un mordedor duradero, de dificultad alta y super sabroso que encanta a todos los perros. Promueve el instinto de masticaci\u00f3n ayudando a los perros a liberarse del estr\u00e9s y el aburrimiento.<\/p>\n<h4><strong>CARACTER\u00cdSTICAS Y BENEFICIOS:<\/strong><\/h4>\n<ul>\n<li><strong>Adi\u00f3s al estr\u00e9s y al aburrimiento:<\/strong>\u00a0Con la masticaci\u00f3n fomentamos la generaci\u00f3n de endorfinas lo que les ayuda a liberarse del estr\u00e9s acumulado y el aburrimiento, evitando que muerdan otras cosas que no deben.<\/li>\n<li><strong>Limpieza Bucal:<\/strong>\u00a0El hecho de masticar y frotarse los dientes con los\u00a0<a href=\"https:\/\/www.peluchosmascotas.es\/perros\/snacks-para-perros\/snacks-naturales-snacks\/\">snacks naturales<\/a>, les ayuda a limpiarse los dientes eliminando el sarro y fortaleciendo las enc\u00edas.<\/li>\n<\/ul>\n<p>&nbsp;<\/p>\n<h4><strong>RECOMENDADO PARA:<\/strong><\/h4>\n<p>Perros de todas las edades medianos y grandes.<\/p>\n<h4><strong>NIVEL DE DUREZA:<\/strong><\/h4>\n<p>Medio \u2013 Alto.<\/p>\n<h4><strong>MEDIDA DE LAS PIEZAS:<\/strong><\/h4>\n<p>La longitud total var\u00eda seg\u00fan la forma de las piezas:<\/p>\n<ul>\n<li>Tend\u00f3n Mediano: Entre 20 y 25 Cm.<\/li>\n<\/ul>\n<h4><strong>RECOMENDACI\u00d3N:<\/strong><\/h4>\n<p>Dar siempre bajo supervisi\u00f3n.<\/p>\n<h4><strong>COMPOSICI\u00d3N:<\/strong><\/h4>\n<p>Vacuno 100%<\/p>\n<h4><strong>AN\u00c1LISIS NUTRICIONAL:<\/strong><\/h4>\n<p>Prote\u00edna 82%, grasa bruta 15%, fibra bruta 1,5%, Cenizas brutas 5,4%. Humedad 11%.<\/p>","protected":false},"excerpt":{"rendered":"<p>TEND\u00d3N DE AQUILES DE BUEY GRANDE El Tend\u00f3n de Aquiles de Vacuno Grande es la pieza perfecta para mand\u00edbulas fuertes. Es un mordedor duradero, de&#8230;<\/p>","protected":false},"featured_media":8465,"template":"","meta":[],"etheme_brands":[{"term_id":105,"name":"BUBIMEX","slug":"bubimex","term_group":0,"term_taxonomy_id":105,"taxonomy":"brand","description":"","parent":0,"count":52,"filter":"raw"}],"product_cat":[96],"product_tag":[],"class_list":{"0":"post-8464","1":"product","2":"type-product","3":"status-publish","4":"has-post-thumbnail","6":"brand-bubimex","7":"product_cat-todos-los-productos","9":"first","10":"instock","11":"taxable","12":"shipping-taxable","13":"purchasable","14":"product-type-simple"},"jetpack_sharing_enabled":true,"_links":{"self":[{"href":"https:\/\/familycancat.com\/en\/wp-json\/wp\/v2\/product\/8464","targetHints":{"allow":["GET"]}}],"collection":[{"href":"https:\/\/familycancat.com\/en\/wp-json\/wp\/v2\/product"}],"about":[{"href":"https:\/\/familycancat.com\/en\/wp-json\/wp\/v2\/types\/product"}],"version-history":[{"count":1,"href":"https:\/\/familycancat.com\/en\/wp-json\/wp\/v2\/product\/8464\/revisions"}],"predecessor-version":[{"id":8466,"href":"https:\/\/familycancat.com\/en\/wp-json\/wp\/v2\/product\/8464\/revisions\/8466"}],"wp:featuredmedia":[{"embeddable":true,"href":"https:\/\/familycancat.com\/en\/wp-json\/wp\/v2\/media\/8465"}],"wp:attachment":[{"href":"https:\/\/familycancat.com\/en\/wp-json\/wp\/v2\/media?parent=8464"}],"wp:term":[{"taxonomy":"brand","embeddable":true,"href":"https:\/\/familycancat.com\/en\/wp-json\/wp\/v2\/etheme_brands?post=8464"},{"taxonomy":"product_cat","embeddable":true,"href":"https:\/\/familycancat.com\/en\/wp-json\/wp\/v2\/product_cat?post=8464"},{"taxonomy":"product_tag","embeddable":true,"href":"https:\/\/familycancat.com\/en\/wp-json\/wp\/v2\/product_tag?post=8464"}],"curies":[{"name":"wp","href":"https:\/\/api.w.org\/{rel}","templated":true}]}}