{"id":8351,"date":"2025-03-13T13:53:13","date_gmt":"2025-03-13T12:53:13","guid":{"rendered":"https:\/\/familycancat.com\/?post_type=product&#038;p=8351"},"modified":"2026-03-27T17:22:03","modified_gmt":"2026-03-27T16:22:03","slug":"cats-love-lata-puro-pollo-comida-humeda-200g","status":"publish","type":"product","link":"https:\/\/familycancat.com\/en\/product\/cats-love-lata-puro-pollo-comida-humeda-200g\/","title":{"rendered":"Cats Love Lata Puro Pollo Comida Humeda 200g"},"content":{"rendered":"<h2>Cat&#8217;s Love &#8211; Lata de Mousse de Pollo Monoproteica<\/h2>\n<p>A tu gato le encantar\u00e1n el mousse de pollo que contienen las latas de Cat&#8217;s Love. La alimentaci\u00f3n m\u00e1s completa y equilibrada para tu gato.<\/p>\n<p>Men\u00fa completo para gatos de riqu\u00edsimo pollo.<\/p>\n<div class=\"product-subtitle\">Caracter\u00edsticas del producto:<\/div>\n<dl>\n<dt>Alto contenido en carne o pescado<\/dt>\n<dt>Desarrollado por veterinarios<\/dt>\n<dt>Proporciona nutrientes necesarios para una salud \u00f3ptima<\/dt>\n<dt>Utiliza productos regionales y agricultores locales<\/dt>\n<dt>F\u00f3rmulas desarrolladas seg\u00fan leyes austriacas m\u00e1s estrictas en alimentaci\u00f3n<\/dt>\n<\/dl>\n<div class=\"product-subtitle\">Beneficios para tu mascota:<\/div>\n<dl>\n<dt>Prote\u00ednas esenciales en su forma m\u00e1s natural<\/dt>\n<dt>Complementado con Omega 3 &amp; 6 para un pelo sano y brillante<\/dt>\n<dt>Sin cereales, apto para gatos sensibles<\/dt>\n<dt>Contiene taurina &amp; vitaminas para cumplir con los valores nutricionales necesarios<\/dt>\n<dt>100% natural, sin aromas artificiales ni aditivos qu\u00edmicos<\/dt>\n<\/dl>\n<div class=\"product-subtitle\">Ingredientes:<\/div>\n<table>\n<tbody>\n<tr>\n<th>Ingrediente<\/th>\n<th>% Composici\u00f3n<\/th>\n<\/tr>\n<tr>\n<td>Pollo<\/td>\n<td>92%<\/td>\n<\/tr>\n<tr>\n<td>Minerales<\/td>\n<td>nd<\/td>\n<\/tr>\n<tr>\n<td>Aceite de lino<\/td>\n<td>0.2%<\/td>\n<\/tr>\n<tr>\n<td>Hojas de ortiga<\/td>\n<td>0.1%<\/td>\n<\/tr>\n<\/tbody>\n<\/table>\n<p>Lista completa: Pollo 92 % (corazones de pollo 43 %, carne de pollo 40 %, h\u00edgados de pollo 9 %), minerales, aceite de lino 0,2 %, hojas de ortiga 0,1 %.<\/p>\n<div class=\"product-subtitle\">Componentes:<\/div>\n<table>\n<tbody>\n<tr>\n<th>Componente<\/th>\n<th>Porcentaje<\/th>\n<\/tr>\n<tr>\n<td>Prote\u00edna cruda<\/td>\n<td>11.5%<\/td>\n<\/tr>\n<tr>\n<td>Grasa cruda<\/td>\n<td>9%<\/td>\n<\/tr>\n<tr>\n<td>Ceniza cruda<\/td>\n<td>2%<\/td>\n<\/tr>\n<tr>\n<td>Fibra cruda<\/td>\n<td>1%<\/td>\n<\/tr>\n<tr>\n<td>Omega-3<\/td>\n<td>0.2%<\/td>\n<\/tr>\n<tr>\n<td>Omega-6<\/td>\n<td>1.8%<\/td>\n<\/tr>\n<tr>\n<td>Contenido de humedad<\/td>\n<td>75%<\/td>\n<\/tr>\n<\/tbody>\n<\/table>\n<div class=\"product-subtitle\">Resumen:<\/div>\n<p>El mousse de pollo Cat&#8217;s Love ofrece una alimentaci\u00f3n completa y equilibrada para tu gato, desarrollada por veterinarios y cumpliendo con las leyes austriacas m\u00e1s estrictas en alimentaci\u00f3n. Con un alto contenido en carne de pollo, proporciona los nutrientes necesarios para una salud \u00f3ptima.<br \/>\nAdem\u00e1s, su f\u00f3rmula sin cereales y con Omega 3 &amp; 6 garantiza un pelo sano y brillante. Con ingredientes naturales y sin aditivos qu\u00edmicos, Cat&#8217;s Love es la elecci\u00f3n perfecta para cuidar de tu mascota.<\/p>","protected":false},"excerpt":{"rendered":"<p>Cats Love Puto Pollo- Comida humeda natural para gato en sobre de 85g con sabor a Pollo.<br \/>\nSin cereales y bajo en carbohidratos &#8211; 200 g<\/p>","protected":false},"featured_media":8352,"template":"","meta":[],"etheme_brands":[{"term_id":138,"name":"CAT LOVE","slug":"cat-love","term_group":0,"term_taxonomy_id":138,"taxonomy":"brand","description":"","parent":0,"count":31,"filter":"raw"}],"product_cat":[96,25,83],"product_tag":[],"class_list":{"0":"post-8351","1":"product","2":"type-product","3":"status-publish","4":"has-post-thumbnail","6":"brand-cat-love","7":"product_cat-todos-los-productos","8":"product_cat-gatos","9":"product_cat-comida-humeda-para-gatos","11":"first","12":"instock","13":"taxable","14":"shipping-taxable","15":"purchasable","16":"product-type-simple"},"jetpack_sharing_enabled":true,"_links":{"self":[{"href":"https:\/\/familycancat.com\/en\/wp-json\/wp\/v2\/product\/8351","targetHints":{"allow":["GET"]}}],"collection":[{"href":"https:\/\/familycancat.com\/en\/wp-json\/wp\/v2\/product"}],"about":[{"href":"https:\/\/familycancat.com\/en\/wp-json\/wp\/v2\/types\/product"}],"version-history":[{"count":1,"href":"https:\/\/familycancat.com\/en\/wp-json\/wp\/v2\/product\/8351\/revisions"}],"predecessor-version":[{"id":8353,"href":"https:\/\/familycancat.com\/en\/wp-json\/wp\/v2\/product\/8351\/revisions\/8353"}],"wp:featuredmedia":[{"embeddable":true,"href":"https:\/\/familycancat.com\/en\/wp-json\/wp\/v2\/media\/8352"}],"wp:attachment":[{"href":"https:\/\/familycancat.com\/en\/wp-json\/wp\/v2\/media?parent=8351"}],"wp:term":[{"taxonomy":"brand","embeddable":true,"href":"https:\/\/familycancat.com\/en\/wp-json\/wp\/v2\/etheme_brands?post=8351"},{"taxonomy":"product_cat","embeddable":true,"href":"https:\/\/familycancat.com\/en\/wp-json\/wp\/v2\/product_cat?post=8351"},{"taxonomy":"product_tag","embeddable":true,"href":"https:\/\/familycancat.com\/en\/wp-json\/wp\/v2\/product_tag?post=8351"}],"curies":[{"name":"wp","href":"https:\/\/api.w.org\/{rel}","templated":true}]}}