{"id":8348,"date":"2025-03-13T13:43:20","date_gmt":"2025-03-13T12:43:20","guid":{"rendered":"https:\/\/familycancat.com\/?post_type=product&#038;p=8348"},"modified":"2026-03-18T12:50:57","modified_gmt":"2026-03-18T11:50:57","slug":"cats-love-lata-pavo-comida-humeda-natural-200g","status":"publish","type":"product","link":"https:\/\/familycancat.com\/en\/product\/cats-love-lata-pavo-comida-humeda-natural-200g\/","title":{"rendered":"Cats Love Lata Pavo Comida Humeda Natural 200g"},"content":{"rendered":"<h2>Alimentaci\u00f3n completa y 100% natural para tu gato con sabros\u00edsimos mousse de pavo<\/h2>\n<p>Men\u00fa completo para gatos con riqu\u00edsimo pavo, desarrollado por veterinarios para proporcionar los nutrientes necesarios para una salud \u00f3ptima. Utilizamos productos regionales y agricultores locales, cuidando al m\u00e1ximo nuestros ingredientes.<\/p>\n<div class=\"product-subtitle\">Caracter\u00edsticas del producto:<\/div>\n<ul>\n<li>Gran cantidad de carne.<\/li>\n<li>Con Omega 3 y Omega 6.<\/li>\n<li>Con taurina y vitaminas.<\/li>\n<li>100% Natural.<\/li>\n<li>Ingredientes locales.<\/li>\n<\/ul>\n<div class=\"product-subtitle\">Beneficios para tu mascota:<\/div>\n<ul>\n<li>Prote\u00ednas esenciales de pescado y carne.<\/li>\n<li>Pelaje sano y brillante con \u00e1cidos grasos.<\/li>\n<li>Libre de cereales, muy digestible.<\/li>\n<li>Cumple con los valores nutricionales necesarios.<\/li>\n<li>Sin aromas artificiales, conservantes ni aditivos qu\u00edmicos.<\/li>\n<\/ul>\n<div class=\"product-subtitle\">Ingredientes:<\/div>\n<table>\n<thead>\n<tr>\n<th>Ingrediente<\/th>\n<th>% composici\u00f3n<\/th>\n<\/tr>\n<\/thead>\n<tbody>\n<tr>\n<td>Pavo<\/td>\n<td>92%<\/td>\n<\/tr>\n<tr>\n<td>Minerales<\/td>\n<td>nd<\/td>\n<\/tr>\n<tr>\n<td>Aceite de salm\u00f3n<\/td>\n<td>0.25%<\/td>\n<\/tr>\n<tr>\n<td>Tomillo de gato<\/td>\n<td>0.1%<\/td>\n<\/tr>\n<\/tbody>\n<\/table>\n<h6>Listado completo: Pavo 92% (corazones de pavo 44%, carne de pavo 39%, h\u00edgados de pavo 9%), minerales, aceite de salm\u00f3n 0.25%, tomillo de gato 0.1%.<\/h6>\n<div class=\"product-subtitle\">Componentes:<\/div>\n<table>\n<tbody>\n<tr>\n<th>Componente<\/th>\n<th>Cantidad (g)<\/th>\n<\/tr>\n<tr>\n<td>Prote\u00edna cruda<\/td>\n<td>10.9 g<\/td>\n<\/tr>\n<tr>\n<td>Aceites y grasas crudas<\/td>\n<td>5.9 g<\/td>\n<\/tr>\n<tr>\n<td>Ceniza cruda<\/td>\n<td>2.4 g<\/td>\n<\/tr>\n<tr>\n<td>Fibra cruda<\/td>\n<td>0.3 g<\/td>\n<\/tr>\n<tr>\n<td>Omega-3<\/td>\n<td>0.04 g<\/td>\n<\/tr>\n<tr>\n<td>Omega-6<\/td>\n<td>0.03 g<\/td>\n<\/tr>\n<tr>\n<td>Contenido de humedad<\/td>\n<td>80 g<\/td>\n<\/tr>\n<\/tbody>\n<\/table>\n<p>Energ\u00eda metabolizable: 460 kcal\/kg.<\/p>\n<div class=\"product-subtitle\">Resumen:<\/div>\n<p>Cats Love ofrece una alimentaci\u00f3n completa y 100% natural para tu gato con sabrosos mousse de pavo. Este men\u00fa, desarrollado por veterinarios y hecho con productos regionales, garantiza una salud \u00f3ptima gracias a su alto contenido en carne de pavo.<\/p>","protected":false},"excerpt":{"rendered":"<p><strong>Cats Love Lata Monoproteica de Pavo Comida H\u00fameda 200g Gato<\/strong><\/p>\n<h3>Alimento h\u00famedo natural para gatos con delicioso sabor a pavo.<\/h3>\n<ul>\n<li>\ud83d\udc3e\u00a0<strong>Nutrici\u00f3n Completa:<\/strong>\u00a0Prote\u00ednas esenciales y \u00e1cidos grasos omega.<\/li>\n<li>\ud83c\udf57\u00a0<strong>Pavo Rico:<\/strong>\u00a092% de pavo de alta calidad.<\/li>\n<li>\ud83d\udca7\u00a0<strong>Alta Hidrataci\u00f3n:<\/strong>\u00a086% de contenido en humedad.<\/li>\n<li>\ud83c\udf3f\u00a0<strong>Superalimentos:<\/strong>\u00a0Perejil, papaya y m\u00e1s.<\/li>\n<li>\ud83e\udda0\u00a0<strong>Sin Aditivos:<\/strong>\u00a0Libre de cereales y qu\u00edmicos.<\/li>\n<\/ul>","protected":false},"featured_media":8459,"template":"","meta":[],"etheme_brands":[{"term_id":138,"name":"CAT LOVE","slug":"cat-love","term_group":0,"term_taxonomy_id":138,"taxonomy":"brand","description":"","parent":0,"count":31,"filter":"raw"}],"product_cat":[96,25,83],"product_tag":[],"class_list":{"0":"post-8348","1":"product","2":"type-product","3":"status-publish","4":"has-post-thumbnail","6":"brand-cat-love","7":"product_cat-todos-los-productos","8":"product_cat-gatos","9":"product_cat-comida-humeda-para-gatos","11":"first","12":"instock","13":"taxable","14":"shipping-taxable","15":"purchasable","16":"product-type-simple"},"jetpack_sharing_enabled":true,"_links":{"self":[{"href":"https:\/\/familycancat.com\/en\/wp-json\/wp\/v2\/product\/8348","targetHints":{"allow":["GET"]}}],"collection":[{"href":"https:\/\/familycancat.com\/en\/wp-json\/wp\/v2\/product"}],"about":[{"href":"https:\/\/familycancat.com\/en\/wp-json\/wp\/v2\/types\/product"}],"version-history":[{"count":1,"href":"https:\/\/familycancat.com\/en\/wp-json\/wp\/v2\/product\/8348\/revisions"}],"predecessor-version":[{"id":8350,"href":"https:\/\/familycancat.com\/en\/wp-json\/wp\/v2\/product\/8348\/revisions\/8350"}],"wp:featuredmedia":[{"embeddable":true,"href":"https:\/\/familycancat.com\/en\/wp-json\/wp\/v2\/media\/8459"}],"wp:attachment":[{"href":"https:\/\/familycancat.com\/en\/wp-json\/wp\/v2\/media?parent=8348"}],"wp:term":[{"taxonomy":"brand","embeddable":true,"href":"https:\/\/familycancat.com\/en\/wp-json\/wp\/v2\/etheme_brands?post=8348"},{"taxonomy":"product_cat","embeddable":true,"href":"https:\/\/familycancat.com\/en\/wp-json\/wp\/v2\/product_cat?post=8348"},{"taxonomy":"product_tag","embeddable":true,"href":"https:\/\/familycancat.com\/en\/wp-json\/wp\/v2\/product_tag?post=8348"}],"curies":[{"name":"wp","href":"https:\/\/api.w.org\/{rel}","templated":true}]}}