{"id":8285,"date":"2025-03-07T12:19:52","date_gmt":"2025-03-07T11:19:52","guid":{"rendered":"https:\/\/familycancat.com\/?post_type=product&#038;p=8285"},"modified":"2025-10-10T10:34:00","modified_gmt":"2025-10-10T09:34:00","slug":"farmina-vet-life-cat-hypoallergenic-cerdo-adult-400-gr","status":"publish","type":"product","link":"https:\/\/familycancat.com\/en\/product\/farmina-vet-life-cat-hypoallergenic-cerdo-adult-400-gr\/","title":{"rendered":"Farmina Vet Life Cat Hypoallergenic Cerdo Adult 400 gr"},"content":{"rendered":"<h3 class=\"section-title\">Descripci\u00f3n<\/h3>\n<div id=\"description\" class=\"info_content\" aria-labelledby=\"description-info\">\n<div class=\"product-description\">\n<div>\n<p><strong>COMPOSICI\u00d3N<\/strong><br \/>\nBatata (55%), prote\u00edna de cerdo deshidratada (30%), aceite de pescado, carbonato de calcio, fructo-oligosac\u00e1ridos (0,6%), cloruro de potasio, sulfato de calcio dihidratado, fosfato monodic\u00e1lcico, cloruro de sodio.<br \/>\nFuente de prote\u00ednas: prote\u00edna de cerdo deshidratada.<br \/>\nFuente de hidratos de carbono: boniato.<\/p>\n<p><strong>ADITIVOS POR KG<\/strong><br \/>\nAditivos nutricionales: Vitamina A 22000IU; Vitamina D3 1500IU; Vitamina E 600mg; Vitamina C 300mg; Niacina 150mg; D-pantotenato de calcio 50mg; Vitamina B2 20mg; Vitamina B6 8,1mg; Vitamina B1 10mg; Biotina 1,5mg; \u00c1cido f\u00f3lico 1,5mg; Vitamina B12 0,1mg; Cloruro de colina 2500mg; Betacaroteno 5mg; Zinc (quelato de zinc del an\u00e1logo hidroxilado de la metionina): 130,5mg; Manganeso (quelato de manganeso del an\u00e1logo hidroxilado de la metionina): 65,5mg; Hierro [quelato de hierro (II) del hidrato de glicina]: 43,1mg; Cobre (quelato de cobre del an\u00e1logo hidroxilado de la metionina): 10,8mg; Selenio (levadura inactivada selenizada): 0,04400mg; Yodo (Yodato de calcio anhidro): 1,56mg; DL-metionina, t\u00e9cnicamente pura 5000mg; Taurina 3000mg; L-carnitina 300mg. Aditivos tecnol\u00f3gicos: celulosa microcristalina. Antioxidantes: extractos de tocoferol de aceites vegetales 10mg.<\/p>\n<p><strong>COMPONENTES ANAL\u00cdTICOS<\/strong><br \/>\nProte\u00edna bruta 28,00%; Grasa bruta 11,00%; Fibra bruta 2,50%; Ceniza bruta 7,90%; Calcio 1,00%; F\u00f3sforo 0,80%; Sodio 0,60%; Potasio 0,70%; Magnesio 0,060%; \u00c1cidos grasos Omega-6 2,20%; \u00c1cidos grasos Omega-3 0,65%; LA 2,05%; EPA+DHA 0,42%; EPA 0,17%; DHA 0,25%.<\/p>\n<p><strong>VALOR ENERG\u00c9TICO<\/strong><br \/>\nEM Kcal\/Kg 3687 &#8211; Mj\/Kg 15,42<\/p>\n<\/div>\n<\/div>\n<\/div>\n<p>o.<\/p>","protected":false},"excerpt":{"rendered":"<p>Farmina Vet Life Hypoallergenic Cerdo Adult es un alimento diet\u00e9tico completo para gatos para la reducci\u00f3n de las intolerancias a los ingredientes y nutrientes; apoyo a la funci\u00f3n de la piel en caso de dermatosis y p\u00e9rdida excesiva de pelo.<\/p>","protected":false},"featured_media":8286,"template":"","meta":[],"etheme_brands":[{"term_id":99,"name":"FARMINA","slug":"farmina","term_group":0,"term_taxonomy_id":99,"taxonomy":"brand","description":"","parent":0,"count":127,"filter":"raw"}],"product_cat":[96,25,21],"product_tag":[],"class_list":{"0":"post-8285","1":"product","2":"type-product","3":"status-publish","4":"has-post-thumbnail","6":"brand-farmina","7":"product_cat-todos-los-productos","8":"product_cat-gatos","9":"product_cat-pienso-gatos","11":"first","12":"instock","13":"taxable","14":"shipping-taxable","15":"purchasable","16":"product-type-simple"},"jetpack_sharing_enabled":true,"_links":{"self":[{"href":"https:\/\/familycancat.com\/en\/wp-json\/wp\/v2\/product\/8285","targetHints":{"allow":["GET"]}}],"collection":[{"href":"https:\/\/familycancat.com\/en\/wp-json\/wp\/v2\/product"}],"about":[{"href":"https:\/\/familycancat.com\/en\/wp-json\/wp\/v2\/types\/product"}],"version-history":[{"count":1,"href":"https:\/\/familycancat.com\/en\/wp-json\/wp\/v2\/product\/8285\/revisions"}],"predecessor-version":[{"id":8287,"href":"https:\/\/familycancat.com\/en\/wp-json\/wp\/v2\/product\/8285\/revisions\/8287"}],"wp:featuredmedia":[{"embeddable":true,"href":"https:\/\/familycancat.com\/en\/wp-json\/wp\/v2\/media\/8286"}],"wp:attachment":[{"href":"https:\/\/familycancat.com\/en\/wp-json\/wp\/v2\/media?parent=8285"}],"wp:term":[{"taxonomy":"brand","embeddable":true,"href":"https:\/\/familycancat.com\/en\/wp-json\/wp\/v2\/etheme_brands?post=8285"},{"taxonomy":"product_cat","embeddable":true,"href":"https:\/\/familycancat.com\/en\/wp-json\/wp\/v2\/product_cat?post=8285"},{"taxonomy":"product_tag","embeddable":true,"href":"https:\/\/familycancat.com\/en\/wp-json\/wp\/v2\/product_tag?post=8285"}],"curies":[{"name":"wp","href":"https:\/\/api.w.org\/{rel}","templated":true}]}}