{"id":8275,"date":"2025-03-07T11:32:27","date_gmt":"2025-03-07T10:32:27","guid":{"rendered":"https:\/\/familycancat.com\/?post_type=product&#038;p=8275"},"modified":"2025-03-28T14:51:41","modified_gmt":"2025-03-28T13:51:41","slug":"anibio-anticox-hd-condroprotector-classic-capsulas","status":"publish","type":"product","link":"https:\/\/familycancat.com\/en\/product\/anibio-anticox-hd-condroprotector-classic-capsulas\/","title":{"rendered":"Anibio Anticox Hd Condroprotector Classic C\u00e1psulas"},"content":{"rendered":"<p>Anibio Anticox Hd Condroprotector Classic C\u00e1psulas<\/p>\n<p><strong>Condroprotector Anticox HD<\/strong><\/p>\n<p><strong>Anticox-HD<\/strong>\u00a0es un novedoso complemento alimenticio a base de sustancias activas 100% vegetales. A trav\u00e9s de una combinaci\u00f3n id\u00f3nea de principios vegetales altamente concentrados se activa el metabolismo del \u00e1cido sil\u00edcico, actuando \u00e9ste en el conjunto de tendones y ligamentos de las articulaciones. Logrando de esta manera una mayor resistencia y elasticidad a la descarga y esfuerzo mec\u00e1nico de las articulaciones y tejido conjuntivo.<\/p>\n<p><strong>Aplicaciones Anticox\u00a0Hd:<\/strong><\/p>\n<p>&#8211; Problemas traumatol\u00f3gicos en cadera, codos, columnas, piernas, etc.<br \/>\n&#8211; Perras pre\u00f1adas a partir del 21. d\u00eda del gestaci\u00f3n<br \/>\n&#8211; Cachorros a partir de la 9. Semana<br \/>\n&#8211; Como profilaxis en perros mayores<br \/>\n&#8211; Despu\u00e9s de operaciones de tendones o articulaciones<br \/>\n&#8211; Como preventivo en ejercicios de alto rendimiento (carreras, agility, cani cross, tiro de trineos, etc.)<\/p>\n<p><strong>Lo especial de Anticox Hd:<\/strong><\/p>\n<p>&#8211; No contiene sustancias que aumentan el metabolismo.<br \/>\n&#8211; Est\u00e1 compuesto \u00fanicamente por sustancias activas puramente vegetales, con muy buena compatibilidad y de alta biodisponibilidad.<br \/>\n&#8211; No contiene gelatina ni glucosaminoglicanos.<\/p>\n<p><strong>Estabilizador del aparato locomotor:<\/strong><\/p>\n<p>&#8211; En la zona de la cadera (displasia)<br \/>\n&#8211; En la zona de los codos (OCD)<br \/>\n&#8211; En la zona de la columna<br \/>\n&#8211; Para la debilidad del tejido conjuntivo<br \/>\n&#8211; Para el desgaste prematuro de las articulaciones<br \/>\n&#8211; Como prevenci\u00f3n y adem\u00e1s como apoyo en la \u00e9poca de desarrollo<\/p>\n<p><strong>Componentes analiticos:<\/strong><\/p>\n<p>Dextrosa, plantas, sus productos y derivados, \u00c1rnica montana* (\u00c1rnica), Harpagophytum procumbens (Garra de Di\u00e1bolo), Equisetum arvense* (cola de caballo) (*proceden de cultivos biol\u00f3gicos)\u00a0Ingrediente adicional por kg (aditivos tecnol\u00f3gicos): (E551a) \u00c1cido sil\u00edcico 10.000mg .<\/p>\n<p>*procede de cultivos biol\u00f3gicamente\u00a0 controlados.<\/p>\n<p><strong>Administraci\u00f3n recomendada (perros y gatos)<\/strong><\/p>\n<p>&lt; 20kg de peso<\/p>\n<p>Anticox HD classic en c\u00e1psulas (140 c\u00e1psulas):\u00a0\u00a01 c\u00e1psula\/d\u00eda<\/p>\n<p>&gt; 20kg de peso<\/p>\n<p>Anticox HD classic en c\u00e1psulas (140 c\u00e1psulas):\u00a0 2\u00a0c\u00e1psulas\/d\u00eda<\/p>","protected":false},"excerpt":{"rendered":"<p>Anibio Anticox Hd Condroprotector Classic C\u00e1psulas Condroprotector Anticox HD Anticox-HD\u00a0es un novedoso complemento alimenticio a base de sustancias activas 100% vegetales. A trav\u00e9s de una&#8230;<\/p>","protected":false},"featured_media":8276,"template":"","meta":[],"etheme_brands":[{"term_id":112,"name":"ANIBIO","slug":"anibio","term_group":0,"term_taxonomy_id":112,"taxonomy":"brand","description":"","parent":0,"count":13,"filter":"raw"}],"product_cat":[96,20,126],"product_tag":[],"class_list":{"0":"post-8275","1":"product","2":"type-product","3":"status-publish","4":"has-post-thumbnail","6":"brand-anibio","7":"product_cat-todos-los-productos","8":"product_cat-perros","9":"product_cat-complementos-y-suplementos","11":"first","12":"instock","13":"taxable","14":"shipping-taxable","15":"purchasable","16":"product-type-simple"},"jetpack_sharing_enabled":true,"_links":{"self":[{"href":"https:\/\/familycancat.com\/en\/wp-json\/wp\/v2\/product\/8275","targetHints":{"allow":["GET"]}}],"collection":[{"href":"https:\/\/familycancat.com\/en\/wp-json\/wp\/v2\/product"}],"about":[{"href":"https:\/\/familycancat.com\/en\/wp-json\/wp\/v2\/types\/product"}],"version-history":[{"count":2,"href":"https:\/\/familycancat.com\/en\/wp-json\/wp\/v2\/product\/8275\/revisions"}],"predecessor-version":[{"id":8278,"href":"https:\/\/familycancat.com\/en\/wp-json\/wp\/v2\/product\/8275\/revisions\/8278"}],"wp:featuredmedia":[{"embeddable":true,"href":"https:\/\/familycancat.com\/en\/wp-json\/wp\/v2\/media\/8276"}],"wp:attachment":[{"href":"https:\/\/familycancat.com\/en\/wp-json\/wp\/v2\/media?parent=8275"}],"wp:term":[{"taxonomy":"brand","embeddable":true,"href":"https:\/\/familycancat.com\/en\/wp-json\/wp\/v2\/etheme_brands?post=8275"},{"taxonomy":"product_cat","embeddable":true,"href":"https:\/\/familycancat.com\/en\/wp-json\/wp\/v2\/product_cat?post=8275"},{"taxonomy":"product_tag","embeddable":true,"href":"https:\/\/familycancat.com\/en\/wp-json\/wp\/v2\/product_tag?post=8275"}],"curies":[{"name":"wp","href":"https:\/\/api.w.org\/{rel}","templated":true}]}}