{"id":8262,"date":"2025-03-06T20:28:08","date_gmt":"2025-03-06T19:28:08","guid":{"rendered":"https:\/\/familycancat.com\/?post_type=product&#038;p=8262"},"modified":"2026-03-24T18:37:36","modified_gmt":"2026-03-24T17:37:36","slug":"dog-love-sopa-de-moro-400g","status":"publish","type":"product","link":"https:\/\/familycancat.com\/en\/product\/dog-love-sopa-de-moro-400g\/","title":{"rendered":"Dog Love Sopa de Moro 400g"},"content":{"rendered":"<div class=\"deesp cursor cursor-mob despl\" data-toggle=\"\" data-target=\"#demo\">\n<h5>Informaci\u00f3n del producto<\/h5>\n<\/div>\n<p>&nbsp;<\/p>\n<div id=\"demo\" class=\"collapse show collapse-visible-desck\">\n<p>COMPOSICI\u00d3N: zanahorias org\u00e1nicas 50 %, agua, almid\u00f3n de ma\u00edz org\u00e1nico, sal alpina. | Calidad alimentaria ecol\u00f3gica al 100 % | Alimento hipocal\u00f3rico y bajo en grasas para una alimentaci\u00f3n temporal | Adem\u00e1s, puede ofrecerse en caso de problemas intestinales agudos, ya que la sopa de zanahoria puede ser buena para el est\u00f3mago y los intestinos | Efecto ligeramente estre\u00f1idor y regulador de la actividad intestinal por su alto contenido en pectina | Tolerancia excelente gracias a una corta lista de ingredientes, tambi\u00e9n apto para perros delicados con necesidades nutricionales especiales | La larga cocci\u00f3n de la sopa de zanahoria produce oligosac\u00e1ridos, que pueden ser buenos para la salud gastrointestinal por su poder vegetal | SIN: cereales, gluten, az\u00facares a\u00f1adidos, soja, harina de huesos, harina de carne, despojos, colorantes, aromatizantes, conservantes, pruebas en animales, potenciadores del sabor | Elaborado sin manipulaci\u00f3n gen\u00e9tica.<\/p>\n<\/div>","protected":false},"excerpt":{"rendered":"<div class=\"deesp cursor cursor-mob despl\" data-toggle=\"\" data-target=\"#demoo\">\n<h4><span style=\"font-size: 16px;\">La sopa de zanahoria moruna es un cl\u00e1sico que ayuda no solo a las personas, sino tambi\u00e9n a los animales con trastornos digestivos. Como parte de la l\u00ednea DOG&#8217;S DOC, puede ayudar a su perro con una nutrici\u00f3n coordinada.<\/span><\/h4>\n<\/div>","protected":false},"featured_media":8263,"template":"","meta":[],"etheme_brands":[{"term_id":136,"name":"DOG LOVE","slug":"dog-love","term_group":0,"term_taxonomy_id":136,"taxonomy":"brand","description":"","parent":0,"count":29,"filter":"raw"}],"product_cat":[96,20,89],"product_tag":[],"class_list":{"0":"post-8262","1":"product","2":"type-product","3":"status-publish","4":"has-post-thumbnail","6":"brand-dog-love","7":"product_cat-todos-los-productos","8":"product_cat-perros","9":"product_cat-comida-humeda-para-perros","11":"first","12":"instock","13":"taxable","14":"shipping-taxable","15":"purchasable","16":"product-type-simple"},"jetpack_sharing_enabled":true,"_links":{"self":[{"href":"https:\/\/familycancat.com\/en\/wp-json\/wp\/v2\/product\/8262","targetHints":{"allow":["GET"]}}],"collection":[{"href":"https:\/\/familycancat.com\/en\/wp-json\/wp\/v2\/product"}],"about":[{"href":"https:\/\/familycancat.com\/en\/wp-json\/wp\/v2\/types\/product"}],"version-history":[{"count":1,"href":"https:\/\/familycancat.com\/en\/wp-json\/wp\/v2\/product\/8262\/revisions"}],"predecessor-version":[{"id":8264,"href":"https:\/\/familycancat.com\/en\/wp-json\/wp\/v2\/product\/8262\/revisions\/8264"}],"wp:featuredmedia":[{"embeddable":true,"href":"https:\/\/familycancat.com\/en\/wp-json\/wp\/v2\/media\/8263"}],"wp:attachment":[{"href":"https:\/\/familycancat.com\/en\/wp-json\/wp\/v2\/media?parent=8262"}],"wp:term":[{"taxonomy":"brand","embeddable":true,"href":"https:\/\/familycancat.com\/en\/wp-json\/wp\/v2\/etheme_brands?post=8262"},{"taxonomy":"product_cat","embeddable":true,"href":"https:\/\/familycancat.com\/en\/wp-json\/wp\/v2\/product_cat?post=8262"},{"taxonomy":"product_tag","embeddable":true,"href":"https:\/\/familycancat.com\/en\/wp-json\/wp\/v2\/product_tag?post=8262"}],"curies":[{"name":"wp","href":"https:\/\/api.w.org\/{rel}","templated":true}]}}