{"id":8256,"date":"2025-03-06T19:59:28","date_gmt":"2025-03-06T18:59:28","guid":{"rendered":"https:\/\/familycancat.com\/?post_type=product&#038;p=8256"},"modified":"2026-04-06T12:21:10","modified_gmt":"2026-04-06T11:21:10","slug":"farmina-nd-cat-quinoa-digestion-70-gr","status":"publish","type":"product","link":"https:\/\/familycancat.com\/en\/product\/farmina-nd-cat-quinoa-digestion-70-gr\/","title":{"rendered":"Farmina Nd Cat Quinoa Digestion 70 Gr"},"content":{"rendered":"<h3 class=\"section-title\">Descripci\u00f3n<\/h3>\n<div id=\"description\" class=\"info_content\" aria-labelledby=\"description-info\">\n<div class=\"product-description\">\n<p>Alimento h\u00famedo\u00a0completo de alta digestibilidad indicada para mantener y mejorar la salud intestinal en gatos adultos. Elaborado a base de cordero y\u00a0quinoa cumpliendo\u00a0los niveles nutricionales establecidos.<\/p>\n<p>Farmina ha desarrollado una innovadora l\u00ednea para gatos: Natural &amp; Delicious Quinoa Formula. Se trata de una gama de alimentos libre de cereales, con un alto porcentaje de ingredientes de origen animal (hasta un 96%) y quinoa procedente de granjas ecol\u00f3gicas de Italia.<\/p>\n<p>La quinoa es una fuente de energ\u00eda que permite mantener un bajo \u00edndice gluc\u00e9mico, favorece una digesti\u00f3n \u00f3ptima y saludable al ser fuente de fibra y aporta antioxidantes naturales. N&amp;D Quinoa est\u00e1 disponible en diversas f\u00f3rmulas y todas ellas garantizan un aporte natural de frutas y vegetales con alto valor nutricional. La quinoa se considera un alimento con gran n\u00famero de propiedades beneficiosas que contribuyen al bienestar de la mascota. En determinadas situaciones, tanto fisiol\u00f3gicas como patol\u00f3gicas, este tipo de soporte nutricional puede ser necesario y \u00fatil:<\/p>\n<p>Composici\u00f3n: Cordero, arenque hidrolizado, semilla de quinua, aceite de arenque, alcachofa, hinojo, fructooligosac\u00e1rido, extracto de levadura, carbonato de calcio, cloruro de potasio, cerveza de levadura seca, suplemento de vitamina A, suplemento de vitamina D, suplemento de vitamina E, cloruro de colina, zinc metionina hidroxi an\u00e1logo de quelato , quelato de metionina hidroxi an\u00e1logo de manganeso, complejo de glicina ferrosa, quelato de metionina hidroxi de cobre quelato, DL-metionina, taurina, L-carnitina.<\/p>\n<\/div>\n<\/div>","protected":false},"excerpt":{"rendered":"<p>Farmina Nd Quinoa Digestion:<\/p>\n<div class=\"woocommerce-product-details__short-description\">\n<p>Alimentaci\u00f3n h\u00fameda para gatos compuesto por cordero (45%), prote\u00ednas hidrolizadas de pescado, semillas de quinoa (5%), aceite de pescado, alcachofa, hinojo, extracto de levadura, levadura de cerveza seca, glucosamina, vitaminas y minerales<\/p>\n<\/div>","protected":false},"featured_media":8257,"template":"","meta":[],"etheme_brands":[{"term_id":99,"name":"FARMINA","slug":"farmina","term_group":0,"term_taxonomy_id":99,"taxonomy":"brand","description":"","parent":0,"count":127,"filter":"raw"}],"product_cat":[96,25,83],"product_tag":[],"class_list":{"0":"post-8256","1":"product","2":"type-product","3":"status-publish","4":"has-post-thumbnail","6":"brand-farmina","7":"product_cat-todos-los-productos","8":"product_cat-gatos","9":"product_cat-comida-humeda-para-gatos","11":"first","12":"instock","13":"taxable","14":"shipping-taxable","15":"purchasable","16":"product-type-simple"},"jetpack_sharing_enabled":true,"_links":{"self":[{"href":"https:\/\/familycancat.com\/en\/wp-json\/wp\/v2\/product\/8256","targetHints":{"allow":["GET"]}}],"collection":[{"href":"https:\/\/familycancat.com\/en\/wp-json\/wp\/v2\/product"}],"about":[{"href":"https:\/\/familycancat.com\/en\/wp-json\/wp\/v2\/types\/product"}],"version-history":[{"count":1,"href":"https:\/\/familycancat.com\/en\/wp-json\/wp\/v2\/product\/8256\/revisions"}],"predecessor-version":[{"id":8258,"href":"https:\/\/familycancat.com\/en\/wp-json\/wp\/v2\/product\/8256\/revisions\/8258"}],"wp:featuredmedia":[{"embeddable":true,"href":"https:\/\/familycancat.com\/en\/wp-json\/wp\/v2\/media\/8257"}],"wp:attachment":[{"href":"https:\/\/familycancat.com\/en\/wp-json\/wp\/v2\/media?parent=8256"}],"wp:term":[{"taxonomy":"brand","embeddable":true,"href":"https:\/\/familycancat.com\/en\/wp-json\/wp\/v2\/etheme_brands?post=8256"},{"taxonomy":"product_cat","embeddable":true,"href":"https:\/\/familycancat.com\/en\/wp-json\/wp\/v2\/product_cat?post=8256"},{"taxonomy":"product_tag","embeddable":true,"href":"https:\/\/familycancat.com\/en\/wp-json\/wp\/v2\/product_tag?post=8256"}],"curies":[{"name":"wp","href":"https:\/\/api.w.org\/{rel}","templated":true}]}}