{"id":8253,"date":"2025-03-06T19:52:36","date_gmt":"2025-03-06T18:52:36","guid":{"rendered":"https:\/\/familycancat.com\/?post_type=product&#038;p=8253"},"modified":"2025-04-30T12:16:07","modified_gmt":"2025-04-30T11:16:07","slug":"farmina-nd-cat-quinoa-digestion-cordero-15-kg","status":"publish","type":"product","link":"https:\/\/familycancat.com\/en\/product\/farmina-nd-cat-quinoa-digestion-cordero-15-kg\/","title":{"rendered":"Farmina ND Cat Quinoa Digestion Cordero 1,5 KG"},"content":{"rendered":"<h3 class=\"section-title\">Descripci\u00f3n<\/h3>\n<div id=\"description\" class=\"info_content\" aria-labelledby=\"description-info\">\n<div class=\"product-description\">\n<p><strong>COMPOSICI\u00d3N<\/strong><\/p>\n<p class=\"comp\">Cordero (20%), prote\u00edna de cordero deshidratada (20%), almid\u00f3n de guisante, grasa de pollo, extractos de semillas de quinoa (8%), huevos enteros deshidratados, semillas de lino, prote\u00edna de arenque deshidratada, aceite de pescado (de arenque), hinojo seco (3,0%), menta deshidratada (3,0%), inulina (0,6%), fructooligosac\u00e1ridos (0,6%), extracto de levadura (0,6%) (fuente de mananoligosac\u00e1ridos), c\u00e1scaras y semillas de psyllium, cloruro de potasio, levadura de cerveza deshidratada, cloruro de sodio, sulfato de calcio dihidratado.<\/p>\n<p class=\"comp\"><strong>ADITIVOS POR KG<\/strong><\/p>\n<p class=\"comp\">Aditivos nutricionales: Vitamina A 18000UI; Vitamina D3 1200UI; Vitamina E 600mg; Vitamina C 300mg; niacina 150mg; \u00e1cido pantot\u00e9nico 50mg; Vitamina B2 20mg; Vitamina B6 8.1mg; Vitamina B1 10mg; Biotina 1.5mg; \u00e1cido f\u00f3lico 1.5mg; Vitamina B12 0.1mg; cloruro de colina 3000mg; beta-caroteno 1.5mg; Quelato de Zinc de metionina hidroxilada 910mg; Quelato de Manganeso de metionina hidroxilada 380mg; Quelato de Hierro de hidrato de glicina 250mg; Quelato de Cobre de metionina hidroxilada 88mg; DL-metionina 7000mg; taurina 2500mg.<br \/>\nAditivos organol\u00e9pticos: extracto de aloe vera 1000mg; extracto de t\u00e9 verde 100mg; extracto de romero.<br \/>\nAntioxidantes: extracto de origen natural rico en tocoferoles.<\/p>\n<p class=\"comp\"><strong>COMPONENTES ANAL\u00cdTICOS<\/strong><\/p>\n<p class=\"comp\">Prote\u00edna bruta 33.00%; Grasa bruta 21.50%; Fibra bruta 1.90%; Humedad 8.00%; Ceniza bruta 7.90%; Calcio 1.10%; F\u00f3sforo 0.90%; Magnesio 0.09%; \u00e1cidos grasos Omega-6 3.30%; \u00e1cidos grasos Omega-3 0.60%; DHA 0.30%; EPA 0.15%;<\/p>\n<p class=\"comp\"><strong>VALOR ENERG\u00c9TICO<\/strong><\/p>\n<p class=\"comp\">EM Kcal\/Kg 4075 &#8211; Mj\/Kg 17,05<\/p>\n<\/div>\n<\/div>","protected":false},"excerpt":{"rendered":"<p>Farmina ND Quinoa Digestion es un alimento diet\u00e9tico completo para gatos, indicado para la Compensaci\u00f3n de las alteraciones de la digesti\u00f3n y insuficiencia pancre\u00e1tica exocrina.<\/p>","protected":false},"featured_media":8254,"template":"","meta":[],"etheme_brands":[{"term_id":99,"name":"FARMINA","slug":"farmina","term_group":0,"term_taxonomy_id":99,"taxonomy":"brand","description":"","parent":0,"count":127,"filter":"raw"}],"product_cat":[96,25,21],"product_tag":[],"class_list":{"0":"post-8253","1":"product","2":"type-product","3":"status-publish","4":"has-post-thumbnail","6":"brand-farmina","7":"product_cat-todos-los-productos","8":"product_cat-gatos","9":"product_cat-pienso-gatos","11":"first","12":"instock","13":"featured","14":"taxable","15":"shipping-taxable","16":"purchasable","17":"product-type-simple"},"jetpack_sharing_enabled":true,"_links":{"self":[{"href":"https:\/\/familycancat.com\/en\/wp-json\/wp\/v2\/product\/8253","targetHints":{"allow":["GET"]}}],"collection":[{"href":"https:\/\/familycancat.com\/en\/wp-json\/wp\/v2\/product"}],"about":[{"href":"https:\/\/familycancat.com\/en\/wp-json\/wp\/v2\/types\/product"}],"version-history":[{"count":2,"href":"https:\/\/familycancat.com\/en\/wp-json\/wp\/v2\/product\/8253\/revisions"}],"predecessor-version":[{"id":8784,"href":"https:\/\/familycancat.com\/en\/wp-json\/wp\/v2\/product\/8253\/revisions\/8784"}],"wp:featuredmedia":[{"embeddable":true,"href":"https:\/\/familycancat.com\/en\/wp-json\/wp\/v2\/media\/8254"}],"wp:attachment":[{"href":"https:\/\/familycancat.com\/en\/wp-json\/wp\/v2\/media?parent=8253"}],"wp:term":[{"taxonomy":"brand","embeddable":true,"href":"https:\/\/familycancat.com\/en\/wp-json\/wp\/v2\/etheme_brands?post=8253"},{"taxonomy":"product_cat","embeddable":true,"href":"https:\/\/familycancat.com\/en\/wp-json\/wp\/v2\/product_cat?post=8253"},{"taxonomy":"product_tag","embeddable":true,"href":"https:\/\/familycancat.com\/en\/wp-json\/wp\/v2\/product_tag?post=8253"}],"curies":[{"name":"wp","href":"https:\/\/api.w.org\/{rel}","templated":true}]}}