{"id":8245,"date":"2025-03-05T19:53:51","date_gmt":"2025-03-05T18:53:51","guid":{"rendered":"https:\/\/familycancat.com\/?post_type=product&#038;p=8245"},"modified":"2026-03-26T18:59:12","modified_gmt":"2026-03-26T17:59:12","slug":"natural-greatness-pechuga-de-pollo-kitten-70-gr","status":"publish","type":"product","link":"https:\/\/familycancat.com\/en\/product\/natural-greatness-pechuga-de-pollo-kitten-70-gr\/","title":{"rendered":"Natural Greatness Pechuga de Pollo Kitten 70 Gr"},"content":{"rendered":"<p>Natural Greatness Pechuga de Pollo con H\u00edgado de At\u00fan y Huevo es un alimento complementario tanto para gatos adultos como para gatitos, 100% Natural y elaborado \u00fanicamente con los ingredientes listados en su composici\u00f3n<\/p>\n<p>Peso lata: 70 Gr.<\/p>\n<p><strong>Composici\u00f3n:\u00a0<\/strong><\/p>\n<ul>\n<li>Pechuga de Pollo 51%, Caldo de Pollo 34,9%, Arroz 5%, Huevo 4%, H\u00edgado de At\u00fan 3%, Tapioca 1,8%, Aceite de Pescado 0,3%.<\/li>\n<\/ul>","protected":false},"excerpt":{"rendered":"<p>Natural Greatness Pechuga de Pollo con H\u00edgado de At\u00fan y Huevo es un alimento complementario tanto para gatos adultos como para gatitos, 100% Natural y elaborado \u00fanicamente con los ingredientes listados en su composici\u00f3n<\/p>","protected":false},"featured_media":8246,"template":"","meta":[],"etheme_brands":[{"term_id":101,"name":"NATURAL GREATNESS","slug":"natural-greatness","term_group":0,"term_taxonomy_id":101,"taxonomy":"brand","description":"","parent":0,"count":73,"filter":"raw"}],"product_cat":[96,25,83],"product_tag":[],"class_list":{"0":"post-8245","1":"product","2":"type-product","3":"status-publish","4":"has-post-thumbnail","6":"brand-natural-greatness","7":"product_cat-todos-los-productos","8":"product_cat-gatos","9":"product_cat-comida-humeda-para-gatos","11":"first","12":"instock","13":"taxable","14":"shipping-taxable","15":"purchasable","16":"product-type-simple"},"jetpack_sharing_enabled":true,"_links":{"self":[{"href":"https:\/\/familycancat.com\/en\/wp-json\/wp\/v2\/product\/8245","targetHints":{"allow":["GET"]}}],"collection":[{"href":"https:\/\/familycancat.com\/en\/wp-json\/wp\/v2\/product"}],"about":[{"href":"https:\/\/familycancat.com\/en\/wp-json\/wp\/v2\/types\/product"}],"version-history":[{"count":1,"href":"https:\/\/familycancat.com\/en\/wp-json\/wp\/v2\/product\/8245\/revisions"}],"predecessor-version":[{"id":8247,"href":"https:\/\/familycancat.com\/en\/wp-json\/wp\/v2\/product\/8245\/revisions\/8247"}],"wp:featuredmedia":[{"embeddable":true,"href":"https:\/\/familycancat.com\/en\/wp-json\/wp\/v2\/media\/8246"}],"wp:attachment":[{"href":"https:\/\/familycancat.com\/en\/wp-json\/wp\/v2\/media?parent=8245"}],"wp:term":[{"taxonomy":"brand","embeddable":true,"href":"https:\/\/familycancat.com\/en\/wp-json\/wp\/v2\/etheme_brands?post=8245"},{"taxonomy":"product_cat","embeddable":true,"href":"https:\/\/familycancat.com\/en\/wp-json\/wp\/v2\/product_cat?post=8245"},{"taxonomy":"product_tag","embeddable":true,"href":"https:\/\/familycancat.com\/en\/wp-json\/wp\/v2\/product_tag?post=8245"}],"curies":[{"name":"wp","href":"https:\/\/api.w.org\/{rel}","templated":true}]}}