{"id":8230,"date":"2025-03-05T17:39:46","date_gmt":"2025-03-05T16:39:46","guid":{"rendered":"https:\/\/familycancat.com\/?post_type=product&#038;p=8230"},"modified":"2026-03-31T10:48:59","modified_gmt":"2026-03-31T09:48:59","slug":"farmina-vet-life-dog-hypoallergenic-pork-potato-300-gr","status":"publish","type":"product","link":"https:\/\/familycancat.com\/en\/product\/farmina-vet-life-dog-hypoallergenic-pork-potato-300-gr\/","title":{"rendered":"Farmina Vet Life Dog Hypoallergenic Pork &#038; Potato 300 Gr"},"content":{"rendered":"<div>\n<p><strong>Farmina Vet Life Dog Hypoallergenic Cerdo Lata<\/strong><\/p>\n<p>Farmina Vet Life Hypoallergenic Pork &amp; Potato es un alimento diet\u00e9tico completo para perros destinado a la reducci\u00f3n de intolerancias a ingredientes y nutrientes; apoyo de la funci\u00f3n cut\u00e1nea en caso de dermatosis y p\u00e9rdida excesiva de pelo.<\/p>\n<p>Hypoallergenic Pork &amp; Potato H\u00famedo<\/p>\n<p>COMPOSICI\u00d3N<br \/>\nh\u00edgado de cerdo (20%), boniato (20%), paleta de cerdo (10%), extracto de semillas de quinoa, aceite de pescado, semillas de lino, celulosa en polvo, cloruro pot\u00e1sico, carbonato c\u00e1lcico, fosfato monodic\u00e1lcico, cloruro s\u00f3dico. Fuentes de prote\u00ednas: h\u00edgado de cerdo, paleta de cerdo. Fuentes de hidratos de carbono: boniato, extracto de semilla de quinoa.<\/p>\n<p>Aditivos nutricionales: Vitamina A 3400IU; Vitamina D3 200IU; Vitamina E 200mg; Zinc (Quelato de zinc del an\u00e1logo hidroxilado de la metionina): 39,6mg; Manganeso (quelato de manganeso del an\u00e1logo hidroxilado de la metionina): 15,3mg; Hierro [quelato de hierro (II) del hidrato de glicina]: 9,8mg; Cobre (quelato de cobre del an\u00e1logo hidroxilado de la metionina): 2,7mg; Selenio (levadura selenizada inactivada): 0,033mg; Yodo (Yodato de calcio anhidro): 0,33mg; DL-metionina, t\u00e9cnicamente pura 1500mg; Taurina 1000mg; L-carnitina 35mg.<\/p>\n<p>COMPONENTES ANAL\u00cdTICOS<br \/>\nprote\u00edna bruta 4,50%; grasa bruta 3,00%; fibra bruta 1,20%; ceniza bruta 1,70%; humedad 80,00%; calcio 0,15%; f\u00f3sforo 0,12%; sodio 0,05%; potasio 0,15%; magnesio 0,02%; \u00e1cidos grasos omega-3 0,45%; \u00e1cidos grasos omega-6 1,15%; LA 1,05%; EPA+DHA 0,26%; EPA 0,12%; DHA 0,14%.<\/p>\n<p>VALOR ENERG\u00c9TICO<br \/>\nEM Kcal\/Kg 764 &#8211; Mj\/Kg 3,20<\/p>\n<\/div>","protected":false},"excerpt":{"rendered":"<p>Farmina Vet Life Dog Hypoallergenic Cerdo Lata Farmina Vet Life Hypoallergenic Pork &amp; Potato es un alimento diet\u00e9tico completo para perros destinado a la reducci\u00f3n&#8230;<\/p>","protected":false},"featured_media":8231,"template":"","meta":[],"etheme_brands":[{"term_id":99,"name":"FARMINA","slug":"farmina","term_group":0,"term_taxonomy_id":99,"taxonomy":"brand","description":"","parent":0,"count":127,"filter":"raw"}],"product_cat":[96,20,89],"product_tag":[],"class_list":{"0":"post-8230","1":"product","2":"type-product","3":"status-publish","4":"has-post-thumbnail","6":"brand-farmina","7":"product_cat-todos-los-productos","8":"product_cat-perros","9":"product_cat-comida-humeda-para-perros","11":"first","12":"instock","13":"taxable","14":"shipping-taxable","15":"purchasable","16":"product-type-simple"},"jetpack_sharing_enabled":true,"_links":{"self":[{"href":"https:\/\/familycancat.com\/en\/wp-json\/wp\/v2\/product\/8230","targetHints":{"allow":["GET"]}}],"collection":[{"href":"https:\/\/familycancat.com\/en\/wp-json\/wp\/v2\/product"}],"about":[{"href":"https:\/\/familycancat.com\/en\/wp-json\/wp\/v2\/types\/product"}],"version-history":[{"count":1,"href":"https:\/\/familycancat.com\/en\/wp-json\/wp\/v2\/product\/8230\/revisions"}],"predecessor-version":[{"id":8232,"href":"https:\/\/familycancat.com\/en\/wp-json\/wp\/v2\/product\/8230\/revisions\/8232"}],"wp:featuredmedia":[{"embeddable":true,"href":"https:\/\/familycancat.com\/en\/wp-json\/wp\/v2\/media\/8231"}],"wp:attachment":[{"href":"https:\/\/familycancat.com\/en\/wp-json\/wp\/v2\/media?parent=8230"}],"wp:term":[{"taxonomy":"brand","embeddable":true,"href":"https:\/\/familycancat.com\/en\/wp-json\/wp\/v2\/etheme_brands?post=8230"},{"taxonomy":"product_cat","embeddable":true,"href":"https:\/\/familycancat.com\/en\/wp-json\/wp\/v2\/product_cat?post=8230"},{"taxonomy":"product_tag","embeddable":true,"href":"https:\/\/familycancat.com\/en\/wp-json\/wp\/v2\/product_tag?post=8230"}],"curies":[{"name":"wp","href":"https:\/\/api.w.org\/{rel}","templated":true}]}}