{"id":8225,"date":"2025-03-05T14:32:58","date_gmt":"2025-03-05T13:32:58","guid":{"rendered":"https:\/\/familycancat.com\/?post_type=product&#038;p=8225"},"modified":"2025-11-28T20:34:00","modified_gmt":"2025-11-28T19:34:00","slug":"dogs-love-lata-hipoalergenica-de-pato-para-perros-400gr","status":"publish","type":"product","link":"https:\/\/familycancat.com\/en\/product\/dogs-love-lata-hipoalergenica-de-pato-para-perros-400gr\/","title":{"rendered":"Dog&#8217;s Love Lata  Hipoalergenica de Pato para Perros 400GR"},"content":{"rendered":"","protected":false},"excerpt":{"rendered":"<p><strong>Dog&#8217;s Love Lata Hipoalergenica Pato<\/strong><\/p>\n<p>Con chiriv\u00edas &amp; tomates, sin cereales<\/p>\n<p>Men\u00fa natural de alimento completo de calidad alimentaria al 100 % con un 60 % de carne para perros adultos. Con tan solo una fuente inusual de prote\u00ednas y otros ingredientes reducidos especialmente seleccionados, el riesgo de alergias o intolerancias se reduce notablemente con DOG&#8217;S LOVE hipoalerg\u00e9nico.<\/p>\n<p>&#8211; 100 % calidad alimentaria de todas las materias primas<\/p>\n<p>&#8211; Tolerancia excelente: apto para perros sensibles con alergias o intolerancias<\/p>\n<p>&#8211; Alimento de prote\u00edna \u00fanica<\/p>\n<p>&#8211; Contiene vitaminas, minerales y oligoelementos<\/p>\n<p><strong>COMPOSICI\u00d3N:<\/strong>\u00a0carne de caballo 60 %, chiriv\u00edas 25 %, tomates 6 %, aceite de linaza, minerales, algas marinas.<\/p>\n<p><strong>ADITIVOS\/KG:<\/strong>\u00a0aditivos nutricionales: vit. A 2.025 UI, vit. D3 229 UI, cinc (como sulfato de cinc, monohidrato) 20 mg, cobre (como sulfato de cobre (II), pentahidratado) 1 mg.<\/p>\n<p><strong>COMPONENTES ANAL\u00cdTICOS:<\/strong>\u00a0Prote\u00edna bruta 10 %, grasa bruta 6 %, ceniza bruta 2,3 %, fibra bruta 1,5 %, humedad 77 %.<\/p>\n<p><strong>SIN:<\/strong>\u00a0Gluten, cereales, az\u00facares a\u00f1adidos, soja, harina de huesos, despojos, colorantes ni conservantes, experimentos con animales ni ingenier\u00eda gen\u00e9tica.<\/p>","protected":false},"featured_media":8226,"template":"","meta":[],"etheme_brands":[{"term_id":136,"name":"DOG LOVE","slug":"dog-love","term_group":0,"term_taxonomy_id":136,"taxonomy":"brand","description":"","parent":0,"count":29,"filter":"raw"}],"product_cat":[96,20,89],"product_tag":[],"class_list":{"0":"post-8225","1":"product","2":"type-product","3":"status-publish","4":"has-post-thumbnail","6":"brand-dog-love","7":"product_cat-todos-los-productos","8":"product_cat-perros","9":"product_cat-comida-humeda-para-perros","11":"first","12":"instock","13":"taxable","14":"shipping-taxable","15":"purchasable","16":"product-type-simple"},"jetpack_sharing_enabled":true,"_links":{"self":[{"href":"https:\/\/familycancat.com\/en\/wp-json\/wp\/v2\/product\/8225","targetHints":{"allow":["GET"]}}],"collection":[{"href":"https:\/\/familycancat.com\/en\/wp-json\/wp\/v2\/product"}],"about":[{"href":"https:\/\/familycancat.com\/en\/wp-json\/wp\/v2\/types\/product"}],"version-history":[{"count":2,"href":"https:\/\/familycancat.com\/en\/wp-json\/wp\/v2\/product\/8225\/revisions"}],"predecessor-version":[{"id":8785,"href":"https:\/\/familycancat.com\/en\/wp-json\/wp\/v2\/product\/8225\/revisions\/8785"}],"wp:featuredmedia":[{"embeddable":true,"href":"https:\/\/familycancat.com\/en\/wp-json\/wp\/v2\/media\/8226"}],"wp:attachment":[{"href":"https:\/\/familycancat.com\/en\/wp-json\/wp\/v2\/media?parent=8225"}],"wp:term":[{"taxonomy":"brand","embeddable":true,"href":"https:\/\/familycancat.com\/en\/wp-json\/wp\/v2\/etheme_brands?post=8225"},{"taxonomy":"product_cat","embeddable":true,"href":"https:\/\/familycancat.com\/en\/wp-json\/wp\/v2\/product_cat?post=8225"},{"taxonomy":"product_tag","embeddable":true,"href":"https:\/\/familycancat.com\/en\/wp-json\/wp\/v2\/product_tag?post=8225"}],"curies":[{"name":"wp","href":"https:\/\/api.w.org\/{rel}","templated":true}]}}