{"id":8222,"date":"2025-03-05T14:29:25","date_gmt":"2025-03-05T13:29:25","guid":{"rendered":"https:\/\/familycancat.com\/?post_type=product&#038;p=8222"},"modified":"2026-02-05T18:44:56","modified_gmt":"2026-02-05T17:44:56","slug":"farmina-vet-life-natural-diet-obesity-85-gr","status":"publish","type":"product","link":"https:\/\/familycancat.com\/en\/product\/farmina-vet-life-natural-diet-obesity-85-gr\/","title":{"rendered":"Farmina Vet Life Natural Diet Obesity 85 GR"},"content":{"rendered":"<h3 class=\"section-title\">Descripci\u00f3n<\/h3>\n<div id=\"description\" class=\"info_content\" aria-labelledby=\"description-info\">\n<div class=\"product-description\">\n<p><strong>Composici\u00f3n:<\/strong><br \/>\nFilete de pollo, huevos cocidos, boniato, pescado (sardinas, at\u00fan), fibra de guisante, aceite de pescado, grasa de pollo, extracto de semilla de quinoa, deshidrata zanahoriada, fructooligosac\u00e1ridos (0,15 %), levadura (fuente de manano oligosac\u00e1ridos), c\u00e1scaras de psyllium y semillas, carbonato de calcio, cloruro de potasio, cloruro de sodio, sulfato de calcio dihidrato, glucosamina, sulfato de condroitina, Yucca schidigera, levadura de cerveza seca.<\/p>\n<p><strong>Aditivos por Kg:<\/strong><br \/>\nAditivos nutricionales: Vitamina A 4500UI;\u00a0vitamina D3 180 UI;\u00a0vitamina E 165 mg;\u00a0Zinc (quelato de zinc del an\u00e1logo hidroxilado de la metionina): 34,8 mg;\u00a0Manganeso (an\u00e1logo de hidroxil metionina quelato de manganeso): 15,4 mg;\u00a0Hierro [quelato de hidrato de glicina hierro (II)]: 10,8 mg;\u00a0Cobre (quelato de cobre del an\u00e1logo hidroxilado de la metionina): 4,18 mg;\u00a0yodo (yodato de calcio anhidro): 0,46 mg;\u00a0taurina 1250 mg;\u00a0DL-metionina, t\u00e9cnicamente pura 800 mg;\u00a0L-carnitina 40mg.\u00a0Aditivos tecnol\u00f3gicos: celulosa en polvo 2500mg.<\/p>\n<p><strong>Componentes Anal\u00edticos:<\/strong><br \/>\nprote\u00edna bruta 12,00%;\u00a0grasa bruta 2,40%;\u00a0fibras brutas 2,00%;\u00a0ceniza bruta 2,30%;\u00a0humedad 76,00%;\u00a0calcio 0,25%;\u00a00,20 % de f\u00f3sforo;\u00a00,15 % de sodio;\u00a00,20% potasio;\u00a0\u00e1cidos grasos omega-6 0,40%;\u00a0\u00e1cidos grasos omega-3 0,12%;\u00a0EPA 0,03%;\u00a00,03% DHA.<br \/>\nValor Energ\u00e9tico: EM Kcal\/Kg 882 &#8211; Mj\/Kg 3,69<\/p>\n<\/div>\n<\/div>","protected":false},"excerpt":{"rendered":"<p>Farmina Vet Life Natural Diet Cat Obesity es un alimento diet\u00e9tico completo formulado para la reducci\u00f3n del exceso de peso corporal en gatos de todas las edades<\/p>","protected":false},"featured_media":8223,"template":"","meta":[],"etheme_brands":[{"term_id":99,"name":"FARMINA","slug":"farmina","term_group":0,"term_taxonomy_id":99,"taxonomy":"brand","description":"","parent":0,"count":127,"filter":"raw"}],"product_cat":[96,25,83],"product_tag":[],"class_list":{"0":"post-8222","1":"product","2":"type-product","3":"status-publish","4":"has-post-thumbnail","6":"brand-farmina","7":"product_cat-todos-los-productos","8":"product_cat-gatos","9":"product_cat-comida-humeda-para-gatos","11":"first","12":"instock","13":"taxable","14":"shipping-taxable","15":"purchasable","16":"product-type-simple"},"jetpack_sharing_enabled":true,"_links":{"self":[{"href":"https:\/\/familycancat.com\/en\/wp-json\/wp\/v2\/product\/8222","targetHints":{"allow":["GET"]}}],"collection":[{"href":"https:\/\/familycancat.com\/en\/wp-json\/wp\/v2\/product"}],"about":[{"href":"https:\/\/familycancat.com\/en\/wp-json\/wp\/v2\/types\/product"}],"version-history":[{"count":1,"href":"https:\/\/familycancat.com\/en\/wp-json\/wp\/v2\/product\/8222\/revisions"}],"predecessor-version":[{"id":8224,"href":"https:\/\/familycancat.com\/en\/wp-json\/wp\/v2\/product\/8222\/revisions\/8224"}],"wp:featuredmedia":[{"embeddable":true,"href":"https:\/\/familycancat.com\/en\/wp-json\/wp\/v2\/media\/8223"}],"wp:attachment":[{"href":"https:\/\/familycancat.com\/en\/wp-json\/wp\/v2\/media?parent=8222"}],"wp:term":[{"taxonomy":"brand","embeddable":true,"href":"https:\/\/familycancat.com\/en\/wp-json\/wp\/v2\/etheme_brands?post=8222"},{"taxonomy":"product_cat","embeddable":true,"href":"https:\/\/familycancat.com\/en\/wp-json\/wp\/v2\/product_cat?post=8222"},{"taxonomy":"product_tag","embeddable":true,"href":"https:\/\/familycancat.com\/en\/wp-json\/wp\/v2\/product_tag?post=8222"}],"curies":[{"name":"wp","href":"https:\/\/api.w.org\/{rel}","templated":true}]}}