{"id":8219,"date":"2025-03-05T14:19:17","date_gmt":"2025-03-05T13:19:17","guid":{"rendered":"https:\/\/familycancat.com\/?post_type=product&#038;p=8219"},"modified":"2026-02-06T10:48:17","modified_gmt":"2026-02-06T09:48:17","slug":"farmina-vet-life-natural-diet-dog-obesity-300-gr","status":"publish","type":"product","link":"https:\/\/familycancat.com\/en\/product\/farmina-vet-life-natural-diet-dog-obesity-300-gr\/","title":{"rendered":"Farmina Vet Life Natural Diet Dog Obesity 300 Gr"},"content":{"rendered":"<h3 class=\"section-title\">Descripci\u00f3n<\/h3>\n<div id=\"description\" class=\"info_content\" aria-labelledby=\"description-info\">\n<div class=\"product-description\">\n<p><strong>COMPOSICI\u00d3N<\/strong><br \/>\nfilete de pollo, huevos de gallina cocidos, batata, pescado (sardina, at\u00fan), fibra de guisante, aceite de pescado, grasa de pollo, extracto de semillas de quinoa, zanahoria deshidratada, fructo-oligosac\u00e1ridos (0. 15%), extracto de levadura (fuente de manano-oligosac\u00e1ridos), c\u00e1scaras y semillas de psyllium, carbonato de calcio, cloruro de potasio, cloruro de sodio, sulfato de calcio dihidratado, glucosamina, sulfato de condroitina, Yucca schidigera, levadura de cerveza seca.<\/p>\n<p><strong>ADITIVOS POR KG<\/strong><br \/>\nAditivos nutricionales: Vitamina A 3800IU; Vitamina D3 225IU; Vitamina E 225mg; Zinc (quelato de zinc del an\u00e1logo hidroxilado de la metionina): 47,3mg; Manganeso (quelato de manganeso del an\u00e1logo hidroxilado de la metionina): 17,9mg; Hierro [quelato de hierro (II) del hidrato de glicina]: 10,9 mg; Cobre (quelato de cobre del an\u00e1logo hidroxilado de la metionina): 3,40mg; Yodo (Yodato de calcio anhidro): 0,46mg; Taurina 1000mg; DL-metionina t\u00e9cnicamente pura 800mg; L-carnitina 35mg. Aditivos tecnol\u00f3gicos: celulosa en polvo 2000mg.<\/p>\n<p>&nbsp;<\/p>\n<p><strong>COMPONENTES ANAL\u00cdTICOS<\/strong><br \/>\nprote\u00edna bruta 11,00%; grasa bruta 1,90%; fibras brutas 1,90%; ceniza bruta 2,40%; humedad 76,00%; calcio 0,25%; f\u00f3sforo 0,20%; sodio 0,15%; potasio 0,20%; \u00e1cidos grasos Omega-6 0,40%; \u00e1cidos grasos Omega-3 0,12%; EPA 0,03%; DHA 0,03%.<\/p>\n<p><strong>VALOR ENERG\u00c9TICO<\/strong><br \/>\nEM Kcal\/Kg 814 &#8211; Mj\/Kg 3,41<\/p>\n<\/div>\n<\/div>","protected":false},"excerpt":{"rendered":"<p>Farmina Vet Life Obesity es un alimento diet\u00e9tico completo para perros para la reducci\u00f3n del peso corporal excesivo.<\/p>","protected":false},"featured_media":8220,"template":"","meta":[],"etheme_brands":[{"term_id":99,"name":"FARMINA","slug":"farmina","term_group":0,"term_taxonomy_id":99,"taxonomy":"brand","description":"","parent":0,"count":127,"filter":"raw"}],"product_cat":[96,20,89],"product_tag":[],"class_list":{"0":"post-8219","1":"product","2":"type-product","3":"status-publish","4":"has-post-thumbnail","6":"brand-farmina","7":"product_cat-todos-los-productos","8":"product_cat-perros","9":"product_cat-comida-humeda-para-perros","11":"first","12":"instock","13":"taxable","14":"shipping-taxable","15":"purchasable","16":"product-type-simple"},"jetpack_sharing_enabled":true,"_links":{"self":[{"href":"https:\/\/familycancat.com\/en\/wp-json\/wp\/v2\/product\/8219","targetHints":{"allow":["GET"]}}],"collection":[{"href":"https:\/\/familycancat.com\/en\/wp-json\/wp\/v2\/product"}],"about":[{"href":"https:\/\/familycancat.com\/en\/wp-json\/wp\/v2\/types\/product"}],"version-history":[{"count":1,"href":"https:\/\/familycancat.com\/en\/wp-json\/wp\/v2\/product\/8219\/revisions"}],"predecessor-version":[{"id":8221,"href":"https:\/\/familycancat.com\/en\/wp-json\/wp\/v2\/product\/8219\/revisions\/8221"}],"wp:featuredmedia":[{"embeddable":true,"href":"https:\/\/familycancat.com\/en\/wp-json\/wp\/v2\/media\/8220"}],"wp:attachment":[{"href":"https:\/\/familycancat.com\/en\/wp-json\/wp\/v2\/media?parent=8219"}],"wp:term":[{"taxonomy":"brand","embeddable":true,"href":"https:\/\/familycancat.com\/en\/wp-json\/wp\/v2\/etheme_brands?post=8219"},{"taxonomy":"product_cat","embeddable":true,"href":"https:\/\/familycancat.com\/en\/wp-json\/wp\/v2\/product_cat?post=8219"},{"taxonomy":"product_tag","embeddable":true,"href":"https:\/\/familycancat.com\/en\/wp-json\/wp\/v2\/product_tag?post=8219"}],"curies":[{"name":"wp","href":"https:\/\/api.w.org\/{rel}","templated":true}]}}