{"id":8204,"date":"2025-03-04T17:45:36","date_gmt":"2025-03-04T16:45:36","guid":{"rendered":"https:\/\/familycancat.com\/?post_type=product&#038;p=8204"},"modified":"2026-04-01T17:41:53","modified_gmt":"2026-04-01T16:41:53","slug":"dibaq-sense-conejo-y-pavo-380-gr","status":"publish","type":"product","link":"https:\/\/familycancat.com\/en\/product\/dibaq-sense-conejo-y-pavo-380-gr\/","title":{"rendered":"Dibaq Sense Conejo y Pavo 380 Gr"},"content":{"rendered":"<h3 class=\"section-title\">Descripci\u00f3n<\/h3>\n<div id=\"description\" class=\"info_content\" aria-labelledby=\"description-info\">\n<div class=\"product-description\">\n<p>INFORMACI\u00d3N T\u00c9CNICA DEL PRODUCTO<\/p>\n<p>COMPOSICI\u00d3N: Carnes frescas 80% (conejo 40%* y pavo 40%*), patata, verduras y frutas frescas 4% (zanahoria*, espinacas*, ar\u00e1ndanos*y manzana*), aceite de salm\u00f3n 1% (fuente de \u00e1cidos grasos omega 3 y 6), pack protector articular 0,5% (condroit\u00edn sulfato, glucosamina clorhidrato y MSM), sustancias minerales, plantas arom\u00e1ticas con propiedades antioxidantes naturales 0,02% (romero*, tomillo* y or\u00e9gano*).* Ingredientes naturales.<\/p>\n<p>COMPONENTES ANAL\u00cdTICOS: Prote\u00edna bruta 10,2%, Grasa bruta 9%, Fibra bruta 0,9%, Materia inorg\u00e1nica 0,9%, Humedad 75%, Vitamina A 2700 UI\/Kg, Vitamina D3 270 UI\/Kg, Vitamina E (acetato de todo-rac-\u03b1-tocoferilo) 14 mg\/Kg. Energ\u00eda metabolizable 1.262 kcal\/kg<\/p>\n<p>ADITIVOS: Aditivos nutricionales\/kg: Oligoelementos: Hierro 1,3 mg (como carbonato de hierro (II)), Yodo 0,3 mg (como yodato de calcio anhidro), Cobre 1,2 mg (como sulfato de cobre (II) pentahidratado), Manganeso 4,5 mg (como \u00f3xido de manganeso (II)), Zinc 18,5 mg (como \u00f3xido de zinc), Selenio 0,02 mg (como selenito s\u00f3dico). Aditivos tecnol\u00f3gicos: Gelificantes.<\/p>\n<\/div>\n<\/div>","protected":false},"excerpt":{"rendered":"<p>Dibaq Sense Conejo y Pavo es un alimento completo hipoalerg\u00e9nico elaborado sin cereales, para perros adultos de todas las razas con digesti\u00f3n sensible. Elaborado con ingredientes en su origen de consumo humano.<\/p>","protected":false},"featured_media":8451,"template":"","meta":[],"etheme_brands":[{"term_id":127,"name":"SENSE","slug":"sense","term_group":0,"term_taxonomy_id":127,"taxonomy":"brand","description":"","parent":0,"count":20,"filter":"raw"}],"product_cat":[96,20,89],"product_tag":[],"class_list":{"0":"post-8204","1":"product","2":"type-product","3":"status-publish","4":"has-post-thumbnail","6":"brand-sense","7":"product_cat-todos-los-productos","8":"product_cat-perros","9":"product_cat-comida-humeda-para-perros","11":"first","12":"instock","13":"taxable","14":"shipping-taxable","15":"purchasable","16":"product-type-simple"},"jetpack_sharing_enabled":true,"_links":{"self":[{"href":"https:\/\/familycancat.com\/en\/wp-json\/wp\/v2\/product\/8204","targetHints":{"allow":["GET"]}}],"collection":[{"href":"https:\/\/familycancat.com\/en\/wp-json\/wp\/v2\/product"}],"about":[{"href":"https:\/\/familycancat.com\/en\/wp-json\/wp\/v2\/types\/product"}],"version-history":[{"count":1,"href":"https:\/\/familycancat.com\/en\/wp-json\/wp\/v2\/product\/8204\/revisions"}],"predecessor-version":[{"id":8206,"href":"https:\/\/familycancat.com\/en\/wp-json\/wp\/v2\/product\/8204\/revisions\/8206"}],"wp:featuredmedia":[{"embeddable":true,"href":"https:\/\/familycancat.com\/en\/wp-json\/wp\/v2\/media\/8451"}],"wp:attachment":[{"href":"https:\/\/familycancat.com\/en\/wp-json\/wp\/v2\/media?parent=8204"}],"wp:term":[{"taxonomy":"brand","embeddable":true,"href":"https:\/\/familycancat.com\/en\/wp-json\/wp\/v2\/etheme_brands?post=8204"},{"taxonomy":"product_cat","embeddable":true,"href":"https:\/\/familycancat.com\/en\/wp-json\/wp\/v2\/product_cat?post=8204"},{"taxonomy":"product_tag","embeddable":true,"href":"https:\/\/familycancat.com\/en\/wp-json\/wp\/v2\/product_tag?post=8204"}],"curies":[{"name":"wp","href":"https:\/\/api.w.org\/{rel}","templated":true}]}}