{"id":8172,"date":"2025-02-28T11:19:44","date_gmt":"2025-02-28T10:19:44","guid":{"rendered":"https:\/\/familycancat.com\/?post_type=product&#038;p=8172"},"modified":"2026-03-14T11:17:23","modified_gmt":"2026-03-14T10:17:23","slug":"farmina-nd-dog-cordero-y-quinoa-weight-management-285-gr","status":"publish","type":"product","link":"https:\/\/familycancat.com\/en\/product\/farmina-nd-dog-cordero-y-quinoa-weight-management-285-gr\/","title":{"rendered":"Farmina Nd Dog Cordero y Quinoa Weight Management 285 Gr"},"content":{"rendered":"<div>\n<p><strong>Farmina N&amp;D Grain Free Quinoa Adult Dog Weight Management Cordero Lata<\/strong><\/p>\n<p>&nbsp;<\/p>\n<p>Alimento completo\u00a0formulado especialmente para perros adultos.\u00a0Indicado\u00a0para recuperar el peso ideal y para animales con tendencia a engordar al ayudar a mantener su peso \u00f3ptimo a trav\u00e9s de un alimento delicioso.\u00a0Elaborado a base de cordero\u00a0y quinoa cumpliendo los niveles nutricionales establecidos.<\/p>\n<p>&nbsp;<\/p>\n<p>Farmina ha desarrollado una innovadora l\u00ednea para perros:<strong>\u00a0Natural &amp; Delicious Quinoa Formula.\u00a0<\/strong>Se trata de una gama de alimentos libre de cereales, con un alto porcentaje de ingredientes de origen animal (hasta un 96%) y quinoa procedente de granjas ecol\u00f3gicas de Italia.<\/p>\n<p>La quinoa es una fuente de energ\u00eda que permite mantener un bajo \u00edndice gluc\u00e9mico, favorece una digesti\u00f3n \u00f3ptima y saludable al ser fuente de fibra y aporta antioxidantes naturales. N&amp;D Quinoa est\u00e1 disponible en diversas f\u00f3rmulas y todas ellas garantizan un aporte natural de frutas y vegetales con alto valor nutricional. La quinoa se considera un alimento con gran n\u00famero de propiedades beneficiosas que contribuyen al bienestar de la mascota. En determinadas situaciones, tanto fisiol\u00f3gicas como patol\u00f3gicas, este tipo de soporte nutricional puede ser necesario y \u00fatil:<\/p>\n<p>&nbsp;<\/p>\n<p><strong>Composici\u00f3n:\u00a0<\/strong>Cordero, arenque hidrolizado,\u00a0quinoa, aceite de arenque, br\u00f3coli, esp\u00e1rragos, fructooligosac\u00e1ridos, carbonato de calcio, c\u00e1scara de semilla de psyllium, cloruro de potasio, suplemento de vitamina A, suplemento de vitamina D, suplemento de vitamina E, cloruro de colina, zinc metionina hidroxi an\u00e1logo de quelato, metionina manganeso quelato an\u00e1logo hidroxilado, complejo de glicina ferrosa, metionina de cobre quelato an\u00e1logo hidroxilado, DL-metionina, taurina, L-carnitina.<\/p>\n<p><strong>Aditivos nutricionales:<\/strong>\u00a0Vitamina A 4000IU; Vitamina D3 400 UI; Vitamina E 130 mg; an\u00e1logo hidroxilado de metionina 200 mg de zinc quelado; metionina hidroxi an\u00e1logo manganeso quelado 40 mg; metionina hidroxi an\u00e1logo hierro quelado 70 mg; metionina an\u00e1logo hidroxi cobre quelado 16 mg; levadura selenizada inactivada 1,10 mg; DL-metionina 1000 mg; taurina 500 mg; L-Carnitina 100mg.<\/p>\n<p><strong>Componentes anal\u00edticos:<\/strong><\/p>\n<p>Prote\u00edna bruta (min) 10,50%; grasa cruda (min) 3,00%; fibra cruda (max) 2,20%; humedad (max) 78.00%; ceniza (max) 3.30%.<\/p>\n<p>&nbsp;<\/p>\n<p><strong>Presentaci\u00f3n: 285gr.<\/strong><\/p>\n<\/div>","protected":false},"excerpt":{"rendered":"<p>Farmina N&amp;D Grain Free Quinoa Adult Dog Weight Management Cordero Lata &nbsp; Alimento completo\u00a0formulado especialmente para perros adultos.\u00a0Indicado\u00a0para recuperar el peso ideal y para animales&#8230;<\/p>","protected":false},"featured_media":8174,"template":"","meta":[],"etheme_brands":[{"term_id":99,"name":"FARMINA","slug":"farmina","term_group":0,"term_taxonomy_id":99,"taxonomy":"brand","description":"","parent":0,"count":127,"filter":"raw"}],"product_cat":[96,20,89],"product_tag":[],"class_list":{"0":"post-8172","1":"product","2":"type-product","3":"status-publish","4":"has-post-thumbnail","6":"brand-farmina","7":"product_cat-todos-los-productos","8":"product_cat-perros","9":"product_cat-comida-humeda-para-perros","11":"first","12":"instock","13":"taxable","14":"shipping-taxable","15":"purchasable","16":"product-type-simple"},"jetpack_sharing_enabled":true,"_links":{"self":[{"href":"https:\/\/familycancat.com\/en\/wp-json\/wp\/v2\/product\/8172","targetHints":{"allow":["GET"]}}],"collection":[{"href":"https:\/\/familycancat.com\/en\/wp-json\/wp\/v2\/product"}],"about":[{"href":"https:\/\/familycancat.com\/en\/wp-json\/wp\/v2\/types\/product"}],"version-history":[{"count":1,"href":"https:\/\/familycancat.com\/en\/wp-json\/wp\/v2\/product\/8172\/revisions"}],"predecessor-version":[{"id":8175,"href":"https:\/\/familycancat.com\/en\/wp-json\/wp\/v2\/product\/8172\/revisions\/8175"}],"wp:featuredmedia":[{"embeddable":true,"href":"https:\/\/familycancat.com\/en\/wp-json\/wp\/v2\/media\/8174"}],"wp:attachment":[{"href":"https:\/\/familycancat.com\/en\/wp-json\/wp\/v2\/media?parent=8172"}],"wp:term":[{"taxonomy":"brand","embeddable":true,"href":"https:\/\/familycancat.com\/en\/wp-json\/wp\/v2\/etheme_brands?post=8172"},{"taxonomy":"product_cat","embeddable":true,"href":"https:\/\/familycancat.com\/en\/wp-json\/wp\/v2\/product_cat?post=8172"},{"taxonomy":"product_tag","embeddable":true,"href":"https:\/\/familycancat.com\/en\/wp-json\/wp\/v2\/product_tag?post=8172"}],"curies":[{"name":"wp","href":"https:\/\/api.w.org\/{rel}","templated":true}]}}