{"id":8167,"date":"2025-02-28T11:11:34","date_gmt":"2025-02-28T10:11:34","guid":{"rendered":"https:\/\/familycancat.com\/?post_type=product&#038;p=8167"},"modified":"2026-03-23T18:52:37","modified_gmt":"2026-03-23T17:52:37","slug":"farmina-nd-dog-quinoa-digestion-285-gr","status":"publish","type":"product","link":"https:\/\/familycancat.com\/en\/product\/farmina-nd-dog-quinoa-digestion-285-gr\/","title":{"rendered":"Farmina Nd Dog Quinoa Digestion 285 Gr"},"content":{"rendered":"<p><strong><span class=\"titoletto\">COMPOSICI\u00d3N<\/span><\/strong><\/p>\n<p class=\"comp\">Cordero (35%), prote\u00ednas hidrolizadas de pescado, semillas de quinoa (5%), aceite de pescado, alcachofa, hinojo, fructooligosac\u00e1ridos, extracto de levadura (fuente de manano-oligosac\u00e1ridos), cloruro de colina, levadura de cerveza deshidratada, sulfato de condroitina, glucosamina, vitaminas, minerales.<\/p>\n<p class=\"comp\"><strong><span class=\"titoletto\">ADITIVOS POR KG<\/span><\/strong><\/p>\n<p class=\"comp\">Aditivos nutricionales: Vitamina A 4000IU; Vitamina D3 400IU; Vitamina E 130mg; Quelato de Zinc de metionina hidroxilada 200mg; Quelato de Manganeso de metionina hidroxilada 40mg; Quelato de Hierro de metionina hidroxilada 70mg; Quelato de Cobre de metionina hidroxilada 16mg; Levadura inactiva selenizada 1. 10mg; DL-Metionina 1800mg; Taurina 500mg; L-Carnitina 150mg.<br \/>\nAditivos organol\u00e9pticos: extracto de t\u00e9 verde 50mg<\/p>\n<p class=\"comp\"><strong><span class=\"titoletto\">COMPONENTES ANAL\u00cdTICOS<\/span><\/strong><\/p>\n<p class=\"comp\">Humedad 75,00%; prote\u00edna bruta 10,40%; aceites y grasas brutas 3,80%; fibras brutas 0,90%; ceniza bruta 3,30%.<\/p>\n<p class=\"comp\"><span class=\"titoletto\">VALOR ENERG\u00c9TICO<\/span><\/p>\n<p class=\"comp\">EM Kcal\/Kg 974 &#8211; Mj\/Kg 4,07<\/p>","protected":false},"excerpt":{"rendered":"<p>Alimento h\u00famedo completo para perros adultos.<br \/>\nFarmina Nd Dog Quinoa Digestion es un alimento diet\u00e9tico completo para perros, sugerido para la compensaci\u00f3n de la mala digesti\u00f3n y la insuficiencia pancre\u00e1tica exocrina.<\/p>","protected":false},"featured_media":8168,"template":"","meta":[],"etheme_brands":[{"term_id":99,"name":"FARMINA","slug":"farmina","term_group":0,"term_taxonomy_id":99,"taxonomy":"brand","description":"","parent":0,"count":127,"filter":"raw"}],"product_cat":[96,20,89],"product_tag":[],"class_list":{"0":"post-8167","1":"product","2":"type-product","3":"status-publish","4":"has-post-thumbnail","6":"brand-farmina","7":"product_cat-todos-los-productos","8":"product_cat-perros","9":"product_cat-comida-humeda-para-perros","11":"first","12":"instock","13":"taxable","14":"shipping-taxable","15":"purchasable","16":"product-type-simple"},"jetpack_sharing_enabled":true,"_links":{"self":[{"href":"https:\/\/familycancat.com\/en\/wp-json\/wp\/v2\/product\/8167","targetHints":{"allow":["GET"]}}],"collection":[{"href":"https:\/\/familycancat.com\/en\/wp-json\/wp\/v2\/product"}],"about":[{"href":"https:\/\/familycancat.com\/en\/wp-json\/wp\/v2\/types\/product"}],"version-history":[{"count":2,"href":"https:\/\/familycancat.com\/en\/wp-json\/wp\/v2\/product\/8167\/revisions"}],"predecessor-version":[{"id":8170,"href":"https:\/\/familycancat.com\/en\/wp-json\/wp\/v2\/product\/8167\/revisions\/8170"}],"wp:featuredmedia":[{"embeddable":true,"href":"https:\/\/familycancat.com\/en\/wp-json\/wp\/v2\/media\/8168"}],"wp:attachment":[{"href":"https:\/\/familycancat.com\/en\/wp-json\/wp\/v2\/media?parent=8167"}],"wp:term":[{"taxonomy":"brand","embeddable":true,"href":"https:\/\/familycancat.com\/en\/wp-json\/wp\/v2\/etheme_brands?post=8167"},{"taxonomy":"product_cat","embeddable":true,"href":"https:\/\/familycancat.com\/en\/wp-json\/wp\/v2\/product_cat?post=8167"},{"taxonomy":"product_tag","embeddable":true,"href":"https:\/\/familycancat.com\/en\/wp-json\/wp\/v2\/product_tag?post=8167"}],"curies":[{"name":"wp","href":"https:\/\/api.w.org\/{rel}","templated":true}]}}