{"id":8164,"date":"2025-02-28T11:05:11","date_gmt":"2025-02-28T10:05:11","guid":{"rendered":"https:\/\/familycancat.com\/?post_type=product&#038;p=8164"},"modified":"2026-04-01T18:57:42","modified_gmt":"2026-04-01T17:57:42","slug":"farmina-nd-dog-pumpkin-jabali-y-calabaza-285-gr","status":"publish","type":"product","link":"https:\/\/familycancat.com\/en\/product\/farmina-nd-dog-pumpkin-jabali-y-calabaza-285-gr\/","title":{"rendered":"Farmina ND Dog Pumpkin Jabal\u00ed y Calabaza 285 GR"},"content":{"rendered":"<div>\n<p><strong>Alimento completo formulado especialmente para perros adultos. Elaborado a base de jabal\u00ed, calabaza y manzana\u00a0cumpliendo los niveles nutricionales establecidos.<\/strong><\/p>\n<p>&nbsp;<\/p>\n<p>Farmina ha desarrollado una innovadora l\u00ednea para perros:\u00a0<strong>Natural &amp; Delicious Pumpkin\u00a0Formula.<\/strong>\u00a0Se trata de una gama de alimentos libre de cereales, con un alto porcentaje de ingredientes de origen animal (hasta un 96%) y calabaza\u00a0procedente de granjas ecol\u00f3gicas de Italia.<\/p>\n<p><strong>Composici\u00f3n:<\/strong>\u00a0Jabal\u00ed, arenque, calabaza, huevos, aceite de arenque, batatas, manzanas, fructooligosac\u00e1rido, sulfato de condroitina, hidrocloruro de glucosamina, suplemento de vitamina A, suplemento de vitamina D, suplemento de vitamina E, cloruro de colina, quelato de metionina de zinc, quelato an\u00e1logo hidroxi metionina, quelato de manganeso, an\u00e1logo hidroxi , complejo ferroso de glicina, cobre metionina quelato an\u00e1logo hidroxilado, levadura de selenio, DL-metionina, taurina, L-carnitina.<\/p>\n<p><strong>Aditivos nutricionales:\u00a0<\/strong>Vitamina A 4000IU; Vitamina D3 400 UI; Vitamina E 130 mg; an\u00e1logo hidroxilado de metionina 200 mg de zinc quelado; metionina hidroxi an\u00e1logo manganeso quelado 40 mg; metionina hidroxi an\u00e1logo hierro quelado 70 mg; metionina an\u00e1logo hidroxi cobre quelado 16 mg; levadura selenizada inactivada 1,10 mg; DL-metionina 1000 mg; taurina 500 mg; L-Carnitina 50mg.<\/p>\n<p><strong>Componentes anal\u00edticos:<\/strong><\/p>\n<p>Prote\u00edna bruta (min) 10,50%; grasa cruda (min) 5,50%; fibra cruda (max) 2,00%; humedad (max) 78.00%; ceniza (max) 1.80%. ME calculada: 1100 kcal \/ kg &#8211; 313.5 kcal \/ lata<\/p>\n<p>&nbsp;<\/p>\n<p><strong>Presentaci\u00f3n: 285gr.<\/strong><\/p>\n<\/div>","protected":false},"excerpt":{"rendered":"<p>Alimento completo formulado especialmente para perros adultos. Elaborado a base de jabal\u00ed, calabaza y manzana\u00a0cumpliendo los niveles nutricionales establecidos. &nbsp; Farmina ha desarrollado una innovadora&#8230;<\/p>","protected":false},"featured_media":8165,"template":"","meta":[],"etheme_brands":[{"term_id":99,"name":"FARMINA","slug":"farmina","term_group":0,"term_taxonomy_id":99,"taxonomy":"brand","description":"","parent":0,"count":127,"filter":"raw"}],"product_cat":[96,20,89],"product_tag":[],"class_list":{"0":"post-8164","1":"product","2":"type-product","3":"status-publish","4":"has-post-thumbnail","6":"brand-farmina","7":"product_cat-todos-los-productos","8":"product_cat-perros","9":"product_cat-comida-humeda-para-perros","11":"first","12":"instock","13":"taxable","14":"shipping-taxable","15":"purchasable","16":"product-type-simple"},"jetpack_sharing_enabled":true,"_links":{"self":[{"href":"https:\/\/familycancat.com\/en\/wp-json\/wp\/v2\/product\/8164","targetHints":{"allow":["GET"]}}],"collection":[{"href":"https:\/\/familycancat.com\/en\/wp-json\/wp\/v2\/product"}],"about":[{"href":"https:\/\/familycancat.com\/en\/wp-json\/wp\/v2\/types\/product"}],"version-history":[{"count":1,"href":"https:\/\/familycancat.com\/en\/wp-json\/wp\/v2\/product\/8164\/revisions"}],"predecessor-version":[{"id":8166,"href":"https:\/\/familycancat.com\/en\/wp-json\/wp\/v2\/product\/8164\/revisions\/8166"}],"wp:featuredmedia":[{"embeddable":true,"href":"https:\/\/familycancat.com\/en\/wp-json\/wp\/v2\/media\/8165"}],"wp:attachment":[{"href":"https:\/\/familycancat.com\/en\/wp-json\/wp\/v2\/media?parent=8164"}],"wp:term":[{"taxonomy":"brand","embeddable":true,"href":"https:\/\/familycancat.com\/en\/wp-json\/wp\/v2\/etheme_brands?post=8164"},{"taxonomy":"product_cat","embeddable":true,"href":"https:\/\/familycancat.com\/en\/wp-json\/wp\/v2\/product_cat?post=8164"},{"taxonomy":"product_tag","embeddable":true,"href":"https:\/\/familycancat.com\/en\/wp-json\/wp\/v2\/product_tag?post=8164"}],"curies":[{"name":"wp","href":"https:\/\/api.w.org\/{rel}","templated":true}]}}