{"id":8158,"date":"2025-02-28T10:48:53","date_gmt":"2025-02-28T09:48:53","guid":{"rendered":"https:\/\/familycancat.com\/?post_type=product&#038;p=8158"},"modified":"2026-03-26T17:25:47","modified_gmt":"2026-03-26T16:25:47","slug":"farmina-nd-dog-ocean-salmon-calabaza-285-gr","status":"publish","type":"product","link":"https:\/\/familycancat.com\/en\/product\/farmina-nd-dog-ocean-salmon-calabaza-285-gr\/","title":{"rendered":"Farmina ND DOG Ocean Salmon Calabaza 285 GR"},"content":{"rendered":"<p><strong>Alimento h\u00famedo\u00a0completo formulado especialmente para perros adultos. Elaborado a base de bacalao y\u00a0calabaza\u00a0cumpliendo los niveles nutricionales establecidos.<\/strong><\/p>\n<p>&nbsp;<\/p>\n<p>Farmina ha desarrollado una innovadora l\u00ednea para perros:\u00a0<strong>Natural &amp; Delicious Pumpkin\u00a0Formula.<\/strong>\u00a0Se trata de una gama de alimentos libre de cereales, con un alto porcentaje de ingredientes de origen animal (hasta un 96%) y calabaza\u00a0procedente de granjas ecol\u00f3gicas de Italia.<\/p>\n<p><strong>Composici\u00f3n:<\/strong>\u00a0bacalao, arenque, camotes, calabaza, aceite de arenque, camar\u00f3n, fructooligosac\u00e1rido, carbonato de calcio, cloruro de potasio, sulfato de condroitina, clorhidrato de glucosamina, suplemento de vitamina A, suplemento de vitamina D, suplemento de vitamina E, cloruro de colina, zinc metionina hidroxi quelato an\u00e1logo, manganeso metionina hidroxi an\u00e1logo de quelato, ferroso glicina complejo, cobre metionina hidroxi an\u00e1logo de quelato, selenio levadura, DL-metionina, taurina, L-carnitina.<\/p>\n<p><strong>Aditivos nutricionales:\u00a0<\/strong>\u00a0Vitamina A 4000IU; Vitamina D3 400 UI; Vitamina E 130 mg; an\u00e1logo hidroxilado de metionina 200 mg de zinc quelado; metionina hidroxi an\u00e1logo manganeso quelado 40 mg; metionina hidroxi an\u00e1logo hierro quelado 70 mg; metionina an\u00e1logo hidroxi cobre quelado 16 mg; levadura selenizada inactivada 1,10 mg; DL-metionina 1000 mg; taurina 500 mg; L-Carnitina 50mg.<\/p>\n<p><strong>Componentes anal\u00edticos:<\/strong><\/p>\n<p>prote\u00edna cruda (min) 10,50%; grasa cruda (min) 4,30%; fibra cruda (max) 1,00%; humedad (max) 81.00%; ceniza (max).<\/p>\n<p>&nbsp;<\/p>\n<p><strong>Presentaci\u00f3n: 285gr.<\/strong><\/p>","protected":false},"excerpt":{"rendered":"<p>Alimento h\u00famedo\u00a0completo formulado especialmente para perros adultos. Elaborado a base de bacalao y\u00a0calabaza\u00a0cumpliendo los niveles nutricionales establecidos. &nbsp; Farmina ha desarrollado una innovadora l\u00ednea para&#8230;<\/p>","protected":false},"featured_media":8159,"template":"","meta":[],"etheme_brands":[{"term_id":99,"name":"FARMINA","slug":"farmina","term_group":0,"term_taxonomy_id":99,"taxonomy":"brand","description":"","parent":0,"count":127,"filter":"raw"}],"product_cat":[96,20,89],"product_tag":[],"class_list":{"0":"post-8158","1":"product","2":"type-product","3":"status-publish","4":"has-post-thumbnail","6":"brand-farmina","7":"product_cat-todos-los-productos","8":"product_cat-perros","9":"product_cat-comida-humeda-para-perros","11":"first","12":"instock","13":"taxable","14":"shipping-taxable","15":"purchasable","16":"product-type-simple"},"jetpack_sharing_enabled":true,"_links":{"self":[{"href":"https:\/\/familycancat.com\/en\/wp-json\/wp\/v2\/product\/8158","targetHints":{"allow":["GET"]}}],"collection":[{"href":"https:\/\/familycancat.com\/en\/wp-json\/wp\/v2\/product"}],"about":[{"href":"https:\/\/familycancat.com\/en\/wp-json\/wp\/v2\/types\/product"}],"version-history":[{"count":1,"href":"https:\/\/familycancat.com\/en\/wp-json\/wp\/v2\/product\/8158\/revisions"}],"predecessor-version":[{"id":8160,"href":"https:\/\/familycancat.com\/en\/wp-json\/wp\/v2\/product\/8158\/revisions\/8160"}],"wp:featuredmedia":[{"embeddable":true,"href":"https:\/\/familycancat.com\/en\/wp-json\/wp\/v2\/media\/8159"}],"wp:attachment":[{"href":"https:\/\/familycancat.com\/en\/wp-json\/wp\/v2\/media?parent=8158"}],"wp:term":[{"taxonomy":"brand","embeddable":true,"href":"https:\/\/familycancat.com\/en\/wp-json\/wp\/v2\/etheme_brands?post=8158"},{"taxonomy":"product_cat","embeddable":true,"href":"https:\/\/familycancat.com\/en\/wp-json\/wp\/v2\/product_cat?post=8158"},{"taxonomy":"product_tag","embeddable":true,"href":"https:\/\/familycancat.com\/en\/wp-json\/wp\/v2\/product_tag?post=8158"}],"curies":[{"name":"wp","href":"https:\/\/api.w.org\/{rel}","templated":true}]}}