{"id":8155,"date":"2025-02-28T10:40:21","date_gmt":"2025-02-28T09:40:21","guid":{"rendered":"https:\/\/familycancat.com\/?post_type=product&#038;p=8155"},"modified":"2026-03-24T18:11:42","modified_gmt":"2026-03-24T17:11:42","slug":"farmina-nd-prime-pollo-y-granada-285-gr","status":"publish","type":"product","link":"https:\/\/familycancat.com\/en\/product\/farmina-nd-prime-pollo-y-granada-285-gr\/","title":{"rendered":"Farmina Nd Prime Pollo y Granada 285 Gr"},"content":{"rendered":"<p><strong>Alimento h\u00famedo completo formulado especialmente para perros\u00a0adultos. Elaborado a base de pollo y granada cumpliendo los niveles nutricionales establecidos.<\/strong><\/p>\n<p><strong>Farmina\u00a0<\/strong>ha desarrollado una innovadora l\u00ednea para perros:<strong>\u00a0Natural &amp; Delicious Prime Formula<\/strong>. Se trata de una gama de alimentos libre de cereales, con un alto porcentaje de carne.<\/p>\n<p><strong>Composici\u00f3n:<\/strong>\u00a0Pollo, arenque, batatas, huevos, aceite de arenque, granada, fructooligosac\u00e1rido, sulfato de condroitina, hidrocloruro de glucosamina, suplemento de vitamina A, suplemento de vitamina D, suplemento de vitamina E, cloruro de colina, quelato de metionina de zinc an\u00e1logo hidroxilado de metionina de manganeso, quelato an\u00e1logo hidroxi de manganeso Complejo de glicina, quelato de cobre metionina hidroxi quelato, levadura de selenio, DL-metionina, taurina, L-carnitina.<\/p>\n<p><strong>Aditivos nutricionales:\u00a0<\/strong>Vitamina A 4000IU; Vitamina D3 400 UI; Vitamina E 130 mg; an\u00e1logo hidroxilado de metionina 200 mg de zinc quelado; metionina hidroxi an\u00e1logo manganeso quelado 40 mg; metionina hidroxi an\u00e1logo hierro quelado 70 mg; metionina an\u00e1logo hidroxi cobre quelado 16 mg; levadura selenizada inactivada 1,10 mg; DL-metionina 1000 mg; taurina 500 mg; L-Carnitina 50mg.<\/p>\n<p><strong>Componentes anal\u00edticos:<\/strong><\/p>\n<p>prote\u00edna cruda (min) 11,50%; grasa cruda (min) 4,50%; fibra cruda (max) 0,80%; humedad (max) 78.00%; ceniza (max) 1.80%. ME calculada: 1116 kcal \/ kg &#8211; 318.10 kcal \/ lata<\/p>\n<p>&nbsp;<\/p>\n<p><strong>Presentaci\u00f3n: 285gr.<\/strong><\/p>","protected":false},"excerpt":{"rendered":"<p>Alimento h\u00famedo completo formulado especialmente para perros\u00a0adultos. Elaborado a base de pollo y granada cumpliendo los niveles nutricionales establecidos. Farmina\u00a0ha desarrollado una innovadora l\u00ednea para&#8230;<\/p>","protected":false},"featured_media":8156,"template":"","meta":[],"etheme_brands":[{"term_id":99,"name":"FARMINA","slug":"farmina","term_group":0,"term_taxonomy_id":99,"taxonomy":"brand","description":"","parent":0,"count":127,"filter":"raw"}],"product_cat":[96,20,89],"product_tag":[],"class_list":{"0":"post-8155","1":"product","2":"type-product","3":"status-publish","4":"has-post-thumbnail","6":"brand-farmina","7":"product_cat-todos-los-productos","8":"product_cat-perros","9":"product_cat-comida-humeda-para-perros","11":"first","12":"instock","13":"taxable","14":"shipping-taxable","15":"purchasable","16":"product-type-simple"},"jetpack_sharing_enabled":true,"_links":{"self":[{"href":"https:\/\/familycancat.com\/en\/wp-json\/wp\/v2\/product\/8155","targetHints":{"allow":["GET"]}}],"collection":[{"href":"https:\/\/familycancat.com\/en\/wp-json\/wp\/v2\/product"}],"about":[{"href":"https:\/\/familycancat.com\/en\/wp-json\/wp\/v2\/types\/product"}],"version-history":[{"count":1,"href":"https:\/\/familycancat.com\/en\/wp-json\/wp\/v2\/product\/8155\/revisions"}],"predecessor-version":[{"id":8157,"href":"https:\/\/familycancat.com\/en\/wp-json\/wp\/v2\/product\/8155\/revisions\/8157"}],"wp:featuredmedia":[{"embeddable":true,"href":"https:\/\/familycancat.com\/en\/wp-json\/wp\/v2\/media\/8156"}],"wp:attachment":[{"href":"https:\/\/familycancat.com\/en\/wp-json\/wp\/v2\/media?parent=8155"}],"wp:term":[{"taxonomy":"brand","embeddable":true,"href":"https:\/\/familycancat.com\/en\/wp-json\/wp\/v2\/etheme_brands?post=8155"},{"taxonomy":"product_cat","embeddable":true,"href":"https:\/\/familycancat.com\/en\/wp-json\/wp\/v2\/product_cat?post=8155"},{"taxonomy":"product_tag","embeddable":true,"href":"https:\/\/familycancat.com\/en\/wp-json\/wp\/v2\/product_tag?post=8155"}],"curies":[{"name":"wp","href":"https:\/\/api.w.org\/{rel}","templated":true}]}}