{"id":7887,"date":"2025-02-13T17:15:57","date_gmt":"2025-02-13T16:15:57","guid":{"rendered":"https:\/\/familycancat.com\/?post_type=product&#038;p=7887"},"modified":"2026-03-14T13:27:58","modified_gmt":"2026-03-14T12:27:58","slug":"cats-love-sobre-pato-85g-senior","status":"publish","type":"product","link":"https:\/\/familycancat.com\/en\/product\/cats-love-sobre-pato-85g-senior\/","title":{"rendered":"Cats Love Sobre Pato 85g Senior"},"content":{"rendered":"<h2>Alimentaci\u00f3n Completa y 100% Natural de Pato para Gatos Senior<\/h2>\n<p>Para todos los gatos de m\u00e1s de 10 a\u00f1os, tenemos la alimentaci\u00f3n m\u00e1s completa y\u00a0<strong>100% natural de pato<\/strong>\u00a0en riqu\u00edsimos trozos.<\/p>\n<p>Men\u00fa completo y equilibrado para gatos senior de sabroso pato en trozos.<\/p>\n<div class=\"product-subtitle\">Caracter\u00edsticas del producto:<\/div>\n<dl>\n<dt>Alto contenido en carne o pescado<\/dt>\n<dt>Desarrollada por veterinarios<\/dt>\n<dt>Proporciona los nutrientes necesarios para una salud \u00f3ptima<\/dt>\n<dt>Utiliza productos regionales y agricultores locales<\/dt>\n<dt>F\u00f3rmulas desarrolladas seg\u00fan las leyes austriacas m\u00e1s estrictas en alimentaci\u00f3n<\/dt>\n<\/dl>\n<div class=\"product-subtitle\">Beneficios para tu mascota:<\/div>\n<dl>\n<dt>Prote\u00ednas esenciales en su forma m\u00e1s natural procedentes de pescado\/carne<\/dt>\n<dt><strong>Con Omega 3 y 6:<\/strong>\u00a0Complementado con \u00e1cidos grasos esenciales en la relaci\u00f3n ideal, resultando un pelo sano y brillante<\/dt>\n<dt><strong>Sin cereales:<\/strong>\u00a0Todas las f\u00f3rmulas de CATS LOVE est\u00e1n libres de cereales y son muy digestibles aptas para gatos sensibles<\/dt>\n<dt><strong>Con taurina y vitaminas:<\/strong>\u00a0Gracias a los ingredientes adicionales valiosos y naturales cada men\u00fa completo, cumple con las exigencias de los valores nutricionales necesarios para el gato<\/dt>\n<dt><strong>100% natural:<\/strong>\u00a0En nuestros men\u00fas naturales renunciamos a aromas artificiales, conservantes, saborizantes y aditivos qu\u00edmicos<\/dt>\n<\/dl>\n<div class=\"product-subtitle\">Ingredientes:<\/div>\n<table>\n<tbody>\n<tr>\n<th>Ingrediente<\/th>\n<th>% composici\u00f3n<\/th>\n<\/tr>\n<tr>\n<td>Pato &amp; pavo<\/td>\n<td>92%<\/td>\n<\/tr>\n<tr>\n<td>Minerales<\/td>\n<td>nd<\/td>\n<\/tr>\n<tr>\n<td>Aceite de cardo<\/td>\n<td>0.25%<\/td>\n<\/tr>\n<tr>\n<td>Hojas de apio de monte<\/td>\n<td>0.1%<\/td>\n<\/tr>\n<\/tbody>\n<\/table>\n<p>Listado completo: Pato &amp; pavo, minerales, aceite de cardo, hojas de apio de monte.<\/p>\n<p>Una alimentaci\u00f3n completa y equilibrada, adecuada para su gato, con todas las garant\u00edas. Alta palatabilidad y gran aceptaci\u00f3n.<\/p>","protected":false},"excerpt":{"rendered":"<p>Cats Love Pavo Senior &#8211; Comida humeda natural mayor sobre de 85g con sabor a pato, rico en prote\u00ednas, sin cereales y bajo en carbohidratos<\/p>","protected":false},"featured_media":7888,"template":"","meta":[],"etheme_brands":[{"term_id":138,"name":"CAT LOVE","slug":"cat-love","term_group":0,"term_taxonomy_id":138,"taxonomy":"brand","description":"","parent":0,"count":31,"filter":"raw"}],"product_cat":[96,25,83],"product_tag":[],"class_list":{"0":"post-7887","1":"product","2":"type-product","3":"status-publish","4":"has-post-thumbnail","6":"brand-cat-love","7":"product_cat-todos-los-productos","8":"product_cat-gatos","9":"product_cat-comida-humeda-para-gatos","11":"first","12":"instock","13":"taxable","14":"shipping-taxable","15":"purchasable","16":"product-type-simple"},"jetpack_sharing_enabled":true,"_links":{"self":[{"href":"https:\/\/familycancat.com\/en\/wp-json\/wp\/v2\/product\/7887","targetHints":{"allow":["GET"]}}],"collection":[{"href":"https:\/\/familycancat.com\/en\/wp-json\/wp\/v2\/product"}],"about":[{"href":"https:\/\/familycancat.com\/en\/wp-json\/wp\/v2\/types\/product"}],"version-history":[{"count":1,"href":"https:\/\/familycancat.com\/en\/wp-json\/wp\/v2\/product\/7887\/revisions"}],"predecessor-version":[{"id":7889,"href":"https:\/\/familycancat.com\/en\/wp-json\/wp\/v2\/product\/7887\/revisions\/7889"}],"wp:featuredmedia":[{"embeddable":true,"href":"https:\/\/familycancat.com\/en\/wp-json\/wp\/v2\/media\/7888"}],"wp:attachment":[{"href":"https:\/\/familycancat.com\/en\/wp-json\/wp\/v2\/media?parent=7887"}],"wp:term":[{"taxonomy":"brand","embeddable":true,"href":"https:\/\/familycancat.com\/en\/wp-json\/wp\/v2\/etheme_brands?post=7887"},{"taxonomy":"product_cat","embeddable":true,"href":"https:\/\/familycancat.com\/en\/wp-json\/wp\/v2\/product_cat?post=7887"},{"taxonomy":"product_tag","embeddable":true,"href":"https:\/\/familycancat.com\/en\/wp-json\/wp\/v2\/product_tag?post=7887"}],"curies":[{"name":"wp","href":"https:\/\/api.w.org\/{rel}","templated":true}]}}