{"id":7884,"date":"2025-02-13T17:12:52","date_gmt":"2025-02-13T16:12:52","guid":{"rendered":"https:\/\/familycancat.com\/?post_type=product&#038;p=7884"},"modified":"2026-03-25T12:34:45","modified_gmt":"2026-03-25T11:34:45","slug":"cats-love-sobre-junior-bio-aves-de-corral-100g","status":"publish","type":"product","link":"https:\/\/familycancat.com\/en\/product\/cats-love-sobre-junior-bio-aves-de-corral-100g\/","title":{"rendered":"Cats Love Sobre Junior Bio Aves de Corral 100g"},"content":{"rendered":"<h2>Cats Love Junior Bio Aves de Corral 100g<\/h2>\n<p>Cat\u00b4s Love trae para vosotros estas delicadas recetas de un alimento h\u00famedo 100% Bio, una comida deliciosa y muy equilibrada que se adapta a las necesidades de todos los gatos, hasta los m\u00e1s sensibles, para que vivan una vida larga y saludable.<\/p>\n<div class=\"product-subtitle\">Caracter\u00edsticas del producto:<\/div>\n<dl>\n<dt>Alimento h\u00famedo bio 100% natural.<\/dt>\n<dt>Ingredientes de alta calidad.<\/dt>\n<dt>De cultivos ecol\u00f3gicos controlados.<\/dt>\n<dt>Carne de ganader\u00eda biol\u00f3gica.<\/dt>\n<dt>Receta de aves de corral.<\/dt>\n<\/dl>\n<div class=\"product-subtitle\">Ingredientes:<\/div>\n<table>\n<tbody>\n<tr>\n<th>Ingrediente<\/th>\n<th>% del total<\/th>\n<\/tr>\n<tr>\n<td>Aves de corral bio<\/td>\n<td>71%<\/td>\n<\/tr>\n<tr>\n<td>Caldo bio<\/td>\n<td>27.9%<\/td>\n<\/tr>\n<tr>\n<td>Minerales<\/td>\n<td>1%<\/td>\n<\/tr>\n<tr>\n<td>Polvo de c\u00e1scara de huevo bio<\/td>\n<td>0.1%<\/td>\n<\/tr>\n<\/tbody>\n<\/table>\n<div class=\"product-subtitle\">Componentes:<\/div>\n<table>\n<tbody>\n<tr>\n<th>Componente<\/th>\n<th>% del total<\/th>\n<\/tr>\n<tr>\n<td>Prote\u00ednas<\/td>\n<td>10.3%<\/td>\n<\/tr>\n<tr>\n<td>Materias grasas<\/td>\n<td>2.5%<\/td>\n<\/tr>\n<tr>\n<td>Humedad<\/td>\n<td>80%<\/td>\n<\/tr>\n<tr>\n<td>Fibra \/ celulosa<\/td>\n<td>0.5%<\/td>\n<\/tr>\n<tr>\n<td>Materia inorg\u00e1nica \/ ceniza bruta<\/td>\n<td>2.5%<\/td>\n<\/tr>\n<\/tbody>\n<\/table>\n<div class=\"product-subtitle\">Resumen:<\/div>\n<p>Del\u00e9itate con Cat&#8217;s Love Junior Bio Aves de Corral 100g, un alimento h\u00famedo ecol\u00f3gico que brinda una experiencia culinaria excepcional para tu gatito. Elaborado con ingredientes de la m\u00e1s alta calidad, este producto ofrece una combinaci\u00f3n perfecta de prote\u00ednas, minerales y sabores naturales que tu gato adorar\u00e1.<\/p>","protected":false},"excerpt":{"rendered":"<p>Del\u00e9itate con Cat&#8217;s Love Junior Bio Aves de Corral 100g, un alimento h\u00famedo ecol\u00f3gico que brinda una experiencia culinaria excepcional para tu gatito. Elaborado con ingredientes de la m\u00e1s alta calidad, este producto ofrece una combinaci\u00f3n perfecta de prote\u00ednas, minerales y sabores naturales que tu gato adorar\u00e1<\/p>","protected":false},"featured_media":7885,"template":"","meta":[],"etheme_brands":[{"term_id":138,"name":"CAT LOVE","slug":"cat-love","term_group":0,"term_taxonomy_id":138,"taxonomy":"brand","description":"","parent":0,"count":31,"filter":"raw"}],"product_cat":[96,25,83],"product_tag":[],"class_list":{"0":"post-7884","1":"product","2":"type-product","3":"status-publish","4":"has-post-thumbnail","6":"brand-cat-love","7":"product_cat-todos-los-productos","8":"product_cat-gatos","9":"product_cat-comida-humeda-para-gatos","11":"first","12":"instock","13":"taxable","14":"shipping-taxable","15":"purchasable","16":"product-type-simple"},"jetpack_sharing_enabled":true,"_links":{"self":[{"href":"https:\/\/familycancat.com\/en\/wp-json\/wp\/v2\/product\/7884","targetHints":{"allow":["GET"]}}],"collection":[{"href":"https:\/\/familycancat.com\/en\/wp-json\/wp\/v2\/product"}],"about":[{"href":"https:\/\/familycancat.com\/en\/wp-json\/wp\/v2\/types\/product"}],"version-history":[{"count":1,"href":"https:\/\/familycancat.com\/en\/wp-json\/wp\/v2\/product\/7884\/revisions"}],"predecessor-version":[{"id":7886,"href":"https:\/\/familycancat.com\/en\/wp-json\/wp\/v2\/product\/7884\/revisions\/7886"}],"wp:featuredmedia":[{"embeddable":true,"href":"https:\/\/familycancat.com\/en\/wp-json\/wp\/v2\/media\/7885"}],"wp:attachment":[{"href":"https:\/\/familycancat.com\/en\/wp-json\/wp\/v2\/media?parent=7884"}],"wp:term":[{"taxonomy":"brand","embeddable":true,"href":"https:\/\/familycancat.com\/en\/wp-json\/wp\/v2\/etheme_brands?post=7884"},{"taxonomy":"product_cat","embeddable":true,"href":"https:\/\/familycancat.com\/en\/wp-json\/wp\/v2\/product_cat?post=7884"},{"taxonomy":"product_tag","embeddable":true,"href":"https:\/\/familycancat.com\/en\/wp-json\/wp\/v2\/product_tag?post=7884"}],"curies":[{"name":"wp","href":"https:\/\/api.w.org\/{rel}","templated":true}]}}