{"id":7874,"date":"2025-02-13T13:41:08","date_gmt":"2025-02-13T12:41:08","guid":{"rendered":"https:\/\/familycancat.com\/?post_type=product&#038;p=7874"},"modified":"2026-03-25T12:34:45","modified_gmt":"2026-03-25T11:34:45","slug":"cats-love-sobre-junior-ternera","status":"publish","type":"product","link":"https:\/\/familycancat.com\/en\/product\/cats-love-sobre-junior-ternera\/","title":{"rendered":"Cats Love Sobre Junior Ternera 85gr"},"content":{"rendered":"<h2>Cats Love Junior Ternera Comida H\u00fameda Natural Sobre 85g<\/h2>\n<p>Men\u00fa premium fortificante para gatitos y gatos j\u00f3venes, con 71% de ternera, enriquecido con vitaminas y aceite de salm\u00f3n. Alta palatabilidad y nutrici\u00f3n equilibrada.<\/p>\n<div class=\"product-subtitle\">Caracter\u00edsticas del Producto:<\/div>\n<dl>\n<dt>Alto contenido en carne (71%) para una nutrici\u00f3n rica en prote\u00ednas.<\/dt>\n<dt>Libre de cereales, gluten, lactosa y az\u00facar a\u00f1adido.<\/dt>\n<dt>Ausencia de conservantes y atrayentes artificiales.<\/dt>\n<dt>Enriquecido con Omega 3 y 6 para un desarrollo \u00f3ptimo.<\/dt>\n<dt>Desarrollado por veterinarios, ideal para gatitos en crecimiento.<\/dt>\n<\/dl>\n<div class=\"product-subtitle\">Ingredientes:<\/div>\n<table>\n<tbody>\n<tr>\n<th>Ingrediente<\/th>\n<th>% Composici\u00f3n<\/th>\n<\/tr>\n<tr>\n<td>Ternera<\/td>\n<td>71%<\/td>\n<\/tr>\n<tr>\n<td>Broth<\/td>\n<td>27.7%<\/td>\n<\/tr>\n<tr>\n<td>Minerales<\/td>\n<td>1%<\/td>\n<\/tr>\n<tr>\n<td>Aceite de salm\u00f3n<\/td>\n<td>0.2%<\/td>\n<\/tr>\n<tr>\n<td>C\u00e1scara de huevo en polvo<\/td>\n<td>0.1%<\/td>\n<\/tr>\n<\/tbody>\n<\/table>\n<p>Lista completa: ternera 71% (compuesto por corazones de ternera, ternera, h\u00edgado de ternera, pulmones de ternera), caldo 27,7%, minerales 1%, aceite de salm\u00f3n 0,2%, c\u00e1scara de huevo en polvo 0,1%.<\/p>\n<div class=\"product-subtitle\">Componentes Anal\u00edticos:<\/div>\n<table>\n<tbody>\n<tr>\n<th>Componente<\/th>\n<th>% Composici\u00f3n<\/th>\n<\/tr>\n<tr>\n<td>Prote\u00edna bruta<\/td>\n<td>11%<\/td>\n<\/tr>\n<tr>\n<td>Grasa bruta<\/td>\n<td>8.5%<\/td>\n<\/tr>\n<tr>\n<td>Fibra bruta<\/td>\n<td>0.4%<\/td>\n<\/tr>\n<tr>\n<td>Ceniza bruta<\/td>\n<td>2.7%<\/td>\n<\/tr>\n<tr>\n<td>Omega 3<\/td>\n<td>0.1%<\/td>\n<\/tr>\n<tr>\n<td>Omega 6<\/td>\n<td>0.4%<\/td>\n<\/tr>\n<tr>\n<td>Humedad<\/td>\n<td>76%<\/td>\n<\/tr>\n<\/tbody>\n<\/table>\n<div class=\"product-subtitle\">Beneficios para tu Mascota:<\/div>\n<dl>\n<dt>Proporciona una nutrici\u00f3n equilibrada y rica en prote\u00ednas esenciales.<\/dt>\n<dt>Favorece una digesti\u00f3n saludable y es adecuado para gatitos con sensibilidades alimentarias.<\/dt>\n<dt>Contribuye al desarrollo saludable de piel y pelaje.<\/dt>\n<dt>Ideal para un crecimiento \u00f3ptimo y saludable de gatitos.<\/dt>\n<dt>Asegura la satisfacci\u00f3n y bienestar de tu gato joven con su excelente sabor.<\/dt>\n<\/dl>\n<div class=\"product-subtitle\">Ingesta diaria recomendada:<\/div>\n<table>\n<tbody>\n<tr>\n<th>Edad<\/th>\n<th>Bolsas de 85 gr<\/th>\n<\/tr>\n<tr>\n<td>2 \u2013 3 meses<\/td>\n<td>2<\/td>\n<\/tr>\n<tr>\n<td>4 \u2013 6 meses<\/td>\n<td>3.5<\/td>\n<\/tr>\n<tr>\n<td>7 \u2013 12 meses<\/td>\n<td>4<\/td>\n<\/tr>\n<\/tbody>\n<\/table>\n<div class=\"product-subtitle\">Resumen:<\/div>\n<p>Cats Love Junior Ternera es un alimento h\u00famedo natural \u00f3ptimo para gatitos, proporcionando una nutrici\u00f3n completa y equilibrada.<br \/>\nCon un alto contenido de ternera, libre de cereales y enriquecido con Omega 3 y 6, es ideal para el crecimiento saludable y el bienestar de los gatos j\u00f3venes.<\/p>","protected":false},"excerpt":{"rendered":"<p>Cats Love Ternera Junior. Comida h\u00fameda natural para gatitos de 2 a 12 meses de edad.\u00a0 Delicioso sabor a ternera, rico en prote\u00ednas, sin cereales y bajo en carbohidratos. Sobre de 85 gr.<\/p>","protected":false},"featured_media":7875,"template":"","meta":[],"etheme_brands":[{"term_id":138,"name":"CAT LOVE","slug":"cat-love","term_group":0,"term_taxonomy_id":138,"taxonomy":"brand","description":"","parent":0,"count":31,"filter":"raw"}],"product_cat":[96],"product_tag":[],"class_list":{"0":"post-7874","1":"product","2":"type-product","3":"status-publish","4":"has-post-thumbnail","6":"brand-cat-love","7":"product_cat-todos-los-productos","9":"first","10":"instock","11":"taxable","12":"shipping-taxable","13":"purchasable","14":"product-type-simple"},"jetpack_sharing_enabled":true,"_links":{"self":[{"href":"https:\/\/familycancat.com\/en\/wp-json\/wp\/v2\/product\/7874","targetHints":{"allow":["GET"]}}],"collection":[{"href":"https:\/\/familycancat.com\/en\/wp-json\/wp\/v2\/product"}],"about":[{"href":"https:\/\/familycancat.com\/en\/wp-json\/wp\/v2\/types\/product"}],"version-history":[{"count":2,"href":"https:\/\/familycancat.com\/en\/wp-json\/wp\/v2\/product\/7874\/revisions"}],"predecessor-version":[{"id":7877,"href":"https:\/\/familycancat.com\/en\/wp-json\/wp\/v2\/product\/7874\/revisions\/7877"}],"wp:featuredmedia":[{"embeddable":true,"href":"https:\/\/familycancat.com\/en\/wp-json\/wp\/v2\/media\/7875"}],"wp:attachment":[{"href":"https:\/\/familycancat.com\/en\/wp-json\/wp\/v2\/media?parent=7874"}],"wp:term":[{"taxonomy":"brand","embeddable":true,"href":"https:\/\/familycancat.com\/en\/wp-json\/wp\/v2\/etheme_brands?post=7874"},{"taxonomy":"product_cat","embeddable":true,"href":"https:\/\/familycancat.com\/en\/wp-json\/wp\/v2\/product_cat?post=7874"},{"taxonomy":"product_tag","embeddable":true,"href":"https:\/\/familycancat.com\/en\/wp-json\/wp\/v2\/product_tag?post=7874"}],"curies":[{"name":"wp","href":"https:\/\/api.w.org\/{rel}","templated":true}]}}