{"id":7871,"date":"2025-02-13T13:39:24","date_gmt":"2025-02-13T12:39:24","guid":{"rendered":"https:\/\/familycancat.com\/?post_type=product&#038;p=7871"},"modified":"2026-03-30T17:58:05","modified_gmt":"2026-03-30T16:58:05","slug":"cats-love-sobre-junior-pollo-85g","status":"publish","type":"product","link":"https:\/\/familycancat.com\/en\/product\/cats-love-sobre-junior-pollo-85g\/","title":{"rendered":"Cats Love Sobre Junior Pollo 85g"},"content":{"rendered":"<h2>Men\u00fa Completo para Gatitos Junior de 2 a 12 Meses de Riqu\u00edsimo Pollo<\/h2>\n<p>Con una composici\u00f3n de un alto contenido en carne o pescado, desarrollada por veterinarios, proporciona a su gato los nutrientes necesarios para una salud \u00f3ptima.<\/p>\n<p>Utilizamos productos regionales y agricultores locales para la gama h\u00fameda de CATS LOVE. Cuidando al m\u00e1ximo nuestros ingredientes.<\/p>\n<p>F\u00f3rmulas desarrolladas por veterinarios y supeditadas a las leyes austriacas m\u00e1s estrictas en alimentaci\u00f3n.<\/p>\n<div class=\"product-subtitle\">Caracter\u00edsticas del producto:<\/div>\n<dl>\n<dt>Alto contenido en carne o pescado<\/dt>\n<dt>Desarrollado por veterinarios<\/dt>\n<dt>Proporciona nutrientes para una salud \u00f3ptima<\/dt>\n<dt>Productos regionales y agricultores locales<\/dt>\n<dt>F\u00f3rmulas supeditadas a leyes austriacas en alimentaci\u00f3n<\/dt>\n<\/dl>\n<div class=\"product-subtitle\">Beneficios para tu mascota:<\/div>\n<dl>\n<dt>Alimentaci\u00f3n completa y equilibrada<\/dt>\n<dt>Alta palatabilidad y gran aceptaci\u00f3n<\/dt>\n<dt>Prote\u00ednas esenciales en su forma m\u00e1s natural<\/dt>\n<dt>Pelo sano y brillante gracias a los \u00e1cidos grasos esenciales<\/dt>\n<dt>Libre de cereales y apto para gatos sensibles<\/dt>\n<dt>Contiene taurina y vitaminas para cumplir con los valores nutricionales necesarios<\/dt>\n<dt>100% natural, sin aromas artificiales ni aditivos qu\u00edmicos<\/dt>\n<\/dl>\n<div class=\"product-subtitle\">Ingredientes:<\/div>\n<table>\n<tbody>\n<tr>\n<th>Ingrediente<\/th>\n<th>% del total<\/th>\n<\/tr>\n<tr>\n<td>Pollo<\/td>\n<td>92%<\/td>\n<\/tr>\n<tr>\n<td>Minerales<\/td>\n<td>nd<\/td>\n<\/tr>\n<tr>\n<td>Aceite de cardo<\/td>\n<td>0.25%<\/td>\n<\/tr>\n<tr>\n<td>Harina de cal de algas molida<\/td>\n<td>0.1%<\/td>\n<\/tr>\n<\/tbody>\n<\/table>\n<div class=\"product-subtitle\">Componentes:<\/div>\n<table>\n<tbody>\n<tr>\n<th>Componente<\/th>\n<th>% del total<\/th>\n<\/tr>\n<tr>\n<td>Prote\u00edna cruda<\/td>\n<td>12%<\/td>\n<\/tr>\n<tr>\n<td>Grasa cruda<\/td>\n<td>9.5%<\/td>\n<\/tr>\n<tr>\n<td>Ceniza cruda<\/td>\n<td>2%<\/td>\n<\/tr>\n<tr>\n<td>Fibra cruda<\/td>\n<td>1%<\/td>\n<\/tr>\n<tr>\n<td>Omega-3<\/td>\n<td>0.1%<\/td>\n<\/tr>\n<tr>\n<td>Omega-6<\/td>\n<td>1.3%<\/td>\n<\/tr>\n<tr>\n<td>Contenido de humedad<\/td>\n<td>73%<\/td>\n<\/tr>\n<\/tbody>\n<\/table>\n<div class=\"product-subtitle\">Resumen:<\/div>\n<p>Una alimentaci\u00f3n completa y equilibrada, adecuada para su gato, con todas las garant\u00edas. Alta palatabilidad y gran aceptaci\u00f3n.<\/p>","protected":false},"excerpt":{"rendered":"<div id=\"product-description-short-108\" class=\"product-description\">\n<div class=\"short-description\">Cats Love Pollo Junior &#8211; Comida humeda natural kitten sobre de 85g con sabor a pollo, rico en prote\u00ednas, sin cereales y bajo en carbohidratos &#8211; 85 g<\/div>\n<\/div>\n<div class=\"product-counter\"><\/div>\n<div class=\"product-actions js-product-actions\">\n<form id=\"add-to-cart-or-refresh\" action=\"https:\/\/patitasco.com\/carrito\" method=\"post\">\n<div class=\"product-variants js-product-variants\">\n<div class=\"product-attributes js-product-attributes\"><\/div>\n<\/div>\n<\/form>\n<\/div>","protected":false},"featured_media":7872,"template":"","meta":[],"etheme_brands":[{"term_id":138,"name":"CAT LOVE","slug":"cat-love","term_group":0,"term_taxonomy_id":138,"taxonomy":"brand","description":"","parent":0,"count":31,"filter":"raw"}],"product_cat":[96,25,83],"product_tag":[],"class_list":{"0":"post-7871","1":"product","2":"type-product","3":"status-publish","4":"has-post-thumbnail","6":"brand-cat-love","7":"product_cat-todos-los-productos","8":"product_cat-gatos","9":"product_cat-comida-humeda-para-gatos","11":"first","12":"instock","13":"taxable","14":"shipping-taxable","15":"purchasable","16":"product-type-simple"},"jetpack_sharing_enabled":true,"_links":{"self":[{"href":"https:\/\/familycancat.com\/en\/wp-json\/wp\/v2\/product\/7871","targetHints":{"allow":["GET"]}}],"collection":[{"href":"https:\/\/familycancat.com\/en\/wp-json\/wp\/v2\/product"}],"about":[{"href":"https:\/\/familycancat.com\/en\/wp-json\/wp\/v2\/types\/product"}],"version-history":[{"count":1,"href":"https:\/\/familycancat.com\/en\/wp-json\/wp\/v2\/product\/7871\/revisions"}],"predecessor-version":[{"id":7873,"href":"https:\/\/familycancat.com\/en\/wp-json\/wp\/v2\/product\/7871\/revisions\/7873"}],"wp:featuredmedia":[{"embeddable":true,"href":"https:\/\/familycancat.com\/en\/wp-json\/wp\/v2\/media\/7872"}],"wp:attachment":[{"href":"https:\/\/familycancat.com\/en\/wp-json\/wp\/v2\/media?parent=7871"}],"wp:term":[{"taxonomy":"brand","embeddable":true,"href":"https:\/\/familycancat.com\/en\/wp-json\/wp\/v2\/etheme_brands?post=7871"},{"taxonomy":"product_cat","embeddable":true,"href":"https:\/\/familycancat.com\/en\/wp-json\/wp\/v2\/product_cat?post=7871"},{"taxonomy":"product_tag","embeddable":true,"href":"https:\/\/familycancat.com\/en\/wp-json\/wp\/v2\/product_tag?post=7871"}],"curies":[{"name":"wp","href":"https:\/\/api.w.org\/{rel}","templated":true}]}}