{"id":7868,"date":"2025-02-12T20:25:53","date_gmt":"2025-02-12T19:25:53","guid":{"rendered":"https:\/\/familycancat.com\/?post_type=product&#038;p=7868"},"modified":"2026-01-19T13:29:14","modified_gmt":"2026-01-19T12:29:14","slug":"cats-love-lata-puro-filetes-de-salmon-100g","status":"publish","type":"product","link":"https:\/\/familycancat.com\/en\/product\/cats-love-lata-puro-filetes-de-salmon-100g\/","title":{"rendered":"Cats Love Lata Puro Filetes de Salmon 100g"},"content":{"rendered":"<h2>Cats Love Filetes Lata de Comida H\u00fameda Puros de Salm\u00f3n 100g<\/h2>\n<p>Del\u00e9itese con su gato con estos filetes puros de salm\u00f3n de calidad premium, sin cereales. Un 100 % de salm\u00f3n en su m\u00e1xima expresi\u00f3n.<\/p>\n<div class=\"product-subtitle\">Caracter\u00edsticas del producto:<\/div>\n<dl>\n<dt>100 % filetes, receta sin cereales<\/dt>\n<dt>Cocinados en su propio jugo<\/dt>\n<dt>Calidad alimentaria al 100 % de todas las materias primas<\/dt>\n<dt>Elaborado sin colorantes ni potenciadores del sabor artificiales, az\u00facares a\u00f1adidos, conservantes, cereales, gluten, lactosa ni experimentos con animales<\/dt>\n<dt>Fabricado en Austria<\/dt>\n<\/dl>\n<div class=\"product-subtitle\">Beneficios para tu mascota:<\/div>\n<dl>\n<dt>Alto contenido en prote\u00ednas de alta calidad<\/dt>\n<dt>\u00c1cidos grasos omega-3 saludables<\/dt>\n<dt>Alto contenido en yodo<\/dt>\n<dt>Favorece los m\u00fasculos, las articulaciones y la funci\u00f3n cerebral<\/dt>\n<\/dl>\n<div class=\"product-subtitle\">Ingredientes:<\/div>\n<table>\n<tbody>\n<tr>\n<th>Ingrediente<\/th>\n<th>% de Total<\/th>\n<\/tr>\n<tr>\n<td>Salm\u00f3n<\/td>\n<td>97%<\/td>\n<\/tr>\n<tr>\n<td>Aceite de lino<\/td>\n<td>3%<\/td>\n<\/tr>\n<\/tbody>\n<\/table>\n<div class=\"product-subtitle\">Componentes:<\/div>\n<table>\n<tbody>\n<tr>\n<th>Componente<\/th>\n<th>% del total<\/th>\n<\/tr>\n<tr>\n<td>Prote\u00edna bruta<\/td>\n<td>11%<\/td>\n<\/tr>\n<tr>\n<td>Grasa bruta<\/td>\n<td>24%<\/td>\n<\/tr>\n<tr>\n<td>Ceniza bruta<\/td>\n<td>0.6%<\/td>\n<\/tr>\n<tr>\n<td>Fibra bruta<\/td>\n<td>0.5%<\/td>\n<\/tr>\n<tr>\n<td>Humedad<\/td>\n<td>65%<\/td>\n<\/tr>\n<\/tbody>\n<\/table>\n<div class=\"product-subtitle\">Resumen:<\/div>\n<p>Estos filetes puros de salm\u00f3n son la elecci\u00f3n perfecta para consentir a tu gato. Con un 100 % de salm\u00f3n y una calidad alimentaria excepcional, este alimento complementario es cocinado en su propio jugo y no contiene cereales ni ingredientes artificiales. Adem\u00e1s, el salm\u00f3n es rico en prote\u00ednas de alta calidad y \u00e1cidos grasos omega-3, favoreciendo la salud muscular, articular y cerebral de tu mascota.<\/p>","protected":false},"excerpt":{"rendered":"<p>Comida H\u00fameda Cat\u00b4s Love. Del\u00e9itese con su gato con estos filetes puros de salm\u00f3n de calidad premium, sin cereales. Un 100 % de salm\u00f3n en su m\u00e1xima expresi\u00f3n.<\/p>","protected":false},"featured_media":7869,"template":"","meta":[],"etheme_brands":[{"term_id":138,"name":"CAT LOVE","slug":"cat-love","term_group":0,"term_taxonomy_id":138,"taxonomy":"brand","description":"","parent":0,"count":31,"filter":"raw"}],"product_cat":[96,25,83],"product_tag":[],"class_list":{"0":"post-7868","1":"product","2":"type-product","3":"status-publish","4":"has-post-thumbnail","6":"brand-cat-love","7":"product_cat-todos-los-productos","8":"product_cat-gatos","9":"product_cat-comida-humeda-para-gatos","11":"first","12":"instock","13":"taxable","14":"shipping-taxable","15":"purchasable","16":"product-type-simple"},"jetpack_sharing_enabled":true,"_links":{"self":[{"href":"https:\/\/familycancat.com\/en\/wp-json\/wp\/v2\/product\/7868","targetHints":{"allow":["GET"]}}],"collection":[{"href":"https:\/\/familycancat.com\/en\/wp-json\/wp\/v2\/product"}],"about":[{"href":"https:\/\/familycancat.com\/en\/wp-json\/wp\/v2\/types\/product"}],"version-history":[{"count":1,"href":"https:\/\/familycancat.com\/en\/wp-json\/wp\/v2\/product\/7868\/revisions"}],"predecessor-version":[{"id":7870,"href":"https:\/\/familycancat.com\/en\/wp-json\/wp\/v2\/product\/7868\/revisions\/7870"}],"wp:featuredmedia":[{"embeddable":true,"href":"https:\/\/familycancat.com\/en\/wp-json\/wp\/v2\/media\/7869"}],"wp:attachment":[{"href":"https:\/\/familycancat.com\/en\/wp-json\/wp\/v2\/media?parent=7868"}],"wp:term":[{"taxonomy":"brand","embeddable":true,"href":"https:\/\/familycancat.com\/en\/wp-json\/wp\/v2\/etheme_brands?post=7868"},{"taxonomy":"product_cat","embeddable":true,"href":"https:\/\/familycancat.com\/en\/wp-json\/wp\/v2\/product_cat?post=7868"},{"taxonomy":"product_tag","embeddable":true,"href":"https:\/\/familycancat.com\/en\/wp-json\/wp\/v2\/product_tag?post=7868"}],"curies":[{"name":"wp","href":"https:\/\/api.w.org\/{rel}","templated":true}]}}