{"id":7865,"date":"2025-02-12T20:22:51","date_gmt":"2025-02-12T19:22:51","guid":{"rendered":"https:\/\/familycancat.com\/?post_type=product&#038;p=7865"},"modified":"2026-02-06T20:18:48","modified_gmt":"2026-02-06T19:18:48","slug":"cats-love-lata-puro-filetes-de-pollo-100g-gato","status":"publish","type":"product","link":"https:\/\/familycancat.com\/en\/product\/cats-love-lata-puro-filetes-de-pollo-100g-gato\/","title":{"rendered":"Cats Love Lata Puro Filetes de Pollo 100g Gato"},"content":{"rendered":"<h2>Cats Love Lata de Comida H\u00fameda Pure Filets Pollo 100g<\/h2>\n<p>Un alimento complementario muy especial para su gato de la mano de Cat\u00b4s Love. Nuestros Filetes Puro Pollo aportan lo mejor del pollo a su comedero. Cocinados en su propio jugo, proporcionan placer en estado puro.<\/p>\n<div class=\"product-subtitle\">Caracter\u00edsticas del producto:<\/div>\n<dl>\n<dt>100% Filetes de Pollo: Receta libre de cereales, aprovechando lo mejor de la carne.<\/dt>\n<dt>Cocinados en su Jugo: Para preservar el sabor y los nutrientes.<\/dt>\n<dt>Calidad Alimentaria: 100% de materias primas de calidad alimentaria.<\/dt>\n<dt>Natural y Saludable: Sin colorantes ni potenciadores del sabor artificiales, conservantes, gluten, lactosa ni experimentos con animales.<\/dt>\n<dt>Origen Confiable: Fabricado en Austria con los m\u00e1s altos est\u00e1ndares de calidad.<\/dt>\n<\/dl>\n<div class=\"product-subtitle\">Beneficios para tu mascota:<\/div>\n<dl>\n<dt>Prote\u00edna de Alta Calidad: Apoya la salud muscular y articular.<\/dt>\n<dt>\u00c1cidos Grasos Omega-3: Beneficiosos para la funci\u00f3n cerebral y la salud general.<\/dt>\n<dt>Alto Contenido en Yodo: Esencial para la salud del gato.<\/dt>\n<\/dl>\n<div class=\"product-subtitle\">Ingredientes:<\/div>\n<table>\n<tbody>\n<tr>\n<th>Ingredientes<\/th>\n<th>% composici\u00f3n<\/th>\n<\/tr>\n<tr>\n<td>Carne de pollo<\/td>\n<td>97%<\/td>\n<\/tr>\n<tr>\n<td>Aceite de salm\u00f3n<\/td>\n<td>&#8211;<\/td>\n<\/tr>\n<\/tbody>\n<\/table>\n<div class=\"product-subtitle\">Componentes:<\/div>\n<table>\n<tbody>\n<tr>\n<th>Componente<\/th>\n<th>% composici\u00f3n<\/th>\n<\/tr>\n<tr>\n<td>Prote\u00edna bruta<\/td>\n<td>13.5%<\/td>\n<\/tr>\n<tr>\n<td>Grasa bruta<\/td>\n<td>3%<\/td>\n<\/tr>\n<tr>\n<td>Ceniza bruta<\/td>\n<td>0.4%<\/td>\n<\/tr>\n<tr>\n<td>Fibra bruta<\/td>\n<td>0.5%<\/td>\n<\/tr>\n<tr>\n<td>Humedad<\/td>\n<td>80%<\/td>\n<\/tr>\n<\/tbody>\n<\/table>\n<div class=\"product-subtitle\">Resumen:<\/div>\n<p>Cats Love Pure Filets Pollo 100g es el alimento complementario ideal para tu gato, combinando sabor excepcional con beneficios nutricionales significativos.<br \/>\nCon un alto contenido en prote\u00ednas y \u00e1cidos grasos omega-3, este producto no solo satisface el paladar de tu mascota sino que tambi\u00e9n contribuye a su salud muscular, articular y cerebral.<\/p>","protected":false},"excerpt":{"rendered":"<p>Un alimento complementario muy especial para su gato. Nuestros filetes de puro pollo aportan lo mejor del pollo a su comedero. Cocinados en su propio jugo, proporcionan placer en estado puro.<\/p>","protected":false},"featured_media":7866,"template":"","meta":[],"etheme_brands":[{"term_id":138,"name":"CAT LOVE","slug":"cat-love","term_group":0,"term_taxonomy_id":138,"taxonomy":"brand","description":"","parent":0,"count":31,"filter":"raw"}],"product_cat":[96,25,83],"product_tag":[],"class_list":{"0":"post-7865","1":"product","2":"type-product","3":"status-publish","4":"has-post-thumbnail","6":"brand-cat-love","7":"product_cat-todos-los-productos","8":"product_cat-gatos","9":"product_cat-comida-humeda-para-gatos","11":"first","12":"instock","13":"taxable","14":"shipping-taxable","15":"purchasable","16":"product-type-simple"},"jetpack_sharing_enabled":true,"_links":{"self":[{"href":"https:\/\/familycancat.com\/en\/wp-json\/wp\/v2\/product\/7865","targetHints":{"allow":["GET"]}}],"collection":[{"href":"https:\/\/familycancat.com\/en\/wp-json\/wp\/v2\/product"}],"about":[{"href":"https:\/\/familycancat.com\/en\/wp-json\/wp\/v2\/types\/product"}],"version-history":[{"count":1,"href":"https:\/\/familycancat.com\/en\/wp-json\/wp\/v2\/product\/7865\/revisions"}],"predecessor-version":[{"id":7867,"href":"https:\/\/familycancat.com\/en\/wp-json\/wp\/v2\/product\/7865\/revisions\/7867"}],"wp:featuredmedia":[{"embeddable":true,"href":"https:\/\/familycancat.com\/en\/wp-json\/wp\/v2\/media\/7866"}],"wp:attachment":[{"href":"https:\/\/familycancat.com\/en\/wp-json\/wp\/v2\/media?parent=7865"}],"wp:term":[{"taxonomy":"brand","embeddable":true,"href":"https:\/\/familycancat.com\/en\/wp-json\/wp\/v2\/etheme_brands?post=7865"},{"taxonomy":"product_cat","embeddable":true,"href":"https:\/\/familycancat.com\/en\/wp-json\/wp\/v2\/product_cat?post=7865"},{"taxonomy":"product_tag","embeddable":true,"href":"https:\/\/familycancat.com\/en\/wp-json\/wp\/v2\/product_tag?post=7865"}],"curies":[{"name":"wp","href":"https:\/\/api.w.org\/{rel}","templated":true}]}}