{"id":7862,"date":"2025-02-12T20:17:26","date_gmt":"2025-02-12T19:17:26","guid":{"rendered":"https:\/\/familycancat.com\/?post_type=product&#038;p=7862"},"modified":"2026-04-02T13:07:36","modified_gmt":"2026-04-02T12:07:36","slug":"cats-love-sobre-bio-pato-100g","status":"publish","type":"product","link":"https:\/\/familycancat.com\/en\/product\/cats-love-sobre-bio-pato-100g\/","title":{"rendered":"Cats Love Sobre Bio Pato 100g"},"content":{"rendered":"<h2>Cats Love Sobre Bio Pato Comida H\u00fameda 100g<\/h2>\n<p>Comida h\u00fameda ecol\u00f3gica equilibrada para gatos de aves ecol\u00f3gicas, en gelatina arom\u00e1tica, contiene omega-3 y -6 para la piel y el pelo, con valiosas sustancias vitales, sin colorantes ni atrayentes artificiales.<\/p>\n<div class=\"product-subtitle\">Caracter\u00edsticas del producto:<\/div>\n<dl>\n<dt>Delicioso alimento completo para gatos.<\/dt>\n<dt>Alta proporci\u00f3n de prote\u00ednas animales de alta calidad: con un 71 % de carne ecol\u00f3gica y v\u00edsceras ecol\u00f3gicas.<\/dt>\n<dt>En exquisita gelatina: tiene un sabor delicioso y proporciona fluidez.<\/dt>\n<dt>\u00c1cidos grasos omega-3 y omega-6: apoyo para la piel y el pelaje.<\/dt>\n<dt>Contiene vitaminas y minerales beneficiosos como vitamina D3, cobre y manganeso.<\/dt>\n<dt>Taurina: un amino\u00e1cido vital para los gatos, debe consumirse en cantidades suficientes en la comida.<\/dt>\n<dt>Disfrute sin adulterar: sin cereales, az\u00facar a\u00f1adido, colorantes y atrayentes artificiales, conservantes ni lactosa.<\/dt>\n<dt>En una pr\u00e1ctica bolsa: se puede servir limpiamente.<\/dt>\n<dt>Excelente calidad ecol\u00f3gica procedente de Alemania.<\/dt>\n<dt>Carne de cr\u00eda adecuada a la especie.<\/dt>\n<\/dl>\n<div class=\"product-subtitle\">Ingredientes:<\/div>\n<table>\n<tbody>\n<tr>\n<th>Ingrediente<\/th>\n<th>% del total<\/th>\n<\/tr>\n<tr>\n<td>Aves ecol\u00f3gicas*<\/td>\n<td>71%<\/td>\n<\/tr>\n<tr>\n<td>Caldo ecol\u00f3gico<\/td>\n<td>28%<\/td>\n<\/tr>\n<tr>\n<td>Minerales<\/td>\n<td>1%<\/td>\n<\/tr>\n<\/tbody>\n<\/table>\n<p>Aves ecol\u00f3gicas* (incluyendo 57% de pollo ecol\u00f3gico, 14% de pato ecol\u00f3gico)<\/p>\n<div class=\"product-subtitle\">Componentes:<\/div>\n<table>\n<tbody>\n<tr>\n<th>Componente<\/th>\n<th>% del total<\/th>\n<\/tr>\n<tr>\n<td>Prote\u00edna bruta<\/td>\n<td>10,3%<\/td>\n<\/tr>\n<tr>\n<td>Grasa bruta<\/td>\n<td>2,5%<\/td>\n<\/tr>\n<tr>\n<td>Ceniza bruta<\/td>\n<td>2,7%<\/td>\n<\/tr>\n<tr>\n<td>Fibra bruta<\/td>\n<td>0,5%<\/td>\n<\/tr>\n<tr>\n<td>Omega 3<\/td>\n<td>0,1%<\/td>\n<\/tr>\n<tr>\n<td>Omega 6<\/td>\n<td>0,6%<\/td>\n<\/tr>\n<tr>\n<td>Humedad<\/td>\n<td>80%<\/td>\n<\/tr>\n<\/tbody>\n<\/table>\n<div class=\"product-subtitle\">Resumen:<\/div>\n<p>Comida h\u00fameda ecol\u00f3gica equilibrada para gatos en gelatina arom\u00e1tica, con prote\u00ednas de alta calidad, \u00e1cidos grasos omega-3 y omega-6, y valiosas sustancias vitales. Sin colorantes ni atrayentes artificiales.<\/p>","protected":false},"excerpt":{"rendered":"<p>Cat\u00b4s Dog Bio Pato: Comida h\u00fameda ecol\u00f3gica equilibrada para gatos en gelatina arom\u00e1tica, con prote\u00ednas de alta calidad, \u00e1cidos grasos omega-3 y omega-6, y valiosas sustancias vitales. Ecol\u00f3gico, sin colorantes ni atrayentes artificiales.<\/p>","protected":false},"featured_media":7863,"template":"","meta":[],"etheme_brands":[{"term_id":138,"name":"CAT LOVE","slug":"cat-love","term_group":0,"term_taxonomy_id":138,"taxonomy":"brand","description":"","parent":0,"count":31,"filter":"raw"}],"product_cat":[96,25,83],"product_tag":[],"class_list":{"0":"post-7862","1":"product","2":"type-product","3":"status-publish","4":"has-post-thumbnail","6":"brand-cat-love","7":"product_cat-todos-los-productos","8":"product_cat-gatos","9":"product_cat-comida-humeda-para-gatos","11":"first","12":"instock","13":"taxable","14":"shipping-taxable","15":"purchasable","16":"product-type-simple"},"jetpack_sharing_enabled":true,"_links":{"self":[{"href":"https:\/\/familycancat.com\/en\/wp-json\/wp\/v2\/product\/7862","targetHints":{"allow":["GET"]}}],"collection":[{"href":"https:\/\/familycancat.com\/en\/wp-json\/wp\/v2\/product"}],"about":[{"href":"https:\/\/familycancat.com\/en\/wp-json\/wp\/v2\/types\/product"}],"version-history":[{"count":1,"href":"https:\/\/familycancat.com\/en\/wp-json\/wp\/v2\/product\/7862\/revisions"}],"predecessor-version":[{"id":7864,"href":"https:\/\/familycancat.com\/en\/wp-json\/wp\/v2\/product\/7862\/revisions\/7864"}],"wp:featuredmedia":[{"embeddable":true,"href":"https:\/\/familycancat.com\/en\/wp-json\/wp\/v2\/media\/7863"}],"wp:attachment":[{"href":"https:\/\/familycancat.com\/en\/wp-json\/wp\/v2\/media?parent=7862"}],"wp:term":[{"taxonomy":"brand","embeddable":true,"href":"https:\/\/familycancat.com\/en\/wp-json\/wp\/v2\/etheme_brands?post=7862"},{"taxonomy":"product_cat","embeddable":true,"href":"https:\/\/familycancat.com\/en\/wp-json\/wp\/v2\/product_cat?post=7862"},{"taxonomy":"product_tag","embeddable":true,"href":"https:\/\/familycancat.com\/en\/wp-json\/wp\/v2\/product_tag?post=7862"}],"curies":[{"name":"wp","href":"https:\/\/api.w.org\/{rel}","templated":true}]}}