{"id":7858,"date":"2025-02-12T19:26:30","date_gmt":"2025-02-12T18:26:30","guid":{"rendered":"https:\/\/familycancat.com\/?post_type=product&#038;p=7858"},"modified":"2026-04-17T18:42:14","modified_gmt":"2026-04-17T17:42:14","slug":"cats-love-sobre-bio-pollo-100g","status":"publish","type":"product","link":"https:\/\/familycancat.com\/en\/product\/cats-love-sobre-bio-pollo-100g\/","title":{"rendered":"Cats Love Sobre Bio Pollo 100g"},"content":{"rendered":"<h2>Cats Love Bio Pollo Comida H\u00fameda 100g<\/h2>\n<p>Comida h\u00fameda completa para gatos adultos. Sin saborizantes ni az\u00facar a\u00f1adido. Pollo BIO. Ingredientes 100% naturales. Sin cereales. Monoproteico. Bajo en grasa. Con taurina.<\/p>\n<div class=\"product-subtitle\">Caracter\u00edsticas del producto:<\/div>\n<dl>\n<dt>Comida h\u00fameda completa para gatos adultos.<\/dt>\n<dt>Sin saborizantes ni az\u00facar a\u00f1adido.<\/dt>\n<dt>Pollo BIO. Ingredientes 100% naturales.<\/dt>\n<dt>Sin cereales. Monoproteico. Bajo en grasa. Con taurina.<\/dt>\n<\/dl>\n<div class=\"product-subtitle\">Ingredientes:<\/div>\n<table>\n<tbody>\n<tr>\n<th>Ingrediente<\/th>\n<th>% del total<\/th>\n<\/tr>\n<tr>\n<td>Pollo bio (carne y v\u00edsceras)<\/td>\n<td>71%<\/td>\n<\/tr>\n<tr>\n<td>Caldo bio<\/td>\n<td>28%<\/td>\n<\/tr>\n<tr>\n<td>Minerales<\/td>\n<td>1%<\/td>\n<\/tr>\n<\/tbody>\n<\/table>\n<div class=\"product-subtitle\">Componentes:<\/div>\n<table>\n<tbody>\n<tr>\n<th>Componente<\/th>\n<th>% del total<\/th>\n<\/tr>\n<tr>\n<td>Prote\u00ednas brutas<\/td>\n<td>10,30%<\/td>\n<\/tr>\n<tr>\n<td>Grasas brutas<\/td>\n<td>2,50%<\/td>\n<\/tr>\n<tr>\n<td>Fibras brutas<\/td>\n<td>0,50%<\/td>\n<\/tr>\n<tr>\n<td>Humedad<\/td>\n<td>80,00%<\/td>\n<\/tr>\n<\/tbody>\n<\/table>\n<div class=\"product-subtitle\">Raci\u00f3n Diaria Recomendada:<\/div>\n<p>Para gatos de 2-3 kg: 2-3 sobres.<\/p>\n<p>Para gatos de 4 kg: 3 sobres.<\/p>\n<p>Para gatos de 5-6 kg: 4 sobres.<\/p>\n<div class=\"product-subtitle\">Indicaciones y Consejos:<\/div>\n<p>Recomendamos servir a temperatura ambiente.<\/p>\n<p>El sobre puede permanecer abierto en la nevera 48 horas. De todas formas, siempre recomendamos que si no consume entero de una vez pases el sobrante a un t\u00e1per o frasco de cristal y a\u00f1adas agua, con el fin de preservar al m\u00e1ximo sus propiedades y frescura.<\/p>\n<p>Var\u00eda entre marcas y tipo de prote\u00edna para darle a tu compa\u00f1ero peludo una dieta completa. El aporte de hidrataci\u00f3n extra del alimento h\u00famedo es IMPRESCINDIBLE para los gatos alimentados con pienso.<\/p>\n<div class=\"product-subtitle\">Resumen:<\/div>\n<p>Comida h\u00fameda completa y natural para gatos adultos. Elaborada con pollo BIO de alta calidad y sin cereales. Aporta los nutrientes esenciales que tu gato necesita para mantenerse saludable y satisfecho.<\/p>","protected":false},"excerpt":{"rendered":"<p>Comida h\u00fameda completa para gatos adultos. Sin saborizantes ni az\u00facar a\u00f1adido. Pollo BIO. Ingredientes 100% naturales. Sin cereales. Monoproteico. Bajo en grasa. Con taurina.<\/p>","protected":false},"featured_media":7859,"template":"","meta":[],"etheme_brands":[{"term_id":138,"name":"CAT LOVE","slug":"cat-love","term_group":0,"term_taxonomy_id":138,"taxonomy":"brand","description":"","parent":0,"count":31,"filter":"raw"}],"product_cat":[96,25,83],"product_tag":[],"class_list":{"0":"post-7858","1":"product","2":"type-product","3":"status-publish","4":"has-post-thumbnail","6":"brand-cat-love","7":"product_cat-todos-los-productos","8":"product_cat-gatos","9":"product_cat-comida-humeda-para-gatos","11":"first","12":"instock","13":"taxable","14":"shipping-taxable","15":"purchasable","16":"product-type-simple"},"jetpack_sharing_enabled":true,"_links":{"self":[{"href":"https:\/\/familycancat.com\/en\/wp-json\/wp\/v2\/product\/7858","targetHints":{"allow":["GET"]}}],"collection":[{"href":"https:\/\/familycancat.com\/en\/wp-json\/wp\/v2\/product"}],"about":[{"href":"https:\/\/familycancat.com\/en\/wp-json\/wp\/v2\/types\/product"}],"version-history":[{"count":1,"href":"https:\/\/familycancat.com\/en\/wp-json\/wp\/v2\/product\/7858\/revisions"}],"predecessor-version":[{"id":7860,"href":"https:\/\/familycancat.com\/en\/wp-json\/wp\/v2\/product\/7858\/revisions\/7860"}],"wp:featuredmedia":[{"embeddable":true,"href":"https:\/\/familycancat.com\/en\/wp-json\/wp\/v2\/media\/7859"}],"wp:attachment":[{"href":"https:\/\/familycancat.com\/en\/wp-json\/wp\/v2\/media?parent=7858"}],"wp:term":[{"taxonomy":"brand","embeddable":true,"href":"https:\/\/familycancat.com\/en\/wp-json\/wp\/v2\/etheme_brands?post=7858"},{"taxonomy":"product_cat","embeddable":true,"href":"https:\/\/familycancat.com\/en\/wp-json\/wp\/v2\/product_cat?post=7858"},{"taxonomy":"product_tag","embeddable":true,"href":"https:\/\/familycancat.com\/en\/wp-json\/wp\/v2\/product_tag?post=7858"}],"curies":[{"name":"wp","href":"https:\/\/api.w.org\/{rel}","templated":true}]}}