{"id":7855,"date":"2025-02-12T19:24:22","date_gmt":"2025-02-12T18:24:22","guid":{"rendered":"https:\/\/familycancat.com\/?post_type=product&#038;p=7855"},"modified":"2026-03-26T10:50:38","modified_gmt":"2026-03-26T09:50:38","slug":"cats-love-sobre-bio-ternera-100g","status":"publish","type":"product","link":"https:\/\/familycancat.com\/en\/product\/cats-love-sobre-bio-ternera-100g\/","title":{"rendered":"Cats Love Sobre Bio Ternera 100g"},"content":{"rendered":"<h2>Cats Love Bio Ternera Comida H\u00fameda 100g<\/h2>\n<p>Alimento completo BIO para gatos adultos en gelatina natural.<\/p>\n<div class=\"product-subtitle\">Caracter\u00edsticas del producto:<\/div>\n<dl>\n<dt>Alimento completo BIO<\/dt>\n<dt>Para gatos adultos<\/dt>\n<dt>En gelatina natural<\/dt>\n<\/dl>\n<div class=\"product-subtitle\">Ingredientes:<\/div>\n<table>\n<tbody>\n<tr>\n<th>Ingrediente<\/th>\n<th>% de total<\/th>\n<\/tr>\n<tr>\n<td>Vacuno BIO (carne y v\u00edsceras)<\/td>\n<td>71%<\/td>\n<\/tr>\n<tr>\n<td>Caldo BIO<\/td>\n<td>28%<\/td>\n<\/tr>\n<tr>\n<td>Minerales<\/td>\n<td>1%<\/td>\n<\/tr>\n<\/tbody>\n<\/table>\n<div class=\"product-subtitle\">Aditivos por kg:<\/div>\n<dl>\n<dt>Vitamina D3: 200 UI<\/dt>\n<dt>Taurina: 1.500 mg<\/dt>\n<dt>Zinc (como sulfato de zinc, monohidratado): 25 mg<\/dt>\n<dt>Manganeso (como sulfato manganoso (II), monohidratado): 1,4 mg<\/dt>\n<dt>Iodo (como yodato de calcio, anhidro): 0,75 mg<\/dt>\n<\/dl>\n<div class=\"product-subtitle\">Componentes:<\/div>\n<table>\n<tbody>\n<tr>\n<th>Componente<\/th>\n<th>% del total<\/th>\n<\/tr>\n<tr>\n<td>Prote\u00edna bruta<\/td>\n<td>10.8%<\/td>\n<\/tr>\n<tr>\n<td>Grasa bruta<\/td>\n<td>8%<\/td>\n<\/tr>\n<tr>\n<td>Ceniza bruta<\/td>\n<td>2.3%<\/td>\n<\/tr>\n<tr>\n<td>Fibra bruta<\/td>\n<td>0.4%<\/td>\n<\/tr>\n<tr>\n<td>Omega 3<\/td>\n<td>0.1%<\/td>\n<\/tr>\n<tr>\n<td>Omega 6<\/td>\n<td>0.3%<\/td>\n<\/tr>\n<tr>\n<td>Humedad<\/td>\n<td>75%<\/td>\n<\/tr>\n<\/tbody>\n<\/table>\n<div class=\"product-subtitle\">SIN:<\/div>\n<p>Cereales, gluten, harina de huesos, colorantes artificiales, saborizantes y sustancias conservadoras, az\u00facar a\u00f1adida, residuos de matadero, potenciadores del sabor, experimentos con animales, ingenier\u00eda gen\u00e9tica.<\/p>\n<div class=\"product-subtitle\">Gu\u00eda de Alimentaci\u00f3n \/ 24 h<\/div>\n<p>(en funci\u00f3n de la edad, raza y actividad)<\/p>\n<table>\n<tbody>\n<tr>\n<th>Edad<\/th>\n<th>Bolsa de 100 g<\/th>\n<\/tr>\n<tr>\n<td>2 \u2013 3 kg<\/td>\n<td>1 \u2013 2<\/td>\n<\/tr>\n<tr>\n<td>4 kg<\/td>\n<td>2<\/td>\n<\/tr>\n<tr>\n<td>5 \u2013 6 kg<\/td>\n<td>3<\/td>\n<\/tr>\n<\/tbody>\n<\/table>\n<p>Energ\u00eda: 518 kJ, 124 kcal \/ 100 g<\/p>\n<div class=\"product-subtitle\">Resumen:<\/div>\n<p>Alimento completo BIO para gatos adultos en gelatina natural. Elaborado con un 71% de vacuno BIO y sin cereales ni gluten. Contiene vitaminas y minerales esenciales para una alimentaci\u00f3n equilibrada.<\/p>","protected":false},"excerpt":{"rendered":"<p>Alimento completo BIO para gatos adultos en gelatina natural. Cat\u00b4s Love sabor ternera en formato de 100 gramos. Aut\u00e9ntica delicia para tu gato.<\/p>","protected":false},"featured_media":7856,"template":"","meta":[],"etheme_brands":[{"term_id":138,"name":"CAT LOVE","slug":"cat-love","term_group":0,"term_taxonomy_id":138,"taxonomy":"brand","description":"","parent":0,"count":31,"filter":"raw"}],"product_cat":[96,25,83],"product_tag":[],"class_list":{"0":"post-7855","1":"product","2":"type-product","3":"status-publish","4":"has-post-thumbnail","6":"brand-cat-love","7":"product_cat-todos-los-productos","8":"product_cat-gatos","9":"product_cat-comida-humeda-para-gatos","11":"first","12":"instock","13":"taxable","14":"shipping-taxable","15":"purchasable","16":"product-type-simple"},"jetpack_sharing_enabled":true,"_links":{"self":[{"href":"https:\/\/familycancat.com\/en\/wp-json\/wp\/v2\/product\/7855","targetHints":{"allow":["GET"]}}],"collection":[{"href":"https:\/\/familycancat.com\/en\/wp-json\/wp\/v2\/product"}],"about":[{"href":"https:\/\/familycancat.com\/en\/wp-json\/wp\/v2\/types\/product"}],"version-history":[{"count":1,"href":"https:\/\/familycancat.com\/en\/wp-json\/wp\/v2\/product\/7855\/revisions"}],"predecessor-version":[{"id":7857,"href":"https:\/\/familycancat.com\/en\/wp-json\/wp\/v2\/product\/7855\/revisions\/7857"}],"wp:featuredmedia":[{"embeddable":true,"href":"https:\/\/familycancat.com\/en\/wp-json\/wp\/v2\/media\/7856"}],"wp:attachment":[{"href":"https:\/\/familycancat.com\/en\/wp-json\/wp\/v2\/media?parent=7855"}],"wp:term":[{"taxonomy":"brand","embeddable":true,"href":"https:\/\/familycancat.com\/en\/wp-json\/wp\/v2\/etheme_brands?post=7855"},{"taxonomy":"product_cat","embeddable":true,"href":"https:\/\/familycancat.com\/en\/wp-json\/wp\/v2\/product_cat?post=7855"},{"taxonomy":"product_tag","embeddable":true,"href":"https:\/\/familycancat.com\/en\/wp-json\/wp\/v2\/product_tag?post=7855"}],"curies":[{"name":"wp","href":"https:\/\/api.w.org\/{rel}","templated":true}]}}