{"id":7849,"date":"2025-02-11T18:37:31","date_gmt":"2025-02-11T17:37:31","guid":{"rendered":"https:\/\/familycancat.com\/?post_type=product&#038;p=7849"},"modified":"2026-04-11T12:06:04","modified_gmt":"2026-04-11T11:06:04","slug":"cats-love-lata-pescado-y-pollo-comida-humeda-natural-400g","status":"publish","type":"product","link":"https:\/\/familycancat.com\/en\/product\/cats-love-lata-pescado-y-pollo-comida-humeda-natural-400g\/","title":{"rendered":"Cats Love Lata Pescado y Pollo Comida Humeda Natural 400g"},"content":{"rendered":"<h2>Cats Love Pescado y Pollo Lata 100% Natural para tu Gato<\/h2>\n<p>Prueba nuestro mix de pescado y pollo en sabros\u00edsimos trozos en latas de 400 gr.<\/p>\n<p>Con una composici\u00f3n de un alto contenido en carne o pescado, desarrollada por veterinarios, proporciona a su gato los nutrientes necesarios para una salud \u00f3ptima.<\/p>\n<p>Utilizamos productos regionales y agricultores locales para la gama h\u00fameda de CATS LOVE. Cuidando al m\u00e1ximo nuestros ingredientes.<\/p>\n<p>F\u00f3rmulas desarrolladas por veterinarios y supeditadas a las leyes austriacas m\u00e1s estrictas en alimentaci\u00f3n.<\/p>\n<p>\u00bfC\u00faal es el resultado?<\/p>\n<p>Una alimentaci\u00f3n completa y equilibrada, adecuada para su gato, con todas las garant\u00edas. Alta palatabilidad y gran aceptaci\u00f3n.<\/p>\n<div class=\"product-subtitle\">Caracter\u00edsticas del producto:<\/div>\n<dl>\n<dt>Ofrece para su gato exactamente lo que por naturaleza necesita:<\/dt>\n<dt>Prote\u00ednas esenciales en su forma m\u00e1s natural procedentes de pescado\/carne.<\/dt>\n<dt>Con OMEGA 3 &amp; 6<\/dt>\n<dt>Complementado con \u00e1cidos grasos esenciales en la relaci\u00f3n ideal, resultando un pelo sano y brillante.<\/dt>\n<dt>Sin cereales: Todas las f\u00f3rmulas de CATS LOVE est\u00e1n libres de cereales y son muy digestibles aptas para gatos sensibles.<\/dt>\n<dt>Con taurina Y Vitaminas<\/dt>\n<dt>Gracias a los ingredientes adicionales valiosos y naturales cada men\u00fa completo, cumple con las exigencias de los valores nutricionales necesarios para el gato.<\/dt>\n<dt>100% Natural: En nuestros men\u00fas naturales renunciamos a aromas artificiales, conservantes, saborizantes y aditivos qu\u00edmicos.<\/dt>\n<\/dl>\n<div class=\"product-subtitle\">Ingredientes:<\/div>\n<table>\n<tbody>\n<tr>\n<th>Ingrediente<\/th>\n<th>% del total<\/th>\n<\/tr>\n<tr>\n<td>Salm\u00f3n &amp; pollo<\/td>\n<td>92%<\/td>\n<\/tr>\n<tr>\n<td>Minerales<\/td>\n<td>nd<\/td>\n<\/tr>\n<tr>\n<td>Aceite de salm\u00f3n<\/td>\n<td>0.2%<\/td>\n<\/tr>\n<tr>\n<td>Perejil<\/td>\n<td>0.1%<\/td>\n<\/tr>\n<\/tbody>\n<\/table>\n<div class=\"product-subtitle\">Aditivos Nutricionales::<\/div>\n<p>Vit. D3 127 UI, taurina 1.500 mg, zinc (como sulfato de zinc, monohidratado) 15 mg, manganeso (como sulfato manganoso (II), monohidratado) 3 mg, yodo (como yodato de calcio, anhidro) 0,5 mg, cobre (como sulfato de cobre, pentahidratado) 1 mg.<\/p>\n<p>Sin: Cereales, gluten, harina de huesos, colorantes artificiales, saborizantes y sustancias conservadoras, az\u00facar a\u00f1adida, residuos de matadero, potenciadores del sabor, experimentos con animales, ingenier\u00eda gen\u00e9tica.<\/p>\n<div class=\"product-subtitle\">Componentes:<\/div>\n<table>\n<tbody>\n<tr>\n<th>Componente<\/th>\n<th>% del total<\/th>\n<\/tr>\n<tr>\n<td>Prote\u00edna bruta<\/td>\n<td>12.5%<\/td>\n<\/tr>\n<tr>\n<td>Grasa bruta<\/td>\n<td>8.5%<\/td>\n<\/tr>\n<tr>\n<td>Ceniza bruta<\/td>\n<td>2.6%<\/td>\n<\/tr>\n<tr>\n<td>Fibra bruta<\/td>\n<td>1%<\/td>\n<\/tr>\n<tr>\n<td>Omega-3<\/td>\n<td>0.2%<\/td>\n<\/tr>\n<tr>\n<td>Omega-6<\/td>\n<td>1.5%<\/td>\n<\/tr>\n<tr>\n<td>Humedad<\/td>\n<td>75%<\/td>\n<\/tr>\n<\/tbody>\n<\/table>\n<p>&nbsp;<\/p>","protected":false},"excerpt":{"rendered":"<p>Cats Love Salmon y Pollo &#8211; Comida humeda natural gato en lata de 200g con sabor a Salmon y pollo, rico en pescado, sin cereales y bajo en carbohidratos<\/p>","protected":false},"featured_media":7850,"template":"","meta":[],"etheme_brands":[{"term_id":138,"name":"CAT LOVE","slug":"cat-love","term_group":0,"term_taxonomy_id":138,"taxonomy":"brand","description":"","parent":0,"count":31,"filter":"raw"}],"product_cat":[96,25,83],"product_tag":[],"class_list":{"0":"post-7849","1":"product","2":"type-product","3":"status-publish","4":"has-post-thumbnail","6":"brand-cat-love","7":"product_cat-todos-los-productos","8":"product_cat-gatos","9":"product_cat-comida-humeda-para-gatos","11":"first","12":"outofstock","13":"taxable","14":"shipping-taxable","15":"purchasable","16":"product-type-simple"},"jetpack_sharing_enabled":true,"_links":{"self":[{"href":"https:\/\/familycancat.com\/en\/wp-json\/wp\/v2\/product\/7849","targetHints":{"allow":["GET"]}}],"collection":[{"href":"https:\/\/familycancat.com\/en\/wp-json\/wp\/v2\/product"}],"about":[{"href":"https:\/\/familycancat.com\/en\/wp-json\/wp\/v2\/types\/product"}],"version-history":[{"count":1,"href":"https:\/\/familycancat.com\/en\/wp-json\/wp\/v2\/product\/7849\/revisions"}],"predecessor-version":[{"id":7851,"href":"https:\/\/familycancat.com\/en\/wp-json\/wp\/v2\/product\/7849\/revisions\/7851"}],"wp:featuredmedia":[{"embeddable":true,"href":"https:\/\/familycancat.com\/en\/wp-json\/wp\/v2\/media\/7850"}],"wp:attachment":[{"href":"https:\/\/familycancat.com\/en\/wp-json\/wp\/v2\/media?parent=7849"}],"wp:term":[{"taxonomy":"brand","embeddable":true,"href":"https:\/\/familycancat.com\/en\/wp-json\/wp\/v2\/etheme_brands?post=7849"},{"taxonomy":"product_cat","embeddable":true,"href":"https:\/\/familycancat.com\/en\/wp-json\/wp\/v2\/product_cat?post=7849"},{"taxonomy":"product_tag","embeddable":true,"href":"https:\/\/familycancat.com\/en\/wp-json\/wp\/v2\/product_tag?post=7849"}],"curies":[{"name":"wp","href":"https:\/\/api.w.org\/{rel}","templated":true}]}}