{"id":7842,"date":"2025-02-11T18:28:58","date_gmt":"2025-02-11T17:28:58","guid":{"rendered":"https:\/\/familycancat.com\/?post_type=product&#038;p=7842"},"modified":"2025-11-17T13:23:30","modified_gmt":"2025-11-17T12:23:30","slug":"cats-love-lata-ternera-y-pavo-comida-humeda-natural-200g","status":"publish","type":"product","link":"https:\/\/familycancat.com\/en\/product\/cats-love-lata-ternera-y-pavo-comida-humeda-natural-200g\/","title":{"rendered":"Cats Love Lata Ternera Y Pavo Comida Humeda Natural 200g"},"content":{"rendered":"<p><strong>Cat&#8217;s Love Lata 200gr Comida H\u00fameda De Ternera Y Pavo Gato Adulto<\/strong><\/p>\n<p><strong>Con menta de gato, sin cereales<\/strong><\/p>\n<p>Alimento completo de calidad alimentaria para gatos: adaptado perfactamente a las necesidades nutricionales de tu gato.<\/p>\n<p><strong>COMPOSICI\u00d3N<\/strong>: ternera &amp; pavo 92 % (corazones de ternera, carne de ternera, h\u00edgado de ternera, carne de pavo, corazones de pavo, h\u00edgados de pavo), minerales, aceite de lino 0,2 %, menta de gato 0,1 %.<\/p>\n<p><strong>ADITIVOS\/KG<\/strong>: aditivos nutricionales: vit. D3 127 UI, taurina 1.500 mg, zinc (como sulfato de zinc, monohidratado) 15 mg, manganeso (como sulfato manganoso (II), monohidratado) 3 mg, yodo (como yodato de calcio, anhidro) 0,5 mg, cobre (como sulfato de cobre, pentahidratado) 1 mg.<\/p>\n<p><strong>COMPONENTES ANAL\u00cdTICOS:\u00a0<\/strong>Prote\u00edna bruta 11,5 %, grasa bruta 8,5 %, ceniza bruta 2 %, fibra bruta 1%, omega 3 0,2 %, omega 6 1,2 %, humedad 73 %.<\/p>\n<p><strong>SIN:\u00a0<\/strong>Cereales, gluten, harina de huesos, colorantes artificiales, aromatizantes y agentes de consorcio, az\u00facares a\u00f1adidos, residuos de mataderos, potenciadores del sabor, experimentos con animales, ingenier\u00eda gen\u00e9tica.<\/p>","protected":false},"excerpt":{"rendered":"<p>Cat&#8217;s Love Lata 200gr Comida H\u00fameda De Ternera Y Pavo Gato Adulto Con menta de gato, sin cereales Alimento completo de calidad alimentaria para gatos:&#8230;<\/p>","protected":false},"featured_media":7843,"template":"","meta":[],"etheme_brands":[{"term_id":138,"name":"CAT LOVE","slug":"cat-love","term_group":0,"term_taxonomy_id":138,"taxonomy":"brand","description":"","parent":0,"count":31,"filter":"raw"}],"product_cat":[96,25,83],"product_tag":[],"class_list":{"0":"post-7842","1":"product","2":"type-product","3":"status-publish","4":"has-post-thumbnail","6":"brand-cat-love","7":"product_cat-todos-los-productos","8":"product_cat-gatos","9":"product_cat-comida-humeda-para-gatos","11":"first","12":"instock","13":"taxable","14":"shipping-taxable","15":"purchasable","16":"product-type-simple"},"jetpack_sharing_enabled":true,"_links":{"self":[{"href":"https:\/\/familycancat.com\/en\/wp-json\/wp\/v2\/product\/7842","targetHints":{"allow":["GET"]}}],"collection":[{"href":"https:\/\/familycancat.com\/en\/wp-json\/wp\/v2\/product"}],"about":[{"href":"https:\/\/familycancat.com\/en\/wp-json\/wp\/v2\/types\/product"}],"version-history":[{"count":1,"href":"https:\/\/familycancat.com\/en\/wp-json\/wp\/v2\/product\/7842\/revisions"}],"predecessor-version":[{"id":7844,"href":"https:\/\/familycancat.com\/en\/wp-json\/wp\/v2\/product\/7842\/revisions\/7844"}],"wp:featuredmedia":[{"embeddable":true,"href":"https:\/\/familycancat.com\/en\/wp-json\/wp\/v2\/media\/7843"}],"wp:attachment":[{"href":"https:\/\/familycancat.com\/en\/wp-json\/wp\/v2\/media?parent=7842"}],"wp:term":[{"taxonomy":"brand","embeddable":true,"href":"https:\/\/familycancat.com\/en\/wp-json\/wp\/v2\/etheme_brands?post=7842"},{"taxonomy":"product_cat","embeddable":true,"href":"https:\/\/familycancat.com\/en\/wp-json\/wp\/v2\/product_cat?post=7842"},{"taxonomy":"product_tag","embeddable":true,"href":"https:\/\/familycancat.com\/en\/wp-json\/wp\/v2\/product_tag?post=7842"}],"curies":[{"name":"wp","href":"https:\/\/api.w.org\/{rel}","templated":true}]}}