{"id":7835,"date":"2025-02-11T17:59:21","date_gmt":"2025-02-11T16:59:21","guid":{"rendered":"https:\/\/familycancat.com\/?post_type=product&#038;p=7835"},"modified":"2026-02-06T17:41:41","modified_gmt":"2026-02-06T16:41:41","slug":"cats-love-lata-puro-ternera-comida-humeda-200g","status":"publish","type":"product","link":"https:\/\/familycancat.com\/en\/product\/cats-love-lata-puro-ternera-comida-humeda-200g\/","title":{"rendered":"Cats Love Lata Puro Ternera Comida Humeda 200g"},"content":{"rendered":"<h2>Cats Love Puro Ternera Comida H\u00fameda 200g para Gato<\/h2>\n<p>El men\u00fa m\u00e1s completo de sabroso vacuno puro. Con una composici\u00f3n de un alto contenido en carne o pescado, desarrollada por veterinarios, proporciona a su gato los nutrientes necesarios para una salud \u00f3ptima.<\/p>\n<p>Utilizamos productos regionales y agricultores locales para la gama h\u00fameda de CATS LOVE. Cuidando al m\u00e1ximo nuestros ingredientes.<\/p>\n<p>F\u00f3rmulas desarrolladas por veterinarios y supeditadas a las leyes austriacas m\u00e1s estrictas en alimentaci\u00f3n.<\/p>\n<h2>Filosof\u00eda Love and Cats<\/h2>\n<p>Para los amantes de los gatos, Cat\u00b4s Love ofrece para su gato exactamente lo que por naturaleza necesita.<\/p>\n<p>Una alimentaci\u00f3n completa y equilibrada, adecuada para su gato, con todas las garant\u00edas. Alta palatabilidad y gran aceptaci\u00f3n.<\/p>\n<div class=\"product-subtitle\">Caracter\u00edsticas:<\/div>\n<dl>\n<dt>Prote\u00ednas esenciales en su forma m\u00e1s natural procedentes de pescado\/carne<\/dt>\n<dt>Con Omega 3 y 6<strong>:<\/strong>\u00a0Resulta en un pelo sano y brillante<\/dt>\n<dt>Sin cereales: Apto para gatos sensibles y muy digestible<\/dt>\n<dt>Con taurina y vitaminas: Cumple con los valores nutricionales necesarios para el gato<\/dt>\n<dt>100% natural: Sin aromas artificiales, conservantes, saborizantes y aditivos qu\u00edmicos<\/dt>\n<\/dl>\n<div class=\"product-subtitle\">Ingredientes:<\/div>\n<table>\n<tbody>\n<tr>\n<th>Ingredientes<\/th>\n<th>% del total<\/th>\n<\/tr>\n<tr>\n<td>Vacuno<\/td>\n<td>92%<\/td>\n<\/tr>\n<tr>\n<td>Minerales<\/td>\n<td>\u00a0&#8211;<\/td>\n<\/tr>\n<tr>\n<td>Aceite de c\u00e1rtamo<\/td>\n<td>0.25%<\/td>\n<\/tr>\n<tr>\n<td>Hojas de diente de le\u00f3n<\/td>\n<td>0.1%<\/td>\n<\/tr>\n<\/tbody>\n<\/table>\n<div class=\"product-subtitle\">Composici\u00f3n:<\/div>\n<table>\n<tbody>\n<tr>\n<th>Componente<\/th>\n<th>% del total<\/th>\n<\/tr>\n<tr>\n<td>Prote\u00edna bruta<\/td>\n<td>14.5%<\/td>\n<\/tr>\n<tr>\n<td>Grasa bruta<\/td>\n<td>7.5%<\/td>\n<\/tr>\n<tr>\n<td>Ceniza bruta<\/td>\n<td>2%<\/td>\n<\/tr>\n<tr>\n<td>Fibra bruta<\/td>\n<td>1%<\/td>\n<\/tr>\n<tr>\n<td>Omega 3<\/td>\n<td>0.1%<\/td>\n<\/tr>\n<tr>\n<td>Omega 6<\/td>\n<td>0.6%<\/td>\n<\/tr>\n<tr>\n<td>Humedad<\/td>\n<td>75%<\/td>\n<\/tr>\n<\/tbody>\n<\/table>\n<div class=\"product-subtitle\">Aditivos (por kg):<\/div>\n<p>Aditivos nutricionales: Vit. D3 127 UI, taurina 1.500 mg, zinc (como sulfato de zinc, monohidratado) 15 mg, manganeso (como sulfato manganoso (II), monohidratado) 3 mg, yodo (como yodato de calcio, anhidro) 0.5 mg, cobre (como sulfato de cobre, pentahidratado) 1 mg.<\/p>\n<h2>Resumen Cat\u00b4s Love Ternera<\/h2>\n<p>La comida h\u00fameda Cats Love Ternera ofrece una opci\u00f3n completa y equilibrada para tu gato, desarrollada por veterinarios y siguiendo las leyes austriacas m\u00e1s estrictas en alimentaci\u00f3n.<\/p>\n<p>Con alto contenido de carne de ternera, \u00e1cidos grasos esenciales, sin cereales y enriquecida con taurina y vitaminas, proporciona una nutrici\u00f3n natural y saludable. Adem\u00e1s, renunciamos a aromas artificiales, conservantes, saborizantes y aditivos qu\u00edmicos para garantizar la mejor calidad.<\/p>","protected":false},"excerpt":{"rendered":"<p>Cats Love Pollo &#8211; Comida humeda natural gato en lata monoproteica de 200g con sabor a ternera, rico en prote\u00ednas, sin cereales y bajo en carbohidratos<\/p>","protected":false},"featured_media":7834,"template":"","meta":[],"etheme_brands":[{"term_id":138,"name":"CAT LOVE","slug":"cat-love","term_group":0,"term_taxonomy_id":138,"taxonomy":"brand","description":"","parent":0,"count":31,"filter":"raw"}],"product_cat":[96,25,83],"product_tag":[],"class_list":{"0":"post-7835","1":"product","2":"type-product","3":"status-publish","4":"has-post-thumbnail","6":"brand-cat-love","7":"product_cat-todos-los-productos","8":"product_cat-gatos","9":"product_cat-comida-humeda-para-gatos","11":"first","12":"instock","13":"taxable","14":"shipping-taxable","15":"purchasable","16":"product-type-simple"},"jetpack_sharing_enabled":true,"_links":{"self":[{"href":"https:\/\/familycancat.com\/en\/wp-json\/wp\/v2\/product\/7835","targetHints":{"allow":["GET"]}}],"collection":[{"href":"https:\/\/familycancat.com\/en\/wp-json\/wp\/v2\/product"}],"about":[{"href":"https:\/\/familycancat.com\/en\/wp-json\/wp\/v2\/types\/product"}],"version-history":[{"count":1,"href":"https:\/\/familycancat.com\/en\/wp-json\/wp\/v2\/product\/7835\/revisions"}],"predecessor-version":[{"id":7836,"href":"https:\/\/familycancat.com\/en\/wp-json\/wp\/v2\/product\/7835\/revisions\/7836"}],"wp:featuredmedia":[{"embeddable":true,"href":"https:\/\/familycancat.com\/en\/wp-json\/wp\/v2\/media\/7834"}],"wp:attachment":[{"href":"https:\/\/familycancat.com\/en\/wp-json\/wp\/v2\/media?parent=7835"}],"wp:term":[{"taxonomy":"brand","embeddable":true,"href":"https:\/\/familycancat.com\/en\/wp-json\/wp\/v2\/etheme_brands?post=7835"},{"taxonomy":"product_cat","embeddable":true,"href":"https:\/\/familycancat.com\/en\/wp-json\/wp\/v2\/product_cat?post=7835"},{"taxonomy":"product_tag","embeddable":true,"href":"https:\/\/familycancat.com\/en\/wp-json\/wp\/v2\/product_tag?post=7835"}],"curies":[{"name":"wp","href":"https:\/\/api.w.org\/{rel}","templated":true}]}}