{"id":7827,"date":"2025-02-11T17:01:10","date_gmt":"2025-02-11T16:01:10","guid":{"rendered":"https:\/\/familycancat.com\/?post_type=product&#038;p=7827"},"modified":"2026-04-09T19:30:06","modified_gmt":"2026-04-09T18:30:06","slug":"cats-love-sobre-puro-pavo-85g-gato","status":"publish","type":"product","link":"https:\/\/familycancat.com\/en\/product\/cats-love-sobre-puro-pavo-85g-gato\/","title":{"rendered":"Cats Love Sobre Puro Pavo 85g"},"content":{"rendered":"<p>&nbsp;<\/p>\n<h2>Cats Love Pavo Comida H\u00fameda Natural en Sobre de 85g<\/h2>\n<p>Comida h\u00fameda completa para gatos con 71% de pavo, con aceite de salm\u00f3n y tomillo. Sin cereales, gluten, lactosa ni az\u00facar a\u00f1adido. Enriquecida con omega 3 y 6 y desarrollada por veterinarios. Sin cereales. 100% natural.<\/p>\n<div class=\"product-subtitle\">Caracter\u00edsticas del Producto:<\/div>\n<dl>\n<dt>71% de pavo como fuente \u00fanica de prote\u00edna.<\/dt>\n<dt>Libre de cereales, gluten, lactosa y az\u00facar a\u00f1adido.<\/dt>\n<dt>Formulada sin conservantes ni atrayentes artificiales.<\/dt>\n<dt>Enriquecida con \u00e1cidos grasos esenciales Omega 3 y 6.<\/dt>\n<dt>100% natural y adecuada para la especie felina.<\/dt>\n<\/dl>\n<div class=\"product-subtitle\">Ingredientes:<\/div>\n<table>\n<tbody>\n<tr>\n<th>Ingrediente<\/th>\n<th>% Composici\u00f3n<\/th>\n<\/tr>\n<tr>\n<td>Pavo<\/td>\n<td>71%<\/td>\n<\/tr>\n<tr>\n<td>Broth<\/td>\n<td>27.7%<\/td>\n<\/tr>\n<tr>\n<td>Minerales<\/td>\n<td>1%<\/td>\n<\/tr>\n<tr>\n<td>Aceite de salm\u00f3n<\/td>\n<td>0.2%<\/td>\n<\/tr>\n<tr>\n<td>Tomillo de gato<\/td>\n<td>0.1%<\/td>\n<\/tr>\n<\/tbody>\n<\/table>\n<p>Lista completa: pavo 71% (compuesto por corazones de pavo, carne de pavo, est\u00f3mago de pavo, h\u00edgado de pavo, cuellos de pavo), caldo 27,7%, minerales 1%, aceite de salm\u00f3n 0,2%, tomillo de gato 0,1%..<\/p>\n<div class=\"product-subtitle\">Aditivos Nutricionales:<\/div>\n<p>Vitamina D3 200 UI, zinc 25 mg, manganeso 1.4 mg, cobre 1 mg, yodo 0.75 mg, taurina 1.500 mg.<\/p>\n<div class=\"product-subtitle\">Componentes Anal\u00edticos:<\/div>\n<table>\n<tbody>\n<tr>\n<th>Componente<\/th>\n<th>% Composici\u00f3n<\/th>\n<\/tr>\n<tr>\n<td>Prote\u00edna bruta<\/td>\n<td>10.9%<\/td>\n<\/tr>\n<tr>\n<td>Grasa bruta<\/td>\n<td>6%<\/td>\n<\/tr>\n<tr>\n<td>Ceniza bruta<\/td>\n<td>2.7%<\/td>\n<\/tr>\n<tr>\n<td>Fibra bruta<\/td>\n<td>0.3%<\/td>\n<\/tr>\n<tr>\n<td>Calcio<\/td>\n<td>0.29%<\/td>\n<\/tr>\n<tr>\n<td>F\u00f3sforo<\/td>\n<td>0.23%<\/td>\n<\/tr>\n<tr>\n<td>Omega 6<\/td>\n<td>1.2%<\/td>\n<\/tr>\n<tr>\n<td>Omega 3<\/td>\n<td>0.15%<\/td>\n<\/tr>\n<tr>\n<td>Humedad<\/td>\n<td>77%<\/td>\n<\/tr>\n<\/tbody>\n<\/table>\n<div class=\"product-subtitle\">Beneficios para tu Mascota:<\/div>\n<dl>\n<dt>Aporta prote\u00ednas de alta calidad para una dieta balanceada.<\/dt>\n<dt>Fomenta una piel sana y un pelaje brillante gracias a los \u00e1cidos grasos Omega 3 y 6.<\/dt>\n<dt>Formulaci\u00f3n hipoalerg\u00e9nica adecuada para gatos con sensibilidades alimentarias.<\/dt>\n<dt>Alta palatabilidad y aceptaci\u00f3n por parte de los gatos.<\/dt>\n<dt>Promueve una salud \u00f3ptima y un bienestar general.<\/dt>\n<\/dl>\n<div class=\"product-subtitle\">Resumen:<\/div>\n<p>Cats Love Pavo Comida H\u00fameda Natural es un alimento completo y equilibrado para gatos, con un alto contenido en pavo y libre de ingredientes artificiales. Ofrece nutrici\u00f3n esencial, apoyando la salud y el bienestar general de tu gato.<\/p>","protected":false},"excerpt":{"rendered":"<p>Alimento natural completo\u00a0de comida h\u00fameda rico en pavo, sin cereales ni conservantes artificiales, con Omega 3 y 6, para la salud \u00f3ptima de tu gato. 85 gramos.<\/p>","protected":false},"featured_media":7828,"template":"","meta":[],"etheme_brands":[{"term_id":138,"name":"CAT LOVE","slug":"cat-love","term_group":0,"term_taxonomy_id":138,"taxonomy":"brand","description":"","parent":0,"count":31,"filter":"raw"}],"product_cat":[96,25,83],"product_tag":[],"class_list":{"0":"post-7827","1":"product","2":"type-product","3":"status-publish","4":"has-post-thumbnail","6":"brand-cat-love","7":"product_cat-todos-los-productos","8":"product_cat-gatos","9":"product_cat-comida-humeda-para-gatos","11":"first","12":"instock","13":"taxable","14":"shipping-taxable","15":"purchasable","16":"product-type-simple"},"jetpack_sharing_enabled":true,"_links":{"self":[{"href":"https:\/\/familycancat.com\/en\/wp-json\/wp\/v2\/product\/7827","targetHints":{"allow":["GET"]}}],"collection":[{"href":"https:\/\/familycancat.com\/en\/wp-json\/wp\/v2\/product"}],"about":[{"href":"https:\/\/familycancat.com\/en\/wp-json\/wp\/v2\/types\/product"}],"version-history":[{"count":2,"href":"https:\/\/familycancat.com\/en\/wp-json\/wp\/v2\/product\/7827\/revisions"}],"predecessor-version":[{"id":7830,"href":"https:\/\/familycancat.com\/en\/wp-json\/wp\/v2\/product\/7827\/revisions\/7830"}],"wp:featuredmedia":[{"embeddable":true,"href":"https:\/\/familycancat.com\/en\/wp-json\/wp\/v2\/media\/7828"}],"wp:attachment":[{"href":"https:\/\/familycancat.com\/en\/wp-json\/wp\/v2\/media?parent=7827"}],"wp:term":[{"taxonomy":"brand","embeddable":true,"href":"https:\/\/familycancat.com\/en\/wp-json\/wp\/v2\/etheme_brands?post=7827"},{"taxonomy":"product_cat","embeddable":true,"href":"https:\/\/familycancat.com\/en\/wp-json\/wp\/v2\/product_cat?post=7827"},{"taxonomy":"product_tag","embeddable":true,"href":"https:\/\/familycancat.com\/en\/wp-json\/wp\/v2\/product_tag?post=7827"}],"curies":[{"name":"wp","href":"https:\/\/api.w.org\/{rel}","templated":true}]}}