{"id":7824,"date":"2025-02-11T16:59:00","date_gmt":"2025-02-11T15:59:00","guid":{"rendered":"https:\/\/familycancat.com\/?post_type=product&#038;p=7824"},"modified":"2026-04-09T19:30:06","modified_gmt":"2026-04-09T18:30:06","slug":"cats-love-salmon-y-pollo-sobre-85g","status":"publish","type":"product","link":"https:\/\/familycancat.com\/en\/product\/cats-love-salmon-y-pollo-sobre-85g\/","title":{"rendered":"Cats Love Salmon y Pollo Sobre 85g"},"content":{"rendered":"<h2>Cats Love Salmon y Pollo Sobre de Comida H\u00fameda 85g 100% Natural para Gato<\/h2>\n<p>Tenemos el mix de salm\u00f3n y pollo en un sabros\u00edsimo mousse que le encantar\u00e1 a tu gato envasados en sobres de 85 gr.<\/p>\n<p>Con una composici\u00f3n de un alto contenido en carne o pescado, desarrollada por veterinarios, proporciona a su gato los nutrientes necesarios para una salud \u00f3ptima.<\/p>\n<p>Utilizamos productos regionales y agricultores locales para la gama h\u00fameda de CATS LOVE. Cuidando al m\u00e1ximo nuestros ingredientes.<\/p>\n<p>F\u00f3rmulas desarrolladas por veterinarios y supeditadas a las leyes austriacas m\u00e1s estrictas en alimentaci\u00f3n.<\/p>\n<div class=\"product-subtitle\">Caracter\u00edsticas del producto:<\/div>\n<dl>\n<dt>Alta palatabilidad y gran aceptaci\u00f3n<\/dt>\n<dt>Prote\u00ednas esenciales en su forma m\u00e1s natural procedentes de pescado\/carne<\/dt>\n<dt>Complementado con \u00e1cidos grasos esenciales en la relaci\u00f3n ideal, resultando un pelo sano y brillante<\/dt>\n<dt>Todas las f\u00f3rmulas de CATS LOVE est\u00e1n libres de cereales y son muy digestibles aptas para gatos sensibles<\/dt>\n<dt>Gracias a los ingredientes adicionales valiosos y naturales cada men\u00fa completo, cumple con las exigencias de los valores nutricionales necesarios para el gato<\/dt>\n<dt>En nuestros men\u00fas naturales renunciamos a aromas artificiales, conservantes, saborizantes y aditivos qu\u00edmicos<\/dt>\n<\/dl>\n<div class=\"product-subtitle\">Beneficios:<\/div>\n<dl>\n<dt>Proporciona los nutrientes necesarios para una salud \u00f3ptima<\/dt>\n<dt>Pelo sano y brillante gracias a los \u00e1cidos grasos esenciales<\/dt>\n<dt>Apta para gatos sensibles gracias a su digestibilidad<\/dt>\n<dt>Cumple con los valores nutricionales necesarios para el gato<\/dt>\n<dt>Alimentaci\u00f3n natural sin aditivos qu\u00edmicos<\/dt>\n<\/dl>\n<div class=\"product-subtitle\">Ingredientes:<\/div>\n<table>\n<tbody>\n<tr>\n<th>Ingrediente<\/th>\n<th>% composici\u00f3n<\/th>\n<\/tr>\n<tr>\n<td>Salm\u00f3n &amp; pollo<\/td>\n<td>71%<\/td>\n<\/tr>\n<tr>\n<td>Broth<\/td>\n<td>27.7%<\/td>\n<\/tr>\n<tr>\n<td>Minerales<\/td>\n<td>1%<\/td>\n<\/tr>\n<tr>\n<td>Aceite de salm\u00f3n<\/td>\n<td>0.2%<\/td>\n<\/tr>\n<tr>\n<td>Perejil<\/td>\n<td>0.1%<\/td>\n<\/tr>\n<\/tbody>\n<\/table>\n<div class=\"product-subtitle\">Componentes:<\/div>\n<table>\n<tbody>\n<tr>\n<th>Componente<\/th>\n<th>% composici\u00f3n<\/th>\n<\/tr>\n<tr>\n<td>Prote\u00edna bruta<\/td>\n<td>12.5%<\/td>\n<\/tr>\n<tr>\n<td>Grasa bruta<\/td>\n<td>8.5%<\/td>\n<\/tr>\n<tr>\n<td>Ceniza bruta<\/td>\n<td>2.6%<\/td>\n<\/tr>\n<tr>\n<td>Fibra bruta<\/td>\n<td>1%<\/td>\n<\/tr>\n<tr>\n<td>Omega-3<\/td>\n<td>0.2%<\/td>\n<\/tr>\n<tr>\n<td>Omega-6<\/td>\n<td>1.5%<\/td>\n<\/tr>\n<tr>\n<td>Humedad<\/td>\n<td>75%<\/td>\n<\/tr>\n<\/tbody>\n<\/table>\n<p>Prueba la alimentaci\u00f3n m\u00e1s completa y 100% natural para tu gato con el mix de salm\u00f3n y pollo en sobres de 85 gr. Desarrollada por veterinarios y supeditada a las leyes austriacas m\u00e1s estrictas en alimentaci\u00f3n, esta f\u00f3rmula proporciona a tu gato los nutrientes necesarios para una salud \u00f3ptima.<br \/>\nAdem\u00e1s, su alta palatabilidad y gran aceptaci\u00f3n garantizan que tu mascota disfrutar\u00e1 de cada comida. Con ingredientes naturales y libres de cereales, esta alimentaci\u00f3n es apta para gatos sensibles y cumple con los valores nutricionales necesarios para el gato. Pru\u00e9bala ahora y ver\u00e1s los beneficios en el pelo sano y brillante de tu gato.<\/p>","protected":false},"excerpt":{"rendered":"<p>Cats Love Salmon y Pollo &#8211; Comida humeda natural gato en sobre de 85g con sabor a Salmon y pollo, rico en pescado, sin cereales y bajo en carbohidratos<\/p>","protected":false},"featured_media":7825,"template":"","meta":[],"etheme_brands":[{"term_id":138,"name":"CAT LOVE","slug":"cat-love","term_group":0,"term_taxonomy_id":138,"taxonomy":"brand","description":"","parent":0,"count":31,"filter":"raw"}],"product_cat":[25,83],"product_tag":[],"class_list":{"0":"post-7824","1":"product","2":"type-product","3":"status-publish","4":"has-post-thumbnail","6":"brand-cat-love","7":"product_cat-gatos","8":"product_cat-comida-humeda-para-gatos","10":"first","11":"instock","12":"taxable","13":"shipping-taxable","14":"purchasable","15":"product-type-simple"},"jetpack_sharing_enabled":true,"_links":{"self":[{"href":"https:\/\/familycancat.com\/en\/wp-json\/wp\/v2\/product\/7824","targetHints":{"allow":["GET"]}}],"collection":[{"href":"https:\/\/familycancat.com\/en\/wp-json\/wp\/v2\/product"}],"about":[{"href":"https:\/\/familycancat.com\/en\/wp-json\/wp\/v2\/types\/product"}],"version-history":[{"count":1,"href":"https:\/\/familycancat.com\/en\/wp-json\/wp\/v2\/product\/7824\/revisions"}],"predecessor-version":[{"id":7826,"href":"https:\/\/familycancat.com\/en\/wp-json\/wp\/v2\/product\/7824\/revisions\/7826"}],"wp:featuredmedia":[{"embeddable":true,"href":"https:\/\/familycancat.com\/en\/wp-json\/wp\/v2\/media\/7825"}],"wp:attachment":[{"href":"https:\/\/familycancat.com\/en\/wp-json\/wp\/v2\/media?parent=7824"}],"wp:term":[{"taxonomy":"brand","embeddable":true,"href":"https:\/\/familycancat.com\/en\/wp-json\/wp\/v2\/etheme_brands?post=7824"},{"taxonomy":"product_cat","embeddable":true,"href":"https:\/\/familycancat.com\/en\/wp-json\/wp\/v2\/product_cat?post=7824"},{"taxonomy":"product_tag","embeddable":true,"href":"https:\/\/familycancat.com\/en\/wp-json\/wp\/v2\/product_tag?post=7824"}],"curies":[{"name":"wp","href":"https:\/\/api.w.org\/{rel}","templated":true}]}}