{"id":7821,"date":"2025-02-11T16:53:39","date_gmt":"2025-02-11T15:53:39","guid":{"rendered":"https:\/\/familycancat.com\/?post_type=product&#038;p=7821"},"modified":"2026-04-09T19:30:06","modified_gmt":"2026-04-09T18:30:06","slug":"cats-love-sobre-puro-salmon-85g","status":"publish","type":"product","link":"https:\/\/familycancat.com\/en\/product\/cats-love-sobre-puro-salmon-85g\/","title":{"rendered":"Cats Love Sobre Puro Salmon 85g"},"content":{"rendered":"<h2>Sobres de Cat&#8217;s Love con Mousse de Salm\u00f3n en Sobre de 85g<\/h2>\n<p>A tu gato le encantar\u00e1n el mousse de salm\u00f3n que contienen los sobres de Cat&#8217;s Love. La alimentaci\u00f3n m\u00e1s completa y equilibrada para tu gato.<\/p>\n<p>Men\u00fa completo para gatos de riqu\u00edsimo salm\u00f3n puro en trozos.<\/p>\n<div class=\"product-subtitle\">Caracter\u00edsticas del producto:<\/div>\n<dl>\n<dt>Alto contenido en carne o pescado<\/dt>\n<dt>Desarrollado por veterinarios<\/dt>\n<dt>Proporciona nutrientes necesarios para una salud \u00f3ptima<\/dt>\n<dt>Utiliza productos regionales y agricultores locales<\/dt>\n<dt>F\u00f3rmulas desarrolladas seg\u00fan leyes austriacas m\u00e1s estrictas en alimentaci\u00f3n<\/dt>\n<\/dl>\n<div class=\"product-subtitle\">Beneficios para tu mascota:<\/div>\n<dl>\n<dt>Prote\u00ednas esenciales en su forma m\u00e1s natural procedentes de pescado\/carne<\/dt>\n<dt>Con Omega 3 y 6<strong>:<\/strong>\u00a0Resulta en un pelo sano y brillante<\/dt>\n<dt>Sin cereales: Apto para gatos sensibles y muy digestible<\/dt>\n<dt>Con taurina y vitaminas: Cumple con los valores nutricionales necesarios para el gato<\/dt>\n<dt>100% natural: Sin aromas artificiales, conservantes, saborizantes y aditivos qu\u00edmicos<\/dt>\n<\/dl>\n<div class=\"product-subtitle\">Ingredientes:<\/div>\n<table>\n<tbody>\n<tr>\n<th>Ingrediente<\/th>\n<th>% del total<\/th>\n<\/tr>\n<tr>\n<td>Salm\u00f3n<\/td>\n<td>71%<\/td>\n<\/tr>\n<tr>\n<td>Broth<\/td>\n<td>27.7%<\/td>\n<\/tr>\n<tr>\n<td>Minerales<\/td>\n<td>1%<\/td>\n<\/tr>\n<tr>\n<td>Aceite de cardo<\/td>\n<td>0.2%<\/td>\n<\/tr>\n<tr>\n<td>Perejil<\/td>\n<td>0.1%<\/td>\n<\/tr>\n<\/tbody>\n<\/table>\n<div class=\"product-subtitle\">Componentes:<\/div>\n<table>\n<tbody>\n<tr>\n<th>Componente<\/th>\n<th>% del total<\/th>\n<\/tr>\n<tr>\n<td>Prote\u00edna bruta<\/td>\n<td>11.5%<\/td>\n<\/tr>\n<tr>\n<td>Grasa bruta<\/td>\n<td>8.5%<\/td>\n<\/tr>\n<tr>\n<td>Ceniza bruta<\/td>\n<td>4%<\/td>\n<\/tr>\n<tr>\n<td>Fibra bruta<\/td>\n<td>1%<\/td>\n<\/tr>\n<tr>\n<td>Omega-3<\/td>\n<td>1%<\/td>\n<\/tr>\n<tr>\n<td>Omega-6<\/td>\n<td>1.8%<\/td>\n<\/tr>\n<tr>\n<td>Humedad<\/td>\n<td>73%<\/td>\n<\/tr>\n<\/tbody>\n<\/table>\n<div class=\"product-subtitle\">Resumen:<\/div>\n<p>Cat&#8217;s Love mousse de salm\u00f3n ofrece una alimentaci\u00f3n completa y equilibrada para tu gato, con alto contenido en carne o pescado.<\/p>\n<p>Desarrollada por veterinarios con productos locales, es 100% natural, sin cereales, aditivos qu\u00edmicos ni conservantes. Incluye omega 3 y 6, taurina y vitaminas, ideal para gatos sensibles y garantiza un pelaje sano y brillante. Tu gato disfrutar\u00e1 de una comida deliciosa y saludable.<\/p>","protected":false},"excerpt":{"rendered":"<p>Cats Love Salm\u00f3n &#8211; Comida h\u00fameda natural gato en lata de 200g con sabor a salm\u00f3n, rico en prote\u00ednas, sin cereales y bajo en carbohidratos<\/p>","protected":false},"featured_media":7822,"template":"","meta":[],"etheme_brands":[{"term_id":138,"name":"CAT LOVE","slug":"cat-love","term_group":0,"term_taxonomy_id":138,"taxonomy":"brand","description":"","parent":0,"count":31,"filter":"raw"}],"product_cat":[25,83],"product_tag":[],"class_list":{"0":"post-7821","1":"product","2":"type-product","3":"status-publish","4":"has-post-thumbnail","6":"brand-cat-love","7":"product_cat-gatos","8":"product_cat-comida-humeda-para-gatos","10":"first","11":"instock","12":"taxable","13":"shipping-taxable","14":"purchasable","15":"product-type-simple"},"jetpack_sharing_enabled":true,"_links":{"self":[{"href":"https:\/\/familycancat.com\/en\/wp-json\/wp\/v2\/product\/7821","targetHints":{"allow":["GET"]}}],"collection":[{"href":"https:\/\/familycancat.com\/en\/wp-json\/wp\/v2\/product"}],"about":[{"href":"https:\/\/familycancat.com\/en\/wp-json\/wp\/v2\/types\/product"}],"version-history":[{"count":1,"href":"https:\/\/familycancat.com\/en\/wp-json\/wp\/v2\/product\/7821\/revisions"}],"predecessor-version":[{"id":7823,"href":"https:\/\/familycancat.com\/en\/wp-json\/wp\/v2\/product\/7821\/revisions\/7823"}],"wp:featuredmedia":[{"embeddable":true,"href":"https:\/\/familycancat.com\/en\/wp-json\/wp\/v2\/media\/7822"}],"wp:attachment":[{"href":"https:\/\/familycancat.com\/en\/wp-json\/wp\/v2\/media?parent=7821"}],"wp:term":[{"taxonomy":"brand","embeddable":true,"href":"https:\/\/familycancat.com\/en\/wp-json\/wp\/v2\/etheme_brands?post=7821"},{"taxonomy":"product_cat","embeddable":true,"href":"https:\/\/familycancat.com\/en\/wp-json\/wp\/v2\/product_cat?post=7821"},{"taxonomy":"product_tag","embeddable":true,"href":"https:\/\/familycancat.com\/en\/wp-json\/wp\/v2\/product_tag?post=7821"}],"curies":[{"name":"wp","href":"https:\/\/api.w.org\/{rel}","templated":true}]}}