{"id":7817,"date":"2025-02-10T13:49:28","date_gmt":"2025-02-10T12:49:28","guid":{"rendered":"https:\/\/familycancat.com\/?post_type=product&#038;p=7817"},"modified":"2026-04-09T19:30:06","modified_gmt":"2026-04-09T18:30:06","slug":"cats-love-sobre-puro-pollo-85g","status":"publish","type":"product","link":"https:\/\/familycancat.com\/en\/product\/cats-love-sobre-puro-pollo-85g\/","title":{"rendered":"Cats Love Sobre Puro Pollo 85g"},"content":{"rendered":"<div class=\"product-subtitle\">Descripci\u00f3n:<\/div>\n<p>CAT&#8217;S LOVE ADULT PURO POLLO es un alimento h\u00famedo completo para gatos adultos, elaborado con las mejores piezas de pollo y complementado con ingredientes de alta calidad como el aceite de salm\u00f3n.<br \/>\nEsta comida en forma de trozos de carne en gelatina natural se adapta perfectamente a las preferencias de los felinos, ofreciendo una nutrici\u00f3n rica en prote\u00ednas sin cereales, gluten, lactosa, ni az\u00facares a\u00f1adidos, garantizando as\u00ed una dieta saludable y equilibrada.<\/p>\n<div class=\"product-subtitle\">Caracter\u00edsticas del producto:<\/div>\n<dl>\n<dt>Compuesto por un 71% de carne de pollo<\/dt>\n<dt>Libre de cereales, gluten, lactosa y az\u00facares a\u00f1adidos<\/dt>\n<dt>Ausencia de conservantes y potenciadores de sabor artificiales<\/dt>\n<dt>Contiene Omega 3 y 6 para promover un pelaje brillante y una piel saludable<\/dt>\n<\/dl>\n<div class=\"product-subtitle\">Beneficios para tu mascota:<\/div>\n<dl>\n<dt>Ofrece una alimentaci\u00f3n completa y equilibrada<\/dt>\n<dt>Fomenta un sistema inmunol\u00f3gico fuerte<\/dt>\n<dt>Contribuye a una piel y pelaje saludables<\/dt>\n<dt>Mejora la digesti\u00f3n gracias a ingredientes naturales y de calidad<\/dt>\n<\/dl>\n<div class=\"product-subtitle\">Ingredientes:<\/div>\n<p>Pollo 71% (corazones de pollo, carne de pollo, h\u00edgado de pollo, est\u00f3magos de pollo, cuellos de pollo, grasa de pollo), caldo 27,7%, minerales 1%, aceite de lino 0,2%, ortigas 0,1%.<\/p>\n<div class=\"product-subtitle\">Composici\u00f3n anal\u00edtica:<\/div>\n<table>\n<thead>\n<tr>\n<th>Componente<\/th>\n<th>% del total<\/th>\n<\/tr>\n<\/thead>\n<tbody>\n<tr>\n<td>Prote\u00edna bruta<\/td>\n<td>10,7%<\/td>\n<\/tr>\n<tr>\n<td>Grasa bruta<\/td>\n<td>4,5%<\/td>\n<\/tr>\n<tr>\n<td>Ceniza bruta<\/td>\n<td>2,9%<\/td>\n<\/tr>\n<tr>\n<td>Fibra bruta<\/td>\n<td>0,3%<\/td>\n<\/tr>\n<tr>\n<td>Calcio<\/td>\n<td>0,28%<\/td>\n<\/tr>\n<tr>\n<td>F\u00f3sforo<\/td>\n<td>0,23%<\/td>\n<\/tr>\n<tr>\n<td>Omega-6<\/td>\n<td>0,8%<\/td>\n<\/tr>\n<tr>\n<td>Omega-3<\/td>\n<td>0,1%<\/td>\n<\/tr>\n<tr>\n<td>Humedad<\/td>\n<td>79%<\/td>\n<\/tr>\n<\/tbody>\n<\/table>\n<div class=\"product-subtitle\">Componentes nutricionales:<\/div>\n<p>Vitamina D3 200 UI, cinc 25 mg, manganeso 1,4 mg, cobre 1 mg, yodo 0,75 mg, taurina 1.500 mg.<\/p>","protected":false},"excerpt":{"rendered":"<p>La comida h\u00fameda CAT&#8217;S LOVE Adult Puro Pollo se presenta como una opci\u00f3n completa y equilibrada para gatos adultos, destacando por su alto contenido de pollo (71%). Enriquecida con aceite de salm\u00f3n y sin a\u00f1adidos de cereales, gluten, lactosa ni az\u00facares, asegura una alimentaci\u00f3n natural y altamente nutritiva.<\/p>","protected":false},"featured_media":7818,"template":"","meta":[],"etheme_brands":[{"term_id":138,"name":"CAT LOVE","slug":"cat-love","term_group":0,"term_taxonomy_id":138,"taxonomy":"brand","description":"","parent":0,"count":31,"filter":"raw"}],"product_cat":[25,83],"product_tag":[],"class_list":{"0":"post-7817","1":"product","2":"type-product","3":"status-publish","4":"has-post-thumbnail","6":"brand-cat-love","7":"product_cat-gatos","8":"product_cat-comida-humeda-para-gatos","10":"first","11":"instock","12":"taxable","13":"shipping-taxable","14":"purchasable","15":"product-type-simple"},"jetpack_sharing_enabled":true,"_links":{"self":[{"href":"https:\/\/familycancat.com\/en\/wp-json\/wp\/v2\/product\/7817","targetHints":{"allow":["GET"]}}],"collection":[{"href":"https:\/\/familycancat.com\/en\/wp-json\/wp\/v2\/product"}],"about":[{"href":"https:\/\/familycancat.com\/en\/wp-json\/wp\/v2\/types\/product"}],"version-history":[{"count":1,"href":"https:\/\/familycancat.com\/en\/wp-json\/wp\/v2\/product\/7817\/revisions"}],"predecessor-version":[{"id":7819,"href":"https:\/\/familycancat.com\/en\/wp-json\/wp\/v2\/product\/7817\/revisions\/7819"}],"wp:featuredmedia":[{"embeddable":true,"href":"https:\/\/familycancat.com\/en\/wp-json\/wp\/v2\/media\/7818"}],"wp:attachment":[{"href":"https:\/\/familycancat.com\/en\/wp-json\/wp\/v2\/media?parent=7817"}],"wp:term":[{"taxonomy":"brand","embeddable":true,"href":"https:\/\/familycancat.com\/en\/wp-json\/wp\/v2\/etheme_brands?post=7817"},{"taxonomy":"product_cat","embeddable":true,"href":"https:\/\/familycancat.com\/en\/wp-json\/wp\/v2\/product_cat?post=7817"},{"taxonomy":"product_tag","embeddable":true,"href":"https:\/\/familycancat.com\/en\/wp-json\/wp\/v2\/product_tag?post=7817"}],"curies":[{"name":"wp","href":"https:\/\/api.w.org\/{rel}","templated":true}]}}