{"id":7814,"date":"2025-02-10T13:48:30","date_gmt":"2025-02-10T12:48:30","guid":{"rendered":"https:\/\/familycancat.com\/?post_type=product&#038;p=7814"},"modified":"2026-04-17T18:32:24","modified_gmt":"2026-04-17T17:32:24","slug":"cats-love-sobre-puro-vacuno-85g-gato","status":"publish","type":"product","link":"https:\/\/familycancat.com\/en\/product\/cats-love-sobre-puro-vacuno-85g-gato\/","title":{"rendered":"Cats Love Sobre Puro Vacuno 85g"},"content":{"rendered":"<h2>Alimento H\u00famedo Cats Love Puro Vacuno para Gatos<\/h2>\n<p>El alimento h\u00famedo Cats Love Puro Vacuno est\u00e1 dise\u00f1ado para proporcionar una nutrici\u00f3n completa y deliciosa para gatos, utilizando los mejores cortes de carne de ternera. Esta receta monoproteica no solo satisface los paladares m\u00e1s exigentes sino que tambi\u00e9n ofrece beneficios nutricionales excepcionales, siendo una excelente opci\u00f3n para incentivar la hidrataci\u00f3n y apoyar una dieta balanceada.<\/p>\n<div class=\"product-subtitle\">Caracter\u00edsticas del producto:<\/div>\n<dl>\n<dt>Receta monoproteica con un 71% de carne de vacuno.<\/dt>\n<dt>Libre de cereales, gluten, lactosa, y az\u00facares a\u00f1adidos.<\/dt>\n<dt>Sin conservantes ni potenciadores del sabor artificiales.<\/dt>\n<dt>Enriquecido con aditivos saludables como manganeso, vitamina D y taurina.<\/dt>\n<\/dl>\n<div class=\"product-subtitle\">Beneficios para tu mascota:<\/div>\n<dl>\n<dt>Fomenta una hidrataci\u00f3n adecuada a trav\u00e9s de su contenido en caldo.<\/dt>\n<dt>Promueve un pelaje brillante y una piel saludable gracias a los \u00e1cidos grasos Omega 3 y 6.<\/dt>\n<dt>Apoya una dieta equilibrada con vitaminas y minerales esenciales.<\/dt>\n<dt>Ideal para gatos con alergias o intolerancias a otras carnes.<\/dt>\n<\/dl>\n<div class=\"product-subtitle\">Ingredientes:<\/div>\n<table>\n<tbody>\n<tr>\n<th>Ingrediente<\/th>\n<th>% del total<\/th>\n<\/tr>\n<tr>\n<td>Vacuno<\/td>\n<td>71%<\/td>\n<\/tr>\n<tr>\n<td>Broth<\/td>\n<td>27.7%<\/td>\n<\/tr>\n<tr>\n<td>Minerales<\/td>\n<td>1%<\/td>\n<\/tr>\n<tr>\n<td>Aceite de c\u00e1rtamo<\/td>\n<td>0.2%<\/td>\n<\/tr>\n<tr>\n<td>Diente de le\u00f3n<\/td>\n<td>0.1%<\/td>\n<\/tr>\n<\/tbody>\n<\/table>\n<div class=\"product-subtitle\">Aditivos nutricionales por kg:<\/div>\n<p>Vitamina D3 200 UI, cinc 25 mg, manganeso 1,4 mg, taurina 1.500 mg.<\/p>\n<div class=\"product-subtitle\">Componentes Anal\u00edticos:<\/div>\n<table>\n<tbody>\n<tr>\n<th>Componente<\/th>\n<th>% del total<\/th>\n<\/tr>\n<tr>\n<td>Prote\u00edna bruta<\/td>\n<td>11.2%<\/td>\n<\/tr>\n<tr>\n<td>Grasa bruta<\/td>\n<td>9%<\/td>\n<\/tr>\n<tr>\n<td>Ceniza bruta<\/td>\n<td>2.8%<\/td>\n<\/tr>\n<tr>\n<td>Fibra bruta<\/td>\n<td>0.4%<\/td>\n<\/tr>\n<tr>\n<td>Calcio<\/td>\n<td>0.29%<\/td>\n<\/tr>\n<tr>\n<td>F\u00f3sforo<\/td>\n<td>0.23%<\/td>\n<\/tr>\n<tr>\n<td>Omega 6<\/td>\n<td>0.4%<\/td>\n<\/tr>\n<tr>\n<td>Omega 3<\/td>\n<td>0.15%<\/td>\n<\/tr>\n<tr>\n<td>Humedad<\/td>\n<td>74%<\/td>\n<\/tr>\n<\/tbody>\n<\/table>\n<div class=\"product-subtitle\">Gu\u00eda de alimentaci\u00f3n diaria:<\/div>\n<p>Para gatos de 2-3 kg: 2 bolsitas, 4-5 kg: 3 bolsitas, 6-7 kg: 4 bolsitas.<\/p>","protected":false},"excerpt":{"rendered":"<p>El alimento h\u00famedo Cats Love Puro Ternera, con un 71% de carne de vacuno, ofrece una dieta completa y equilibrada para gatos.<br \/>\nSu receta monoproteica es perfecta para minimizar alergias e intolerancias.<br \/>\nLibre de cereales, gluten, lactosa, az\u00facares a\u00f1adidos, conservantes y potenciadores del sabor artificiales, con Omega 3 y 6<\/p>","protected":false},"featured_media":7815,"template":"","meta":[],"etheme_brands":[{"term_id":138,"name":"CAT LOVE","slug":"cat-love","term_group":0,"term_taxonomy_id":138,"taxonomy":"brand","description":"","parent":0,"count":31,"filter":"raw"}],"product_cat":[25,83],"product_tag":[],"class_list":{"0":"post-7814","1":"product","2":"type-product","3":"status-publish","4":"has-post-thumbnail","6":"brand-cat-love","7":"product_cat-gatos","8":"product_cat-comida-humeda-para-gatos","10":"first","11":"instock","12":"taxable","13":"shipping-taxable","14":"purchasable","15":"product-type-simple"},"jetpack_sharing_enabled":true,"_links":{"self":[{"href":"https:\/\/familycancat.com\/en\/wp-json\/wp\/v2\/product\/7814","targetHints":{"allow":["GET"]}}],"collection":[{"href":"https:\/\/familycancat.com\/en\/wp-json\/wp\/v2\/product"}],"about":[{"href":"https:\/\/familycancat.com\/en\/wp-json\/wp\/v2\/types\/product"}],"version-history":[{"count":2,"href":"https:\/\/familycancat.com\/en\/wp-json\/wp\/v2\/product\/7814\/revisions"}],"predecessor-version":[{"id":7820,"href":"https:\/\/familycancat.com\/en\/wp-json\/wp\/v2\/product\/7814\/revisions\/7820"}],"wp:featuredmedia":[{"embeddable":true,"href":"https:\/\/familycancat.com\/en\/wp-json\/wp\/v2\/media\/7815"}],"wp:attachment":[{"href":"https:\/\/familycancat.com\/en\/wp-json\/wp\/v2\/media?parent=7814"}],"wp:term":[{"taxonomy":"brand","embeddable":true,"href":"https:\/\/familycancat.com\/en\/wp-json\/wp\/v2\/etheme_brands?post=7814"},{"taxonomy":"product_cat","embeddable":true,"href":"https:\/\/familycancat.com\/en\/wp-json\/wp\/v2\/product_cat?post=7814"},{"taxonomy":"product_tag","embeddable":true,"href":"https:\/\/familycancat.com\/en\/wp-json\/wp\/v2\/product_tag?post=7814"}],"curies":[{"name":"wp","href":"https:\/\/api.w.org\/{rel}","templated":true}]}}