{"id":7802,"date":"2025-02-06T19:54:00","date_gmt":"2025-02-06T18:54:00","guid":{"rendered":"https:\/\/familycancat.com\/?post_type=product&#038;p=7802"},"modified":"2026-02-21T12:35:02","modified_gmt":"2026-02-21T11:35:02","slug":"dibaq-sense-cat-esterilizado-cerdo-iberico-70-gr","status":"publish","type":"product","link":"https:\/\/familycancat.com\/en\/product\/dibaq-sense-cat-esterilizado-cerdo-iberico-70-gr\/","title":{"rendered":"Dibaq Sense Cat Esterilizado Cerdo Ib\u00e9rico 70 Gr"},"content":{"rendered":"<p>Dibaq Sense Cat Latita de Cerdo Ib\u00e9rico y aceitunas para gatos adultos y esterilizados es una deliciosa receta grain free elaborada con carnes frescas de cerdo ib\u00e9rico, aceitunas y taurina, un amino\u00e1cido esencial para el correcto funcionamiento de los gatos.<\/p>\n<p>Textura Fillets.<\/p>\n<p>Dibaq Sense Cat Latas es una exclusiva gama hipoalerg\u00e9nica con ingredientes 100% Natural con hasta un 60% de carnes frescas (salm\u00f3n, at\u00fan, pollo, pato, jabal\u00ed\u2026), frutas y verduras frescas (zanahoria, manzana, papaya, calabaza, patatas, ar\u00e1ndanos) extracto de yuca para neutralizar olores y prebi\u00f3ticos para mejorar su digesti\u00f3n.<\/p>\n<p>Adem\u00e1s, las latitas Dibaq Sense Cat est\u00e1n elaboradas en textura Fillets, mucho m\u00e1s atractivo al paladar de los gatos ya que les permite mordisquear los trocitos desmigajados.<\/p>\n<p>Todos los ingredientes son en origen aptos para el consumo humano y de primera calidad.<\/p>\n<p>Adem\u00e1s, intentamos que los ingredientes sean de proximidad para reducir la huella de carbono.<\/p>\n<p>Una completa gama de alimentos completos para gatos.<\/p>\n<p>Recetas Grain Free con carnes frescas.<\/p>\n<p>Todas elaboradas sin cereales para prevenir alergias o intolerancias.<\/p>\n<p>Adem\u00e1s, podemos completar el men\u00fa de latitas mezcl\u00e1ndolas con las deliciosas croquetas Grain free.<\/p>\n<p>La aut\u00e9ntica experiencia hol\u00edstica y 100% Natural que disfrutar\u00e1n con los 5 sentidos.<\/p>\n<p><strong>Composici\u00f3n<\/strong><\/p>\n<p>Cerdo 55%* (Del cual cerdo ib\u00e9rico 45%), aceitunas 4%*, sustancias minerales. *Ingredientes naturales.<\/p>\n<p><strong>Componentes anal\u00edticos<\/strong><\/p>\n<p>Prote\u00edna bruta 9,1%, Grasa bruta 3%, Fibra bruta 1%, Materia inorg\u00e1nica 1,8%, Humedad 84,5%. Energ\u00eda metabolizable 640 kcal\/kg.<\/p>\n<p><strong>Aditivos<\/strong><\/p>\n<p>Aditivos nutricionales\/kg: Amino\u00e1cidos: Taurina 120 mg.<\/p>","protected":false},"excerpt":{"rendered":"<p>Alimento complementario hipoalerg\u00e9nico para gatos esterilizados elaborado con carnes frescas de cerdo ib\u00e9rico y aceitunas.<\/p>","protected":false},"featured_media":7803,"template":"","meta":[],"etheme_brands":[{"term_id":98,"name":"DIBAQ","slug":"dibaq","term_group":0,"term_taxonomy_id":98,"taxonomy":"brand","description":"","parent":0,"count":26,"filter":"raw"}],"product_cat":[96,25,83],"product_tag":[],"class_list":{"0":"post-7802","1":"product","2":"type-product","3":"status-publish","4":"has-post-thumbnail","6":"brand-dibaq","7":"product_cat-todos-los-productos","8":"product_cat-gatos","9":"product_cat-comida-humeda-para-gatos","11":"first","12":"instock","13":"taxable","14":"shipping-taxable","15":"purchasable","16":"product-type-simple"},"jetpack_sharing_enabled":true,"_links":{"self":[{"href":"https:\/\/familycancat.com\/en\/wp-json\/wp\/v2\/product\/7802","targetHints":{"allow":["GET"]}}],"collection":[{"href":"https:\/\/familycancat.com\/en\/wp-json\/wp\/v2\/product"}],"about":[{"href":"https:\/\/familycancat.com\/en\/wp-json\/wp\/v2\/types\/product"}],"version-history":[{"count":2,"href":"https:\/\/familycancat.com\/en\/wp-json\/wp\/v2\/product\/7802\/revisions"}],"predecessor-version":[{"id":7805,"href":"https:\/\/familycancat.com\/en\/wp-json\/wp\/v2\/product\/7802\/revisions\/7805"}],"wp:featuredmedia":[{"embeddable":true,"href":"https:\/\/familycancat.com\/en\/wp-json\/wp\/v2\/media\/7803"}],"wp:attachment":[{"href":"https:\/\/familycancat.com\/en\/wp-json\/wp\/v2\/media?parent=7802"}],"wp:term":[{"taxonomy":"brand","embeddable":true,"href":"https:\/\/familycancat.com\/en\/wp-json\/wp\/v2\/etheme_brands?post=7802"},{"taxonomy":"product_cat","embeddable":true,"href":"https:\/\/familycancat.com\/en\/wp-json\/wp\/v2\/product_cat?post=7802"},{"taxonomy":"product_tag","embeddable":true,"href":"https:\/\/familycancat.com\/en\/wp-json\/wp\/v2\/product_tag?post=7802"}],"curies":[{"name":"wp","href":"https:\/\/api.w.org\/{rel}","templated":true}]}}