{"id":7799,"date":"2025-02-06T19:08:54","date_gmt":"2025-02-06T18:08:54","guid":{"rendered":"https:\/\/familycancat.com\/?post_type=product&#038;p=7799"},"modified":"2026-03-16T13:06:22","modified_gmt":"2026-03-16T12:06:22","slug":"dibaq-sense-cat-kitten-pollo-con-manzana-70-gr","status":"publish","type":"product","link":"https:\/\/familycancat.com\/en\/product\/dibaq-sense-cat-kitten-pollo-con-manzana-70-gr\/","title":{"rendered":"Dibaq Sense Cat Kitten Pollo con Manzana 70 Gr"},"content":{"rendered":"<p>Lata para gatitos cocinada con carne fresca de pollo y manzana. Pensada para los gatitos ya que est\u00e1 elaborada con taurina, un amino\u00e1cido esencial para el correcto crecimiento y desarrollo de los gatitos en sus primeros meses de vida.<\/p>\n<p>Dibaq Sense es una gama hipoalerg\u00e9nica de alimentos elaborados sin cereales con carnes frescas, frutas y verduras frescas.<\/p>\n<p>Esta lata para gatitos es hipoalerg\u00e9nica y no tiene gluten, elaborada con pollo, manzana y minerales. Siendo adem\u00e1s una referencia monoproteica para prevenir alergias o intolerancias a otras carnes o productos con varias prote\u00ednas diferentes.<\/p>\n<p><strong>Composici\u00f3n<\/strong><\/p>\n<p>Pollo 55%*, manzana 4%*, sustancias minerales. *Ingredientes naturales.<\/p>\n<p><strong>Componentes anal\u00edticos<\/strong><\/p>\n<p>Prote\u00edna bruta 8,8%, Grasa bruta 7,4%, Fibra bruta 0,9%, Materia inorg\u00e1nica 1,9%, Humedad 80,2%. Energ\u00eda metabolizable 1.001 kcal\/kg.<\/p>\n<p><strong>Aditivos<\/strong><\/p>\n<p>Aditivos nutricionales\/kg: Amino\u00e1cidos: Taurina 28 mg.<\/p>","protected":false},"excerpt":{"rendered":"<div id=\"product-description-short-9676\" class=\"product-description\">\n<p>Alimento complementario para gatitos monoproteico de pollo con manzana sin cereales<\/p>\n<\/div>\n<div id=\"product-additional-info\">\n<div class=\"product-additional-info\">\n<div class=\"social-sharing\"><\/div>\n<\/div>\n<\/div>","protected":false},"featured_media":7800,"template":"","meta":[],"etheme_brands":[{"term_id":98,"name":"DIBAQ","slug":"dibaq","term_group":0,"term_taxonomy_id":98,"taxonomy":"brand","description":"","parent":0,"count":26,"filter":"raw"}],"product_cat":[96],"product_tag":[],"class_list":{"0":"post-7799","1":"product","2":"type-product","3":"status-publish","4":"has-post-thumbnail","6":"brand-dibaq","7":"product_cat-todos-los-productos","9":"first","10":"instock","11":"taxable","12":"shipping-taxable","13":"purchasable","14":"product-type-simple"},"jetpack_sharing_enabled":true,"_links":{"self":[{"href":"https:\/\/familycancat.com\/en\/wp-json\/wp\/v2\/product\/7799","targetHints":{"allow":["GET"]}}],"collection":[{"href":"https:\/\/familycancat.com\/en\/wp-json\/wp\/v2\/product"}],"about":[{"href":"https:\/\/familycancat.com\/en\/wp-json\/wp\/v2\/types\/product"}],"version-history":[{"count":1,"href":"https:\/\/familycancat.com\/en\/wp-json\/wp\/v2\/product\/7799\/revisions"}],"predecessor-version":[{"id":7801,"href":"https:\/\/familycancat.com\/en\/wp-json\/wp\/v2\/product\/7799\/revisions\/7801"}],"wp:featuredmedia":[{"embeddable":true,"href":"https:\/\/familycancat.com\/en\/wp-json\/wp\/v2\/media\/7800"}],"wp:attachment":[{"href":"https:\/\/familycancat.com\/en\/wp-json\/wp\/v2\/media?parent=7799"}],"wp:term":[{"taxonomy":"brand","embeddable":true,"href":"https:\/\/familycancat.com\/en\/wp-json\/wp\/v2\/etheme_brands?post=7799"},{"taxonomy":"product_cat","embeddable":true,"href":"https:\/\/familycancat.com\/en\/wp-json\/wp\/v2\/product_cat?post=7799"},{"taxonomy":"product_tag","embeddable":true,"href":"https:\/\/familycancat.com\/en\/wp-json\/wp\/v2\/product_tag?post=7799"}],"curies":[{"name":"wp","href":"https:\/\/api.w.org\/{rel}","templated":true}]}}