{"id":7796,"date":"2025-02-06T14:00:17","date_gmt":"2025-02-06T13:00:17","guid":{"rendered":"https:\/\/familycancat.com\/?post_type=product&#038;p=7796"},"modified":"2026-02-24T18:16:52","modified_gmt":"2026-02-24T17:16:52","slug":"dibaq-sense-cat-atun-con-jabali-70-gr","status":"publish","type":"product","link":"https:\/\/familycancat.com\/en\/product\/dibaq-sense-cat-atun-con-jabali-70-gr\/","title":{"rendered":"Dibaq Sense Cat At\u00fan con Jabal\u00ed 70 GR"},"content":{"rendered":"<p><strong>COMPOSICI\u00d3N:<\/strong>\u00a0At\u00fan 50%*, jabal\u00ed 4%*, ar\u00e1ndanos 4%*, aceite de salm\u00f3n, prebi\u00f3ticos 0,2 g\/kg y extracto de yuca 65mg\/kg. *Ingredientes naturales. \u00b7<\/p>\n<p><strong>COMPONENTES ANAL\u00cdTICOS<\/strong>: Prote\u00edna bruta 15,2%, Grasa bruta 2,2%, Fibra bruta 0,4%, Materia inorg\u00e1nica 1,5%, Humedad 77,8%. Omega 3 0,27 %, Omega 6 0,42 %. Energ\u00eda metabolizable 775 kcal\/kg. \u00b7<\/p>\n<p><strong>ADITIVOS:<\/strong>\u00a0Aditivos nutricionales\/kg: Taurina700 mg.<\/p>\n<p><strong>MODO DE EMPLEO<\/strong>: Conservar en un lugar fresco y seco a no m\u00e1s de 25\u00baC. Servir a temperatura ambiente. Una vez abierto, conservar en el frigor\u00edfico y consumir en 48 horas. Utilizar como complemento de la alimentaci\u00f3n de otro alimento. N\u00ba de registro\/lote\/fecha de consumo preferente se encuentra en la parte inferior de la lata.<\/p>","protected":false},"excerpt":{"rendered":"<p>Alimento complementario hipoalerg\u00e9nico para gatos adultos<\/p>","protected":false},"featured_media":7797,"template":"","meta":[],"etheme_brands":[{"term_id":98,"name":"DIBAQ","slug":"dibaq","term_group":0,"term_taxonomy_id":98,"taxonomy":"brand","description":"","parent":0,"count":26,"filter":"raw"}],"product_cat":[96,25,83],"product_tag":[],"class_list":{"0":"post-7796","1":"product","2":"type-product","3":"status-publish","4":"has-post-thumbnail","6":"brand-dibaq","7":"product_cat-todos-los-productos","8":"product_cat-gatos","9":"product_cat-comida-humeda-para-gatos","11":"first","12":"instock","13":"taxable","14":"shipping-taxable","15":"purchasable","16":"product-type-simple"},"jetpack_sharing_enabled":true,"_links":{"self":[{"href":"https:\/\/familycancat.com\/en\/wp-json\/wp\/v2\/product\/7796","targetHints":{"allow":["GET"]}}],"collection":[{"href":"https:\/\/familycancat.com\/en\/wp-json\/wp\/v2\/product"}],"about":[{"href":"https:\/\/familycancat.com\/en\/wp-json\/wp\/v2\/types\/product"}],"version-history":[{"count":1,"href":"https:\/\/familycancat.com\/en\/wp-json\/wp\/v2\/product\/7796\/revisions"}],"predecessor-version":[{"id":7798,"href":"https:\/\/familycancat.com\/en\/wp-json\/wp\/v2\/product\/7796\/revisions\/7798"}],"wp:featuredmedia":[{"embeddable":true,"href":"https:\/\/familycancat.com\/en\/wp-json\/wp\/v2\/media\/7797"}],"wp:attachment":[{"href":"https:\/\/familycancat.com\/en\/wp-json\/wp\/v2\/media?parent=7796"}],"wp:term":[{"taxonomy":"brand","embeddable":true,"href":"https:\/\/familycancat.com\/en\/wp-json\/wp\/v2\/etheme_brands?post=7796"},{"taxonomy":"product_cat","embeddable":true,"href":"https:\/\/familycancat.com\/en\/wp-json\/wp\/v2\/product_cat?post=7796"},{"taxonomy":"product_tag","embeddable":true,"href":"https:\/\/familycancat.com\/en\/wp-json\/wp\/v2\/product_tag?post=7796"}],"curies":[{"name":"wp","href":"https:\/\/api.w.org\/{rel}","templated":true}]}}