{"id":7789,"date":"2025-02-06T13:44:31","date_gmt":"2025-02-06T12:44:31","guid":{"rendered":"https:\/\/familycancat.com\/?post_type=product&#038;p=7789"},"modified":"2026-04-06T12:14:13","modified_gmt":"2026-04-06T11:14:13","slug":"dibaq-sense-cat-atun-con-conejo-70-gr","status":"publish","type":"product","link":"https:\/\/familycancat.com\/en\/product\/dibaq-sense-cat-atun-con-conejo-70-gr\/","title":{"rendered":"Dibaq Sense Cat At\u00fan con Conejo 70 GR"},"content":{"rendered":"<p><strong>COMPOSICI\u00d3N<\/strong>: At\u00fan 50%*, conejo 4%*, calabaza 2%*, aceite de salm\u00f3n, prebi\u00f3ticos 0,2 g\/kg y extracto de yuca 65mg\/kg. *Ingredientes naturales. \u00b7<\/p>\n<p><strong>COMPONENTES ANAL\u00cdTICOS:<\/strong>\u00a0Prote\u00edna bruta 15%, Grasa bruta 1,1%, Fibra bruta 0,4%, Materia inorg\u00e1nica 1,6%, Humedad 80,4%. Omega 3 0,22%, Omega 6 0,20%. Energ\u00eda metabolizable 775 kcal\/kg. \u00b7<\/p>\n<p><strong>ADITIVOS<\/strong>: Aditivos nutricionales\/kg: Taurina700 mg.<\/p>\n<p><strong>MODO DE EMPLEO<\/strong>: Conservar en un lugar fresco y seco a no m\u00e1s de 25\u00baC. Servir a temperatura ambiente. Una vez abierto, conservar en el frigor\u00edfico y consumir en 48 horas. Utilizar como complemento de la alimentaci\u00f3n de otro alimento. N\u00ba de registro\/lote\/fecha de consumo preferente se encuentra en la parte inferior de la lata.<\/p>","protected":false},"excerpt":{"rendered":"<p>Alimento complementario hipoalerg\u00e9nico para gatos adultos<\/p>","protected":false},"featured_media":7791,"template":"","meta":[],"etheme_brands":[{"term_id":127,"name":"SENSE","slug":"sense","term_group":0,"term_taxonomy_id":127,"taxonomy":"brand","description":"","parent":0,"count":20,"filter":"raw"}],"product_cat":[96,25,83],"product_tag":[],"class_list":{"0":"post-7789","1":"product","2":"type-product","3":"status-publish","4":"has-post-thumbnail","6":"brand-sense","7":"product_cat-todos-los-productos","8":"product_cat-gatos","9":"product_cat-comida-humeda-para-gatos","11":"first","12":"instock","13":"taxable","14":"shipping-taxable","15":"purchasable","16":"product-type-simple"},"jetpack_sharing_enabled":true,"_links":{"self":[{"href":"https:\/\/familycancat.com\/en\/wp-json\/wp\/v2\/product\/7789","targetHints":{"allow":["GET"]}}],"collection":[{"href":"https:\/\/familycancat.com\/en\/wp-json\/wp\/v2\/product"}],"about":[{"href":"https:\/\/familycancat.com\/en\/wp-json\/wp\/v2\/types\/product"}],"version-history":[{"count":1,"href":"https:\/\/familycancat.com\/en\/wp-json\/wp\/v2\/product\/7789\/revisions"}],"predecessor-version":[{"id":7792,"href":"https:\/\/familycancat.com\/en\/wp-json\/wp\/v2\/product\/7789\/revisions\/7792"}],"wp:featuredmedia":[{"embeddable":true,"href":"https:\/\/familycancat.com\/en\/wp-json\/wp\/v2\/media\/7791"}],"wp:attachment":[{"href":"https:\/\/familycancat.com\/en\/wp-json\/wp\/v2\/media?parent=7789"}],"wp:term":[{"taxonomy":"brand","embeddable":true,"href":"https:\/\/familycancat.com\/en\/wp-json\/wp\/v2\/etheme_brands?post=7789"},{"taxonomy":"product_cat","embeddable":true,"href":"https:\/\/familycancat.com\/en\/wp-json\/wp\/v2\/product_cat?post=7789"},{"taxonomy":"product_tag","embeddable":true,"href":"https:\/\/familycancat.com\/en\/wp-json\/wp\/v2\/product_tag?post=7789"}],"curies":[{"name":"wp","href":"https:\/\/api.w.org\/{rel}","templated":true}]}}