{"id":7780,"date":"2025-02-05T18:01:54","date_gmt":"2025-02-05T17:01:54","guid":{"rendered":"https:\/\/familycancat.com\/?post_type=product&#038;p=7780"},"modified":"2026-03-27T20:31:35","modified_gmt":"2026-03-27T19:31:35","slug":"farmina-nd-cat-quinoa-skin-coat-codorniz-70-gr","status":"publish","type":"product","link":"https:\/\/familycancat.com\/en\/product\/farmina-nd-cat-quinoa-skin-coat-codorniz-70-gr\/","title":{"rendered":"Farmina ND Cat Quinoa Skin &#038; Coat Codorniz 70 Gr"},"content":{"rendered":"<p><span class=\"titoletto\">COMPOSICI\u00d3N<\/span><\/p>\n<p class=\"comp\">Filete de codorniz (65%), semillas de quinoa (5%), aceite de pescado, coco (2%), fructooligosac\u00e1ridos, cloruro de colina, c\u00farcuma, sulfato de condroitina, glucosamina, vitaminas, minerales. Fuentes de prote\u00edna: filete de codorniz. Fuentes de carbohidratos: semillas de quinoa.<\/p>","protected":false},"excerpt":{"rendered":"<p>Alimento completo para gatos adultos.<br \/>\nN&amp;D Quinoa Skin &amp; Coat es un alimento diet\u00e9tico completo para gatos, sugerido para la reducci\u00f3n de intolerancias de ingredientes y nutrientes.<\/p>","protected":false},"featured_media":7781,"template":"","meta":[],"etheme_brands":[{"term_id":99,"name":"FARMINA","slug":"farmina","term_group":0,"term_taxonomy_id":99,"taxonomy":"brand","description":"","parent":0,"count":127,"filter":"raw"}],"product_cat":[96,25,83],"product_tag":[],"class_list":{"0":"post-7780","1":"product","2":"type-product","3":"status-publish","4":"has-post-thumbnail","6":"brand-farmina","7":"product_cat-todos-los-productos","8":"product_cat-gatos","9":"product_cat-comida-humeda-para-gatos","11":"first","12":"instock","13":"featured","14":"taxable","15":"shipping-taxable","16":"purchasable","17":"product-type-simple"},"jetpack_sharing_enabled":true,"_links":{"self":[{"href":"https:\/\/familycancat.com\/en\/wp-json\/wp\/v2\/product\/7780","targetHints":{"allow":["GET"]}}],"collection":[{"href":"https:\/\/familycancat.com\/en\/wp-json\/wp\/v2\/product"}],"about":[{"href":"https:\/\/familycancat.com\/en\/wp-json\/wp\/v2\/types\/product"}],"version-history":[{"count":1,"href":"https:\/\/familycancat.com\/en\/wp-json\/wp\/v2\/product\/7780\/revisions"}],"predecessor-version":[{"id":7782,"href":"https:\/\/familycancat.com\/en\/wp-json\/wp\/v2\/product\/7780\/revisions\/7782"}],"wp:featuredmedia":[{"embeddable":true,"href":"https:\/\/familycancat.com\/en\/wp-json\/wp\/v2\/media\/7781"}],"wp:attachment":[{"href":"https:\/\/familycancat.com\/en\/wp-json\/wp\/v2\/media?parent=7780"}],"wp:term":[{"taxonomy":"brand","embeddable":true,"href":"https:\/\/familycancat.com\/en\/wp-json\/wp\/v2\/etheme_brands?post=7780"},{"taxonomy":"product_cat","embeddable":true,"href":"https:\/\/familycancat.com\/en\/wp-json\/wp\/v2\/product_cat?post=7780"},{"taxonomy":"product_tag","embeddable":true,"href":"https:\/\/familycancat.com\/en\/wp-json\/wp\/v2\/product_tag?post=7780"}],"curies":[{"name":"wp","href":"https:\/\/api.w.org\/{rel}","templated":true}]}}